{"id":5164,"date":"2023-03-01T13:18:27","date_gmt":"2023-03-01T12:18:27","guid":{"rendered":"https:\/\/annapimenta.pl\/?post_type=product&#038;p=5164"},"modified":"2026-01-13T16:10:37","modified_gmt":"2026-01-13T15:10:37","slug":"romantic-dinner-krakow","status":"publish","type":"product","link":"https:\/\/annapimenta.pl\/en\/product\/romantic-dinner-krakow\/","title":{"rendered":"&#8222;15 Best Restaurants to Celebrate Your Engagement in Cracow&#8221;"},"content":{"rendered":"<p>My e-book <em>15 Best Restaurants to Celebrate an Engagement in Krakow<\/em> is an easy-to-use guide with a list of my 15 favourite restaurants for a romantic dinner in Krakow, plus 5 great places for breakfast\u2014<strong>a total of 20 most interesting places in town<\/strong> to choose from.<\/p>\n<p>My recommendations are suggestions for every budget\u2014the e-book includes both luxurious restaurants as well as more casual ones. All the restaurants I have described are a guarantee of a lovely evening, accompanied by professional service and delicious food. I love eating out, and I know Krakow like the back of my hand. I want to help you make the best choice! :)<\/p>\n<h2><strong>6 reasons why you also should get hold of my e-book:<\/strong><\/h2>\n<p>1. <strong>It\u2019s tried and tested!<\/strong> Since 2017, I have been recommending restaurants for an engagement dinner in Krakow to my clients and everyone, especially fianc\u00e9es, return from them happy and satisfied!<\/p>\n<p>2. <strong>The solution is handed to you on a plate.<\/strong> You can spend a few hours looking for restaurants on your own and reading reviews online. But just think about it: are TripAdvisor reviews worth anything, since most of them come from tourists who visit the restaurant only once? As a local foodie, I regularly visit all the places on my list, so I am sure of their quality.<\/p>\n<p>3. <strong>I am sharing many valuable tips straight from a local<\/strong>, such as: which specific table I recommend you book, when you can enjoy your dinner with live music, which specific dish is worth trying from the menu, where you will find the best deal for a fine dining meal, and many more.<\/p>\n<p>4. <strong>It will come in handy during your entire stay in Cracow<\/strong>! I have prepared a list of restaurants for every budget, so you will definitely be able to take your fianc\u00e9e to more than one recommended place. Surprise your loved one with a well-done research!<\/p>\n<p>5. <strong>You can afford it<\/strong>. Just for the value of one restaurant tip (!) you will be certain that you are making the right choice because recommendations from a local foodie are worth their weight in gold!<\/p>\n<p>6. In addition to 15 recommended restaurants to celebrate a proposal (or to propose!) in Krakow, I am also sharing with you <strong>five amazing spots for a delicious breakfast<\/strong>!<\/p>\n<p>The e-book is in a digital version, in PDF format (you can open it on your smartphone, tablet or computer). Immediately after making payment, you will receive an e-mail with a link to download the e-book to the device of your choice.<\/p>\n<p>More details about this e-book and frequently asked questions (FAQ) can be found in this article: <span style=\"text-decoration: underline;\">&#8222;<a href=\"https:\/\/annapimenta.pl\/en\/best-romantic-restaurants-krakow-proposal-dinner\/\" target=\"_blank\" rel=\"noopener\">15 Best Romantic Restaurants in Krakow<\/a><\/span>&#8222;.<\/p>","protected":false},"excerpt":{"rendered":"<p>The absolute best Cracow restaurants to celebrate an engagement (or to propose over dinner!) plus 5 great places for a delish breakfast. :)<\/p>","protected":false},"featured_media":5174,"template":"","meta":{"_monsterinsights_skip_tracking":false,"_monsterinsights_sitenote_active":false,"_monsterinsights_sitenote_note":"","_monsterinsights_sitenote_category":0},"product_cat":[264],"product_tag":[],"class_list":["post-5164","product","type-product","status-publish","has-post-thumbnail","hentry","product_cat-e-booki"],"yoast_head":"<!-- This site is optimized with the Yoast SEO plugin v20.4 - https:\/\/yoast.com\/wordpress\/plugins\/seo\/ -->\n<title>&quot;15 Best Restaurants to Celebrate Your Engagement in Cracow&quot; &mdash; Anna Pimenta Photography | Fotograf Krak\u00f3w<\/title>\n<meta name=\"robots\" content=\"index, follow, max-snippet:-1, max-image-preview:large, max-video-preview:-1\" \/>\n<link rel=\"canonical\" href=\"https:\/\/annapimenta.pl\/en\/product\/romantic-dinner-krakow\/\" \/>\n<meta property=\"og:locale\" content=\"en_US\" \/>\n<meta property=\"og:type\" content=\"article\" \/>\n<meta property=\"og:title\" content=\"&quot;15 Best Restaurants to Celebrate Your Engagement in Cracow&quot; &mdash; Anna Pimenta Photography | Fotograf Krak\u00f3w\" \/>\n<meta property=\"og:description\" content=\"The absolute best Cracow restaurants to celebrate an engagement (or to propose over dinner!) plus 5 great places for a delish breakfast. :)\" \/>\n<meta property=\"og:url\" content=\"https:\/\/annapimenta.pl\/en\/product\/romantic-dinner-krakow\/\" \/>\n<meta property=\"og:site_name\" content=\"Anna Pimenta Photography | Fotograf Krak\u00f3w\" \/>\n<meta property=\"article:publisher\" content=\"https:\/\/www.facebook.com\/AnnaPimentaPhotography\/\" \/>\n<meta property=\"article:modified_time\" content=\"2026-01-13T15:10:37+00:00\" \/>\n<meta property=\"og:image\" content=\"https:\/\/annapimenta.pl\/wp-content\/uploads\/2023\/03\/romantic-dinner-krakow.jpg\" \/>\n\t<meta property=\"og:image:width\" content=\"1000\" \/>\n\t<meta property=\"og:image:height\" content=\"1293\" \/>\n\t<meta property=\"og:image:type\" content=\"image\/jpeg\" \/>\n<meta name=\"twitter:card\" content=\"summary_large_image\" \/>\n<meta name=\"twitter:label1\" content=\"Est. reading time\" \/>\n\t<meta name=\"twitter:data1\" content=\"2 minutes\" \/>\n<script type=\"application\/ld+json\" class=\"yoast-schema-graph\">{\"@context\":\"https:\/\/schema.org\",\"@graph\":[{\"@type\":\"WebPage\",\"@id\":\"https:\/\/annapimenta.pl\/product\/romantic-dinner-krakow\/\",\"url\":\"https:\/\/annapimenta.pl\/product\/romantic-dinner-krakow\/\",\"name\":\"\\\"15 Best Restaurants to Celebrate Your Engagement in Cracow\\\" &mdash; Anna Pimenta Photography | Fotograf Krak\u00f3w\",\"isPartOf\":{\"@id\":\"https:\/\/annapimenta.pl\/#website\"},\"datePublished\":\"2023-03-01T12:18:27+00:00\",\"dateModified\":\"2026-01-13T15:10:37+00:00\",\"breadcrumb\":{\"@id\":\"https:\/\/annapimenta.pl\/product\/romantic-dinner-krakow\/#breadcrumb\"},\"inLanguage\":\"en-US\",\"potentialAction\":[{\"@type\":\"ReadAction\",\"target\":[\"https:\/\/annapimenta.pl\/product\/romantic-dinner-krakow\/\"]}]},{\"@type\":\"BreadcrumbList\",\"@id\":\"https:\/\/annapimenta.pl\/product\/romantic-dinner-krakow\/#breadcrumb\",\"itemListElement\":[{\"@type\":\"ListItem\",\"position\":1,\"name\":\"Strona g\u0142\u00f3wna\",\"item\":\"https:\/\/annapimenta.pl\/\"},{\"@type\":\"ListItem\",\"position\":2,\"name\":\"Sklep\",\"item\":\"https:\/\/annapimenta.pl\/sklep\/\"},{\"@type\":\"ListItem\",\"position\":3,\"name\":\"&#8220;15 Best Restaurants to Celebrate Your Engagement in Cracow&#8221;\"}]},{\"@type\":\"WebSite\",\"@id\":\"https:\/\/annapimenta.pl\/#website\",\"url\":\"https:\/\/annapimenta.pl\/\",\"name\":\"Anna Pimenta Photography | Fotograf Krak\u00f3w\",\"description\":\"Fotograf Krak\u00f3w, fotograf na o\u015bwiadczyny, \u015blub plenerowy, \u015blub w plenerze, sesja narzecze\u0144ska, sesja ci\u0105\u017cowa\",\"publisher\":{\"@id\":\"https:\/\/annapimenta.pl\/#organization\"},\"potentialAction\":[{\"@type\":\"SearchAction\",\"target\":{\"@type\":\"EntryPoint\",\"urlTemplate\":\"https:\/\/annapimenta.pl\/?s={search_term_string}\"},\"query-input\":\"required name=search_term_string\"}],\"inLanguage\":\"en-US\"},{\"@type\":\"Organization\",\"@id\":\"https:\/\/annapimenta.pl\/#organization\",\"name\":\"Anna Pimenta Photography | Fotograf Krak\u00f3w\",\"url\":\"https:\/\/annapimenta.pl\/\",\"logo\":{\"@type\":\"ImageObject\",\"inLanguage\":\"en-US\",\"@id\":\"https:\/\/annapimenta.pl\/#\/schema\/logo\/image\/\",\"url\":\"https:\/\/annapimenta.pl\/wp-content\/uploads\/2017\/05\/Anna-Pimenta-Photography-Logo-Colour-BIG-white-square.png\",\"contentUrl\":\"https:\/\/annapimenta.pl\/wp-content\/uploads\/2017\/05\/Anna-Pimenta-Photography-Logo-Colour-BIG-white-square.png\",\"width\":4115,\"height\":3215,\"caption\":\"Anna Pimenta Photography | Fotograf Krak\u00f3w\"},\"image\":{\"@id\":\"https:\/\/annapimenta.pl\/#\/schema\/logo\/image\/\"},\"sameAs\":[\"https:\/\/www.facebook.com\/AnnaPimentaPhotography\/\",\"https:\/\/www.instagram.com\/anna_pimenta_photography\/\"]}]}<\/script>\n<!-- \/ Yoast SEO plugin. -->","yoast_head_json":{"title":"\"15 Best Restaurants to Celebrate Your Engagement in Cracow\" &mdash; Anna Pimenta Photography | Fotograf Krak\u00f3w","robots":{"index":"index","follow":"follow","max-snippet":"max-snippet:-1","max-image-preview":"max-image-preview:large","max-video-preview":"max-video-preview:-1"},"canonical":"https:\/\/annapimenta.pl\/en\/product\/romantic-dinner-krakow\/","og_locale":"en_US","og_type":"article","og_title":"\"15 Best Restaurants to Celebrate Your Engagement in Cracow\" &mdash; Anna Pimenta Photography | Fotograf Krak\u00f3w","og_description":"The absolute best Cracow restaurants to celebrate an engagement (or to propose over dinner!) plus 5 great places for a delish breakfast. :)","og_url":"https:\/\/annapimenta.pl\/en\/product\/romantic-dinner-krakow\/","og_site_name":"Anna Pimenta Photography | Fotograf Krak\u00f3w","article_publisher":"https:\/\/www.facebook.com\/AnnaPimentaPhotography\/","article_modified_time":"2026-01-13T15:10:37+00:00","og_image":[{"width":1000,"height":1293,"url":"https:\/\/annapimenta.pl\/wp-content\/uploads\/2023\/03\/romantic-dinner-krakow.jpg","type":"image\/jpeg"}],"twitter_card":"summary_large_image","twitter_misc":{"Est. reading time":"2 minutes"},"schema":{"@context":"https:\/\/schema.org","@graph":[{"@type":"WebPage","@id":"https:\/\/annapimenta.pl\/product\/romantic-dinner-krakow\/","url":"https:\/\/annapimenta.pl\/product\/romantic-dinner-krakow\/","name":"\"15 Best Restaurants to Celebrate Your Engagement in Cracow\" &mdash; Anna Pimenta Photography | Fotograf Krak\u00f3w","isPartOf":{"@id":"https:\/\/annapimenta.pl\/#website"},"datePublished":"2023-03-01T12:18:27+00:00","dateModified":"2026-01-13T15:10:37+00:00","breadcrumb":{"@id":"https:\/\/annapimenta.pl\/product\/romantic-dinner-krakow\/#breadcrumb"},"inLanguage":"en-US","potentialAction":[{"@type":"ReadAction","target":["https:\/\/annapimenta.pl\/product\/romantic-dinner-krakow\/"]}]},{"@type":"BreadcrumbList","@id":"https:\/\/annapimenta.pl\/product\/romantic-dinner-krakow\/#breadcrumb","itemListElement":[{"@type":"ListItem","position":1,"name":"Strona g\u0142\u00f3wna","item":"https:\/\/annapimenta.pl\/"},{"@type":"ListItem","position":2,"name":"Sklep","item":"https:\/\/annapimenta.pl\/sklep\/"},{"@type":"ListItem","position":3,"name":"&#8220;15 Best Restaurants to Celebrate Your Engagement in Cracow&#8221;"}]},{"@type":"WebSite","@id":"https:\/\/annapimenta.pl\/#website","url":"https:\/\/annapimenta.pl\/","name":"Anna Pimenta Photography | Fotograf Krak\u00f3w","description":"Fotograf Krak\u00f3w, fotograf na o\u015bwiadczyny, \u015blub plenerowy, \u015blub w plenerze, sesja narzecze\u0144ska, sesja ci\u0105\u017cowa","publisher":{"@id":"https:\/\/annapimenta.pl\/#organization"},"potentialAction":[{"@type":"SearchAction","target":{"@type":"EntryPoint","urlTemplate":"https:\/\/annapimenta.pl\/?s={search_term_string}"},"query-input":"required name=search_term_string"}],"inLanguage":"en-US"},{"@type":"Organization","@id":"https:\/\/annapimenta.pl\/#organization","name":"Anna Pimenta Photography | Fotograf Krak\u00f3w","url":"https:\/\/annapimenta.pl\/","logo":{"@type":"ImageObject","inLanguage":"en-US","@id":"https:\/\/annapimenta.pl\/#\/schema\/logo\/image\/","url":"https:\/\/annapimenta.pl\/wp-content\/uploads\/2017\/05\/Anna-Pimenta-Photography-Logo-Colour-BIG-white-square.png","contentUrl":"https:\/\/annapimenta.pl\/wp-content\/uploads\/2017\/05\/Anna-Pimenta-Photography-Logo-Colour-BIG-white-square.png","width":4115,"height":3215,"caption":"Anna Pimenta Photography | Fotograf Krak\u00f3w"},"image":{"@id":"https:\/\/annapimenta.pl\/#\/schema\/logo\/image\/"},"sameAs":["https:\/\/www.facebook.com\/AnnaPimentaPhotography\/","https:\/\/www.instagram.com\/anna_pimenta_photography\/"]}]}},"_links":{"self":[{"href":"https:\/\/annapimenta.pl\/en\/wp-json\/wp\/v2\/product\/5164","targetHints":{"allow":["GET"]}}],"collection":[{"href":"https:\/\/annapimenta.pl\/en\/wp-json\/wp\/v2\/product"}],"about":[{"href":"https:\/\/annapimenta.pl\/en\/wp-json\/wp\/v2\/types\/product"}],"wp:featuredmedia":[{"embeddable":true,"href":"https:\/\/annapimenta.pl\/en\/wp-json\/wp\/v2\/media\/5174"}],"wp:attachment":[{"href":"https:\/\/annapimenta.pl\/en\/wp-json\/wp\/v2\/media?parent=5164"}],"wp:term":[{"taxonomy":"product_cat","embeddable":true,"href":"https:\/\/annapimenta.pl\/en\/wp-json\/wp\/v2\/product_cat?post=5164"},{"taxonomy":"product_tag","embeddable":true,"href":"https:\/\/annapimenta.pl\/en\/wp-json\/wp\/v2\/product_tag?post=5164"}],"curies":[{"name":"wp","href":"https:\/\/api.w.org\/{rel}","templated":true}]}}