{"id":4755,"date":"2023-01-08T14:15:17","date_gmt":"2023-01-08T13:15:17","guid":{"rendered":"https:\/\/annapimenta.pl\/product\/album\/"},"modified":"2026-01-13T16:11:30","modified_gmt":"2026-01-13T15:11:30","slug":"kolacja-zareczynowa-krakow","status":"publish","type":"product","link":"https:\/\/annapimenta.pl\/en\/product\/kolacja-zareczynowa-krakow\/","title":{"rendered":"&#8222;15 najlepszych restauracji na \u015bwi\u0119towanie zar\u0119czyn w Krakowie&#8221;"},"content":{"rendered":"<p>M\u00f3j e-book <strong><em>&#8222;15 najlepszych restauracji na \u015bwi\u0119towanie zar\u0119czyn w Krakowie&#8221;<\/em><\/strong> to \u0142atwy w u\u017cyciu autorski przewodnik z list\u0105 <strong>15<\/strong> <strong>sprawdzonych<\/strong> restauracji na romantyczn\u0105 kolacj\u0119 w Krakowie oraz dodatkowo <strong>5 \u015bwietnych miejsc na \u015bniadanie<\/strong> &#8211; <strong>\u0142\u0105cznie 20 najciekawszych lokali do wyboru<\/strong>.<\/p>\n<p>Moje polecenia to propozycje na ka\u017cdy bud\u017cet &#8211; e-book zawiera zar\u00f3wno restauracje z najwy\u017cszej p\u00f3\u0142ki, jak i te mniej formalne. Wszystkie opisane przeze mnie restauracje to gwarancja udanego wieczoru, u boku profesjonalnej obs\u0142ugi i z przepysznym jedzeniem. Uwielbiam<strong> je\u015b\u0107 na mie\u015bcie, a Krak\u00f3w znam jak w\u0142asn\u0105 kiesze\u0144<\/strong>, dlatego pomog\u0119 Ci dokona\u0107 najlepszego wyboru! :)<\/p>\n<h2><strong>6 powod\u00f3w, dla kt\u00f3rych warto mie\u0107 tego e-booka:<\/strong><\/h2>\n<ol>\n<li class=\"_04xlpA direction-ltr align-end para-style-body\"><strong><span class=\"S1PPyQ\">On zosta\u0142 ju\u017c przetestowany! <\/span><\/strong><span class=\"S1PPyQ\">Od 2017 r. polecam moim klientom restauracje na kolacj\u0119 zar\u0119czynow\u0105 w Krakowie <\/span><span class=\"S1PPyQ\">i wszyscy,<\/span> <span class=\"S1PPyQ\">a szczeg\u00f3lnie narzeczone, wracaj\u0105 z nich szalenie zadowolone.<br \/>\n<\/span><\/li>\n<li>\n<p class=\"_04xlpA direction-ltr align-end para-style-body\"><strong><span class=\"S1PPyQ\">Dostajesz gotowe rozwi\u0105zanie. <\/span><\/strong><span class=\"S1PPyQ\">Mo\u017cesz sp\u0119dzi\u0107 kilka godzin na samodzielnym szukaniu restauracji<\/span> <span class=\"S1PPyQ\">i czytaniu opinii w internecie. Jednak zastan\u00f3w si\u0119: czy recenzje np. na TripAdvisor s\u0105 czego\u015b warte, skoro wi\u0119kszo\u015b\u0107 ocen pochodzi od turyst\u00f3w,<\/span> <span class=\"S1PPyQ\">kt\u00f3rzy odwiedzaj\u0105 restauracj\u0119 tylko raz? Ja regularnie odwiedzam wszystkie miejsca z mojej listy, dlatego jestem pewna ich jako\u015bci.<\/span><\/p>\n<\/li>\n<li><strong>Znajdziesz w nim wiele cennych wskaz\u00f3wek<\/strong>, takich jak: kt\u00f3ry konkretny stolik polecam Ci zarezerwowa\u0107, gdzie kolacj\u0119 umili Wam muzyka na \u017cywo, kt\u00f3rego konkretnego dania warto spr\u00f3bowa\u0107 z menu, gdzie znajdziesz najlepszy deal na kolacj\u0119 z p\u00f3\u0142ki fine dining i wiele innych.<\/li>\n<li><strong>Ten e-book przyda Ci si\u0119 podczas ca\u0142ego pobytu w Krakowie!<\/strong> Przygotowa\u0142am list\u0119 restauracji na ka\u017cd\u0105 kiesze\u0144, wi\u0119c na pewno b\u0119dziesz m\u00f3g\u0142 zabra\u0107 swoj\u0105 narzeczon\u0105 w wi\u0119cej ni\u017c jedno polecane miejsce. Zaskocz swoj\u0105 ukochan\u0105 \u015bwietnym przygotowaniem!<\/li>\n<li><strong>Sta\u0107 Ci\u0119 na to. <\/strong>Zaledwie za warto\u015b\u0107 jednego restauracyjnego napiwku (!) zyskujesz pewno\u015b\u0107, \u017ce dokonujesz dobrego wyboru, bo polecenia od lokalsa s\u0105 na wag\u0119 z\u0142ota!<\/li>\n<li>Opr\u00f3cz 15 sprawdzonych restauracji na kolacj\u0119 zar\u0119czynow\u0105 w Krakowie, zdradzam Ci jeszcze <strong>5 wspania\u0142ych adres\u00f3w na pyszne \u015bniadanie<\/strong> we dwoje!<\/li>\n<\/ol>\n<p><strong>E-book jest w wersji cyfrowej, w formacie PDF<\/strong> (otworzysz go na swoim smartfonie, tablecie lub komputerze). Od razu po op\u0142aceniu zam\u00f3wienia otrzymasz maila z linkiem do pobrania e-booka na dowolne urz\u0105dzenie.<\/p>\n<p>Wi\u0119cej szczeg\u00f3\u0142\u00f3w na temat tego e-booka oraz najcz\u0119\u015bciej zadawane pytania (FAQ) znajdziesz w tym artykule: <span style=\"text-decoration: underline;\"><a href=\"https:\/\/annapimenta.pl\/en\/kolacja-zareczynowa-krakow-romantyczna-restauracja-oswiadczyny\/\" target=\"_blank\" rel=\"noopener\">&#8222;Romantyczna kolacja zar\u0119czynowa w Krakowie&#8221;<\/a><\/span>.<\/p>\n<p>&nbsp;<\/p>","protected":false},"excerpt":{"rendered":"<p>Najlepsze sprawdzone krakowskie restauracje na \u015bwi\u0119towanie zar\u0119czyn (lub na o\u015bwiadczyny!) oraz 5 miejsc na \u015bniadanie na mie\u015bcie GRATIS! :)<\/p>","protected":false},"featured_media":4771,"template":"","meta":{"_monsterinsights_skip_tracking":false,"_monsterinsights_sitenote_active":false,"_monsterinsights_sitenote_note":"","_monsterinsights_sitenote_category":0},"product_cat":[264],"product_tag":[],"class_list":["post-4755","product","type-product","status-publish","has-post-thumbnail","hentry","product_cat-e-booki"],"yoast_head":"<!-- This site is optimized with the Yoast SEO plugin v20.4 - https:\/\/yoast.com\/wordpress\/plugins\/seo\/ -->\n<title>&quot;15 najlepszych restauracji na \u015bwi\u0119towanie zar\u0119czyn w Krakowie&quot; &mdash; Anna Pimenta Photography | Fotograf Krak\u00f3w<\/title>\n<meta name=\"robots\" content=\"index, follow, max-snippet:-1, max-image-preview:large, max-video-preview:-1\" \/>\n<link rel=\"canonical\" href=\"https:\/\/annapimenta.pl\/en\/product\/kolacja-zareczynowa-krakow\/\" \/>\n<meta property=\"og:locale\" content=\"en_US\" \/>\n<meta property=\"og:type\" content=\"article\" \/>\n<meta property=\"og:title\" content=\"&quot;15 najlepszych restauracji na \u015bwi\u0119towanie zar\u0119czyn w Krakowie&quot; &mdash; Anna Pimenta Photography | Fotograf Krak\u00f3w\" \/>\n<meta property=\"og:description\" content=\"Najlepsze sprawdzone krakowskie restauracje na \u015bwi\u0119towanie zar\u0119czyn (lub na o\u015bwiadczyny!) oraz 5 miejsc na \u015bniadanie na mie\u015bcie GRATIS! :)\" \/>\n<meta property=\"og:url\" content=\"https:\/\/annapimenta.pl\/en\/product\/kolacja-zareczynowa-krakow\/\" \/>\n<meta property=\"og:site_name\" content=\"Anna Pimenta Photography | Fotograf Krak\u00f3w\" \/>\n<meta property=\"article:publisher\" content=\"https:\/\/www.facebook.com\/AnnaPimentaPhotography\/\" \/>\n<meta property=\"article:modified_time\" content=\"2026-01-13T15:11:30+00:00\" \/>\n<meta property=\"og:image\" content=\"https:\/\/annapimenta.pl\/wp-content\/uploads\/2023\/01\/Oswiadczyny_restauracja_Krakow_Thumbnail2.jpg\" \/>\n\t<meta property=\"og:image:width\" content=\"1000\" \/>\n\t<meta property=\"og:image:height\" content=\"1292\" \/>\n\t<meta property=\"og:image:type\" content=\"image\/jpeg\" \/>\n<meta name=\"twitter:card\" content=\"summary_large_image\" \/>\n<meta name=\"twitter:label1\" content=\"Est. reading time\" \/>\n\t<meta name=\"twitter:data1\" content=\"2 minutes\" \/>\n<script type=\"application\/ld+json\" class=\"yoast-schema-graph\">{\"@context\":\"https:\/\/schema.org\",\"@graph\":[{\"@type\":\"WebPage\",\"@id\":\"https:\/\/annapimenta.pl\/product\/kolacja-zareczynowa-krakow\/\",\"url\":\"https:\/\/annapimenta.pl\/product\/kolacja-zareczynowa-krakow\/\",\"name\":\"\\\"15 najlepszych restauracji na \u015bwi\u0119towanie zar\u0119czyn w Krakowie\\\" &mdash; Anna Pimenta Photography | Fotograf Krak\u00f3w\",\"isPartOf\":{\"@id\":\"https:\/\/annapimenta.pl\/#website\"},\"datePublished\":\"2023-01-08T13:15:17+00:00\",\"dateModified\":\"2026-01-13T15:11:30+00:00\",\"breadcrumb\":{\"@id\":\"https:\/\/annapimenta.pl\/product\/kolacja-zareczynowa-krakow\/#breadcrumb\"},\"inLanguage\":\"en-US\",\"potentialAction\":[{\"@type\":\"ReadAction\",\"target\":[\"https:\/\/annapimenta.pl\/product\/kolacja-zareczynowa-krakow\/\"]}]},{\"@type\":\"BreadcrumbList\",\"@id\":\"https:\/\/annapimenta.pl\/product\/kolacja-zareczynowa-krakow\/#breadcrumb\",\"itemListElement\":[{\"@type\":\"ListItem\",\"position\":1,\"name\":\"Strona g\u0142\u00f3wna\",\"item\":\"https:\/\/annapimenta.pl\/\"},{\"@type\":\"ListItem\",\"position\":2,\"name\":\"Sklep\",\"item\":\"https:\/\/annapimenta.pl\/sklep\/\"},{\"@type\":\"ListItem\",\"position\":3,\"name\":\"&#8220;15 najlepszych restauracji na \u015bwi\u0119towanie zar\u0119czyn w Krakowie&#8221;\"}]},{\"@type\":\"WebSite\",\"@id\":\"https:\/\/annapimenta.pl\/#website\",\"url\":\"https:\/\/annapimenta.pl\/\",\"name\":\"Anna Pimenta Photography | Fotograf Krak\u00f3w\",\"description\":\"Fotograf Krak\u00f3w, fotograf na o\u015bwiadczyny, \u015blub plenerowy, \u015blub w plenerze, sesja narzecze\u0144ska, sesja ci\u0105\u017cowa\",\"publisher\":{\"@id\":\"https:\/\/annapimenta.pl\/#organization\"},\"potentialAction\":[{\"@type\":\"SearchAction\",\"target\":{\"@type\":\"EntryPoint\",\"urlTemplate\":\"https:\/\/annapimenta.pl\/?s={search_term_string}\"},\"query-input\":\"required name=search_term_string\"}],\"inLanguage\":\"en-US\"},{\"@type\":\"Organization\",\"@id\":\"https:\/\/annapimenta.pl\/#organization\",\"name\":\"Anna Pimenta Photography | Fotograf Krak\u00f3w\",\"url\":\"https:\/\/annapimenta.pl\/\",\"logo\":{\"@type\":\"ImageObject\",\"inLanguage\":\"en-US\",\"@id\":\"https:\/\/annapimenta.pl\/#\/schema\/logo\/image\/\",\"url\":\"https:\/\/annapimenta.pl\/wp-content\/uploads\/2017\/05\/Anna-Pimenta-Photography-Logo-Colour-BIG-white-square.png\",\"contentUrl\":\"https:\/\/annapimenta.pl\/wp-content\/uploads\/2017\/05\/Anna-Pimenta-Photography-Logo-Colour-BIG-white-square.png\",\"width\":4115,\"height\":3215,\"caption\":\"Anna Pimenta Photography | Fotograf Krak\u00f3w\"},\"image\":{\"@id\":\"https:\/\/annapimenta.pl\/#\/schema\/logo\/image\/\"},\"sameAs\":[\"https:\/\/www.facebook.com\/AnnaPimentaPhotography\/\",\"https:\/\/www.instagram.com\/anna_pimenta_photography\/\"]}]}<\/script>\n<!-- \/ Yoast SEO plugin. -->","yoast_head_json":{"title":"\"15 najlepszych restauracji na \u015bwi\u0119towanie zar\u0119czyn w Krakowie\" &mdash; Anna Pimenta Photography | Fotograf Krak\u00f3w","robots":{"index":"index","follow":"follow","max-snippet":"max-snippet:-1","max-image-preview":"max-image-preview:large","max-video-preview":"max-video-preview:-1"},"canonical":"https:\/\/annapimenta.pl\/en\/product\/kolacja-zareczynowa-krakow\/","og_locale":"en_US","og_type":"article","og_title":"\"15 najlepszych restauracji na \u015bwi\u0119towanie zar\u0119czyn w Krakowie\" &mdash; Anna Pimenta Photography | Fotograf Krak\u00f3w","og_description":"Najlepsze sprawdzone krakowskie restauracje na \u015bwi\u0119towanie zar\u0119czyn (lub na o\u015bwiadczyny!) oraz 5 miejsc na \u015bniadanie na mie\u015bcie GRATIS! :)","og_url":"https:\/\/annapimenta.pl\/en\/product\/kolacja-zareczynowa-krakow\/","og_site_name":"Anna Pimenta Photography | Fotograf Krak\u00f3w","article_publisher":"https:\/\/www.facebook.com\/AnnaPimentaPhotography\/","article_modified_time":"2026-01-13T15:11:30+00:00","og_image":[{"width":1000,"height":1292,"url":"https:\/\/annapimenta.pl\/wp-content\/uploads\/2023\/01\/Oswiadczyny_restauracja_Krakow_Thumbnail2.jpg","type":"image\/jpeg"}],"twitter_card":"summary_large_image","twitter_misc":{"Est. reading time":"2 minutes"},"schema":{"@context":"https:\/\/schema.org","@graph":[{"@type":"WebPage","@id":"https:\/\/annapimenta.pl\/product\/kolacja-zareczynowa-krakow\/","url":"https:\/\/annapimenta.pl\/product\/kolacja-zareczynowa-krakow\/","name":"\"15 najlepszych restauracji na \u015bwi\u0119towanie zar\u0119czyn w Krakowie\" &mdash; Anna Pimenta Photography | Fotograf Krak\u00f3w","isPartOf":{"@id":"https:\/\/annapimenta.pl\/#website"},"datePublished":"2023-01-08T13:15:17+00:00","dateModified":"2026-01-13T15:11:30+00:00","breadcrumb":{"@id":"https:\/\/annapimenta.pl\/product\/kolacja-zareczynowa-krakow\/#breadcrumb"},"inLanguage":"en-US","potentialAction":[{"@type":"ReadAction","target":["https:\/\/annapimenta.pl\/product\/kolacja-zareczynowa-krakow\/"]}]},{"@type":"BreadcrumbList","@id":"https:\/\/annapimenta.pl\/product\/kolacja-zareczynowa-krakow\/#breadcrumb","itemListElement":[{"@type":"ListItem","position":1,"name":"Strona g\u0142\u00f3wna","item":"https:\/\/annapimenta.pl\/"},{"@type":"ListItem","position":2,"name":"Sklep","item":"https:\/\/annapimenta.pl\/sklep\/"},{"@type":"ListItem","position":3,"name":"&#8220;15 najlepszych restauracji na \u015bwi\u0119towanie zar\u0119czyn w Krakowie&#8221;"}]},{"@type":"WebSite","@id":"https:\/\/annapimenta.pl\/#website","url":"https:\/\/annapimenta.pl\/","name":"Anna Pimenta Photography | Fotograf Krak\u00f3w","description":"Fotograf Krak\u00f3w, fotograf na o\u015bwiadczyny, \u015blub plenerowy, \u015blub w plenerze, sesja narzecze\u0144ska, sesja ci\u0105\u017cowa","publisher":{"@id":"https:\/\/annapimenta.pl\/#organization"},"potentialAction":[{"@type":"SearchAction","target":{"@type":"EntryPoint","urlTemplate":"https:\/\/annapimenta.pl\/?s={search_term_string}"},"query-input":"required name=search_term_string"}],"inLanguage":"en-US"},{"@type":"Organization","@id":"https:\/\/annapimenta.pl\/#organization","name":"Anna Pimenta Photography | Fotograf Krak\u00f3w","url":"https:\/\/annapimenta.pl\/","logo":{"@type":"ImageObject","inLanguage":"en-US","@id":"https:\/\/annapimenta.pl\/#\/schema\/logo\/image\/","url":"https:\/\/annapimenta.pl\/wp-content\/uploads\/2017\/05\/Anna-Pimenta-Photography-Logo-Colour-BIG-white-square.png","contentUrl":"https:\/\/annapimenta.pl\/wp-content\/uploads\/2017\/05\/Anna-Pimenta-Photography-Logo-Colour-BIG-white-square.png","width":4115,"height":3215,"caption":"Anna Pimenta Photography | Fotograf Krak\u00f3w"},"image":{"@id":"https:\/\/annapimenta.pl\/#\/schema\/logo\/image\/"},"sameAs":["https:\/\/www.facebook.com\/AnnaPimentaPhotography\/","https:\/\/www.instagram.com\/anna_pimenta_photography\/"]}]}},"_links":{"self":[{"href":"https:\/\/annapimenta.pl\/en\/wp-json\/wp\/v2\/product\/4755","targetHints":{"allow":["GET"]}}],"collection":[{"href":"https:\/\/annapimenta.pl\/en\/wp-json\/wp\/v2\/product"}],"about":[{"href":"https:\/\/annapimenta.pl\/en\/wp-json\/wp\/v2\/types\/product"}],"wp:featuredmedia":[{"embeddable":true,"href":"https:\/\/annapimenta.pl\/en\/wp-json\/wp\/v2\/media\/4771"}],"wp:attachment":[{"href":"https:\/\/annapimenta.pl\/en\/wp-json\/wp\/v2\/media?parent=4755"}],"wp:term":[{"taxonomy":"product_cat","embeddable":true,"href":"https:\/\/annapimenta.pl\/en\/wp-json\/wp\/v2\/product_cat?post=4755"},{"taxonomy":"product_tag","embeddable":true,"href":"https:\/\/annapimenta.pl\/en\/wp-json\/wp\/v2\/product_tag?post=4755"}],"curies":[{"name":"wp","href":"https:\/\/api.w.org\/{rel}","templated":true}]}}