{"id":885,"date":"2018-12-11T11:09:30","date_gmt":"2018-12-11T10:09:30","guid":{"rendered":"http:\/\/annapimenta.pl\/?page_id=885"},"modified":"2025-09-19T16:27:58","modified_gmt":"2025-09-19T15:27:58","slug":"kup-bon-podarunkowy","status":"publish","type":"page","link":"https:\/\/annapimenta.pl\/en\/kup-bon-podarunkowy\/","title":{"rendered":"Kup bon podarunkowy"},"content":{"rendered":"<p>Bardzo si\u0119 ciesz\u0119, \u017ce rozwa\u017casz tak wspania\u0142y, ponadczasowy prezent, jednak jestem pewna, \u017ce to osoba obdarowana b\u0119dzie si\u0119 cieszy\u0107 jeszcze bardziej z tej <strong>bezcennej pami\u0105tki<\/strong>, jak\u0105 s\u0105 profesjonalne fotografie! :)&nbsp;<\/p>\n\n\n\n<p>Warto\u015b\u0107 bonu to: <\/p>\n\n\n\n<p>\u2665 <strong>800 z\u0142<\/strong> (w przypadku sesji par i brzuszkowych &#8211; zawiera 15 zdj\u0119\u0107),<br>\u2665 <strong>900 z\u0142<\/strong> (w przypadku sesji \u015blubnych oraz domowych sesji noworodkowych &#8211; zawiera 15 zdj\u0119\u0107),<br>\u2665 <strong>1500 z\u0142<\/strong> (w przypadku sesji rodzinnych w plenerze z max. 1 dzieckiem &#8211; zawiera 25 zdj\u0119\u0107 + pami\u0105tkowy albumik 15&#215;15 cm).<\/p>\n\n\n\n<p><strong>Oto, co otrzyma od Ciebie osoba obdarowana:<\/strong><\/p>\n\n\n\n<ul class=\"wp-block-list\">\n<li>spersonalizowany bon w eleganckiej kopercie,<\/li>\n\n\n\n<li>spotkanie z do\u015bwiadczon\u0105 fotografk\u0105 (100% pozytywnych opinii!),<\/li>\n\n\n\n<li>a\u017c 6 miesi\u0119cy na ustalenie odpowiedniego terminu na zdj\u0119cia,<\/li>\n\n\n\n<li>sesj\u0119 domow\u0105 lub plenerow\u0105 w dowolnym miejscu w Krakowie,<\/li>\n\n\n\n<li>zestaw fotografii po profesjonalnej, naturalnej i ponadczasowej obr\u00f3bce,<\/li>\n\n\n\n<li>mo\u017cliwo\u015b\u0107 samodzielnego wyboru uj\u0119\u0107 spo\u015br\u00f3d 70-140 (!) najlepszych zdj\u0119\u0107,<\/li>\r\n<li>mo\u017cliwo\u015b\u0107 dokupienia dodatkowych uj\u0119\u0107 z korzystnymi rabatami,<\/li>\n\n\n\n<li>internetow\u0105 galeri\u0119 do dzielenia si\u0119 efektami sesji z rodzin\u0105 i przyjaci\u00f3\u0142mi,<\/li>\n\n\n\n<li>porad\u0119 odno\u015bnie stylizacji, lokalizacji i przygotowania na sesj\u0119,<\/li>\n\n\n\n<li>nowe, ciekawe do\u015bwiadczenie i dobr\u0105 zabaw\u0119 bez kr\u0119puj\u0105cego pozowania! :)<\/li>\n<\/ul>\n\n\n\n<p>Pami\u0119taj, \u017ce<strong> 90% moich klient\u00f3w nigdy wcze\u015bniej nie mia\u0142o sesji zdj\u0119ciowej<\/strong> \u2014 mam spore do\u015bwiadczenie z fotografowaniem ludzi, kt\u00f3rzy &#8222;nie wiedz\u0105 co maj\u0105 robi\u0107 na sesji&#8221; i zapewniam, \u017ce efekty ich zaskocz\u0105. :)<\/p>\n\n\n\n<p>Istnieje r\u00f3wnie\u017c mo\u017cliwo\u015b\u0107 dokupienia do bonu voucheru na najwy\u017cszej jako\u015bci <span style=\"text-decoration: underline;\"><a href=\"https:\/\/annapimenta.pl\/en\/album-fotograficzny-krakow\/\" target=\"_blank\" rel=\"noreferrer noopener\">album fotograficzny<\/a><\/span> w formie fotoksi\u0105\u017cki lub pi\u0119kne, personalizowane pude\u0142ko z odbitkami.<\/p>\n\n\n\n<p><strong>Wype\u0142nij poni\u017csze pola, a ja wkr\u00f3tce odezw\u0119 si\u0119 do Ciebie w celu doko\u0144czenia wszelkich formalno\u015bci zakupu Bonu.<\/strong><\/p>\n\n\n<div class=\"wpforms-container wpforms-container-full wpforms-block wpforms-block-757f53ab-ba41-4c63-934b-e2f52e2e1d8c\" id=\"wpforms-886\"><form id=\"wpforms-form-886\" class=\"wpforms-validate wpforms-form\" data-formid=\"886\" method=\"post\" enctype=\"multipart\/form-data\" action=\"\/en\/wp-json\/wp\/v2\/pages\/885\" data-token=\"610994df4efe1d0e61fe0a990909761b\" data-token-time=\"1777107013\" data-trp-original-action=\"\/en\/wp-json\/wp\/v2\/pages\/885\"><noscript class=\"wpforms-error-noscript\">Please enable JavaScript in your browser to complete this form.<\/noscript><div class=\"wpforms-field-container\"><div id=\"wpforms-886-field_0-container\" class=\"wpforms-field wpforms-field-name\" data-field-id=\"0\"><label class=\"wpforms-field-label\" for=\"wpforms-886-field_0\">Twoje imi\u0119 i nazwisko <span class=\"wpforms-required-label\">*<\/span><\/label><input type=\"text\" id=\"wpforms-886-field_0\" class=\"wpforms-field-large wpforms-field-required\" name=\"wpforms[fields][0]\" required><\/div><div id=\"wpforms-886-field_1-container\" class=\"wpforms-field wpforms-field-email\" data-field-id=\"1\"><label class=\"wpforms-field-label\" for=\"wpforms-886-field_1\">Tw\u00f3j e-mail <span class=\"wpforms-required-label\">*<\/span><\/label><input type=\"email\" id=\"wpforms-886-field_1\" class=\"wpforms-field-large wpforms-field-required\" name=\"wpforms[fields][1]\" spellcheck=\"false\" required><\/div><div id=\"wpforms-886-field_6-container\" class=\"wpforms-field wpforms-field-text\" data-field-id=\"6\"><label class=\"wpforms-field-label\" for=\"wpforms-886-field_6\">Dla kogo b\u0119dzie Bon? :) (Imiona lub imi\u0119)<\/label><input type=\"text\" id=\"wpforms-886-field_6\" class=\"wpforms-field-large\" name=\"wpforms[fields][6]\" ><\/div><div id=\"wpforms-886-field_7-container\" class=\"wpforms-field wpforms-field-select wpforms-field-select-style-classic\" data-field-id=\"7\"><label class=\"wpforms-field-label\" for=\"wpforms-886-field_7\">Jak\u0105 sesj\u0119 chcia\u0142by\u015b\/chcia\u0142aby\u015b podarowa\u0107 tej osobie?<\/label><select id=\"wpforms-886-field_7\" class=\"wpforms-field-large\" name=\"wpforms[fields][7]\"><option value=\"Sesja pary (800 z\u0142)\"  class=\"choice-1 depth-1\"  >Sesja pary (800 z\u0142)<\/option><option value=\"Sesja brzuszkowa (800 z\u0142)\"  class=\"choice-5 depth-1\"  >Sesja brzuszkowa (800 z\u0142)<\/option><option value=\"Sesja \u015blubna (900 z\u0142)\"  class=\"choice-10 depth-1\"  >Sesja \u015blubna (900 z\u0142)<\/option><option value=\"Sesja domowa noworodkowa (rodzice + noworodek) (900 z\u0142)\"  class=\"choice-8 depth-1\"  >Sesja domowa noworodkowa (rodzice + noworodek) (900 z\u0142)<\/option><option value=\"Sesja rodzinna w plenerze (rodzice + max. 1 dziecko) (1500 z\u0142)\"  class=\"choice-9 depth-1\"  >Sesja rodzinna w plenerze (rodzice + max. 1 dziecko) (1500 z\u0142)<\/option><\/select><\/div><div id=\"wpforms-886-field_5-container\" class=\"wpforms-field wpforms-field-select wpforms-field-select-style-classic\" data-field-id=\"5\"><label class=\"wpforms-field-label\" for=\"wpforms-886-field_5\">Spos\u00f3b odbioru bonu<\/label><select id=\"wpforms-886-field_5\" class=\"wpforms-field-large\" name=\"wpforms[fields][5]\"><option value=\"Kurier DPD (+16 z\u0142)\"  class=\"choice-2 depth-1\"  >Kurier DPD (+16 z\u0142)<\/option><option value=\"Automat Paczkowy DPD (+13 z\u0142)\"  class=\"choice-5 depth-1\"  >Automat Paczkowy DPD (+13 z\u0142)<\/option><option value=\"Paczkomat InPost (+17 z\u0142)\"  class=\"choice-3 depth-1\"  >Paczkomat InPost (+17 z\u0142)<\/option><option value=\"Odbi\u00f3r osobisty w Krakowie (ul. Rostworowskiego, Ruczaj)\"  class=\"choice-1 depth-1\"  >Odbi\u00f3r osobisty w Krakowie (ul. Rostworowskiego, Ruczaj)<\/option><option value=\"E-mail (prosty plik PDF do samodzielnego wydruku)\"  class=\"choice-4 depth-1\"  >E-mail (prosty plik PDF do samodzielnego wydruku)<\/option><\/select><\/div><div id=\"wpforms-886-field_10-container\" class=\"wpforms-field wpforms-field-select wpforms-field-select-style-classic\" data-field-id=\"10\"><label class=\"wpforms-field-label\" for=\"wpforms-886-field_10\">Kolor koperty na bon<\/label><select id=\"wpforms-886-field_10\" class=\"wpforms-field-large\" name=\"wpforms[fields][10]\"><option value=\"Z\u0142ota\"  class=\"choice-1 depth-1\"  >Z\u0142ota<\/option><option value=\"Ciemnozielona\"  class=\"choice-3 depth-1\"  >Ciemnozielona<\/option><option value=\"Pudrowy r\u00f3\u017c\"  class=\"choice-4 depth-1\"  >Pudrowy r\u00f3\u017c<\/option><option value=\"Bia\u0142a\"  class=\"choice-5 depth-1\"  >Bia\u0142a<\/option><\/select><\/div><div id=\"wpforms-886-field_9-container\" class=\"wpforms-field wpforms-field-textarea\" data-field-id=\"9\"><label class=\"wpforms-field-label\" for=\"wpforms-886-field_9\">Je\u015bli chcesz, napisz mi co\u015b wi\u0119cej, np. z jakiej okazji b\u0119dzie to prezent, kim jeste\u015b dla osoby Obdarowanej albo opowiedz co\u015b o osobach, kt\u00f3re otrzymaj\u0105 ten bon. :) (opcjonalnie)<\/label><textarea id=\"wpforms-886-field_9\" class=\"wpforms-field-medium\" name=\"wpforms[fields][9]\" ><\/textarea><\/div><div id=\"wpforms-886-field_4-container\" class=\"wpforms-field wpforms-field-checkbox\" data-field-id=\"4\"><label class=\"wpforms-field-label\">Czy zapozna\u0142e\u015b\/zapozna\u0142a\u015b si\u0119 z Regulaminem Bon\u00f3w Podarunkowych i go akceptujesz?  <span class=\"wpforms-required-label\">*<\/span><\/label><ul id=\"wpforms-886-field_4\" class=\"wpforms-field-required\"><li class=\"choice-1 depth-1\"><input type=\"checkbox\" id=\"wpforms-886-field_4_1\" name=\"wpforms[fields][4][]\" value=\"Tak\" required><label class=\"wpforms-field-label-inline\" for=\"wpforms-886-field_4_1\">Tak<\/label><\/li><\/ul><div class=\"wpforms-field-description\">1. Ch\u0119\u0107 zakupu bonu podarunkowego mo\u017cna zg\u0142osi\u0107 mailowo, a tak\u017ce za po\u015brednictwem formularza kontaktowego.\r\n2. Bon podarunkowy uprawnia do jednej sesji zdj\u0119ciowej (czas trwania ok. 1-1,5h), z kt\u00f3rej Obdarowany otrzyma 15 profesjonalnych fotografii (w przypadku plenerowych sesji rodzinnych 25 fotografii + albumik 15&#215;15 cm).  \r\n3. Cena bonu podarunkowego to 800 z\u0142 (w przypadku sesji par i brzuszkowych) lub 900 z\u0142 (w przypadku sesji \u015blubnych oraz domowych sesji noworodkowych) lub 1500 z\u0142 (w przypadku plenerowych sesji rodzinnych z max. 1 dzieckiem).\r\n4. Sesje realizowane s\u0105 we wszystkie dni tygodnia w terminie ustalonym z Obdarowanym.\r\n5. Bon podarunkowy mo\u017cna otrzyma\u0107 na trzy sposoby:\r\na. osobi\u015bcie, po wcze\u015bniejszym um\u00f3wieniu si\u0119 i po dokonaniu przelewu na konto bankowe: 42 1140 2004 0000 3102 7638 0494 (mBank);\r\nb. wysy\u0142kowo za po\u015brednictwem kuriera DPD (+16 z\u0142), Automatu Paczkowego DPD (+13 z\u0142) lub Paczkomatu InPost (+17 z\u0142) po dokonaniu przelewu na konto bankowe. Po zaksi\u0119gowaniu p\u0142atno\u015bci, bon podarunkowy zostanie wys\u0142any na adres podany przez Nabywc\u0119.\r\nc. mailowo, po dokonaniu przelewu na konto bankowe. W takim wypadku bon wysy\u0142any jest w formie prostego PDF do samodzielnego wydruku (bez ozdobnej koperty).\r\n6. Jako dow\u00f3d zakupu, Nabywca otrzymuje faktur\u0119 bez VAT. W przypadku zakupu wysy\u0142kowego, faktura zostanie wys\u0142ana wraz z bonem lub mailowo na adres Nabywcy bonu.\r\n7. Sesje zdj\u0119ciowe realizowane na podstawie bonu podarunkowego odbywaj\u0105 si\u0119 w Krakowie lub bliskich okolicach, w jednej lokalizacji, kt\u00f3ra zostanie ustalona wraz z Obdarowanym.\r\n8. Data wa\u017cno\u015bci bonu jest umieszczona na bonie i wynosi 6 miesi\u0119cy od daty zakupu. \r\n9. W przypadku niewykorzystania bonu przez Obdarowanego w terminie wa\u017cno\u015bci bonu, Nabywcy nie przys\u0142uguje prawo do zwrotu pieni\u0119dzy, a sesja przepada. Istnieje jednak mo\u017cliwo\u015b\u0107 opcjonalnego, p\u0142atnego (150 z\u0142) przed\u0142u\u017cenia wa\u017cno\u015bci bonu po up\u0142ywie terminu. Obdarowany mo\u017ce w ten spos\u00f3b przed\u0142u\u017cy\u0107 wa\u017cno\u015b\u0107 bonu maksymalnie o 2 miesi\u0105ce.\r\n10. Bon podarunkowy jest imienny, jednak mo\u017ce zosta\u0107 przekazany innej osobie.\r\n11. Bon podarunkowy nie podlega wymianie na got\u00f3wk\u0119.\r\n12. Po otrzymaniu bonu, Obdarowany powinien ustali\u0107 z Wykonawc\u0105 termin sesji zdj\u0119ciowej drog\u0105 mailow\u0105. Adres e-mail Wykonawcy znajduje si\u0119 na bonie.\r\n13. Do realizacji sesji niezb\u0119dne jest podpisanie przez Obdarowanego standardowej umowy na us\u0142ug\u0119 fotograficzn\u0105 z Wykonawc\u0105. Wykonawca udost\u0119pni do wgl\u0105du wz\u00f3r takiej umowy Nabywcy bonu przed zakupem.\r\n14. Sesje zdj\u0119ciowe realizowane w ramach bonu podarunkowego to: sesja pary (rocznicowa, narzecze\u0144ska itp.), sesja \u015blubna, sesja ci\u0105\u017cowa (inaczej brzuszkowa), domowa sesja noworodkowa (rodzice + noworodek\/noworodki), plenerowa sesja rodzinna (rodzice + max. 1 dziecko). \r\n15. Sesje odbywaj\u0105 si\u0119 w plenerze lub w domu Obdarowanego.\r\n16. Nabywca bonu podarunkowego, dokonuj\u0105c zakupu bonu, o\u015bwiadcza, \u017ce zapozna\u0142 si\u0119 z portfolio Wykonawcy, w szczeg\u00f3lno\u015bci ze stylem obr\u00f3bki i wizj\u0105 artystyczn\u0105 Wykonawcy (Wykonawca podczas sesji nie korzysta ze studia ani \u017cadnych rekwizyt\u00f3w typu balony, confetti, zabawki, tablice z napisami, dekoracje itp.).\r\n17. Zakup bonu podarunkowego jest r\u00f3wnoznaczny z akceptacj\u0105 niniejszego Regulaminu.<\/div><\/div><div id=\"wpforms-886-field_8-container\" class=\"wpforms-field wpforms-field-checkbox\" data-field-id=\"8\"><label class=\"wpforms-field-label\">Zgoda na przetwarzanie danych osobowych. <span class=\"wpforms-required-label\">*<\/span><\/label><ul id=\"wpforms-886-field_8\" class=\"wpforms-field-required\"><li class=\"choice-1 depth-1\"><input type=\"checkbox\" id=\"wpforms-886-field_8_1\" name=\"wpforms[fields][8][]\" value=\"Wyra\u017cam zgod\u0119 na przetwarzanie moich danych osobowych przez firm\u0119 APP Anna Pimenta (NIP 676 253 84 74) w celu otrzymywania drog\u0105 elektroniczn\u0105 informacji dotycz\u0105cych \u015bwiadczonych us\u0142ug.\" required><label class=\"wpforms-field-label-inline\" for=\"wpforms-886-field_8_1\">Wyra\u017cam zgod\u0119 na przetwarzanie moich danych osobowych przez firm\u0119 APP Anna Pimenta (NIP 676 253 84 74) w celu otrzymywania drog\u0105 elektroniczn\u0105 informacji dotycz\u0105cych \u015bwiadczonych us\u0142ug.<\/label><\/li><\/ul><\/div><\/div><!-- .wpforms-field-container --><div class=\"wpforms-submit-container\" ><input type=\"hidden\" name=\"wpforms[id]\" value=\"886\"><input type=\"hidden\" name=\"page_title\" value=\"\"><input type=\"hidden\" name=\"page_url\" value=\"https:\/\/annapimenta.pl\/en\/wp-json\/wp\/v2\/pages\/885\"><input type=\"hidden\" name=\"url_referer\" value=\"\"><button type=\"submit\" name=\"wpforms[submit]\" id=\"wpforms-submit-886\" class=\"wpforms-submit\" data-alt-text=\"Wysy\u0142anie...\" data-submit-text=\"Wy\u015blij\" aria-live=\"assertive\" value=\"wpforms-submit\">Wy\u015blij<\/button><\/div><input type=\"hidden\" name=\"trp-form-language\" value=\"en\"\/><\/form><\/div>  <!-- .wpforms-container -->\n\n\n<p class=\"has-text-align-center has-text-color\" style=\"color:#c0b7b7\"><span style=\"text-decoration: underline;\"><a href=\"https:\/\/annapimenta.pl\/en\/polityka-prywatnosci-kontakt-indywidualny\/\" target=\"_blank\" rel=\"noreferrer noopener\" aria-label=\"Polityka prywatno\u015bci (otwiera si\u0119 na nowej zak\u0142adce)\">Polityka prywatno\u015bci<\/a><\/span><\/p>\n\n\n\n<figure class=\"wp-block-image\"><img loading=\"lazy\" decoding=\"async\" width=\"1024\" height=\"683\" src=\"https:\/\/annapimenta.pl\/wp-content\/uploads\/2018\/12\/Sesja_na_prezent_Krakow_fotograf_Anna_Pimenta_Photography-8-1024x683.jpg\" alt=\"\" class=\"wp-image-888\" srcset=\"https:\/\/annapimenta.pl\/wp-content\/uploads\/2018\/12\/Sesja_na_prezent_Krakow_fotograf_Anna_Pimenta_Photography-8-1024x683.jpg 1024w, https:\/\/annapimenta.pl\/wp-content\/uploads\/2018\/12\/Sesja_na_prezent_Krakow_fotograf_Anna_Pimenta_Photography-8-300x200.jpg 300w, https:\/\/annapimenta.pl\/wp-content\/uploads\/2018\/12\/Sesja_na_prezent_Krakow_fotograf_Anna_Pimenta_Photography-8-600x400.jpg 600w, https:\/\/annapimenta.pl\/wp-content\/uploads\/2018\/12\/Sesja_na_prezent_Krakow_fotograf_Anna_Pimenta_Photography-8-768x512.jpg 768w, https:\/\/annapimenta.pl\/wp-content\/uploads\/2018\/12\/Sesja_na_prezent_Krakow_fotograf_Anna_Pimenta_Photography-8-330x220.jpg 330w, https:\/\/annapimenta.pl\/wp-content\/uploads\/2018\/12\/Sesja_na_prezent_Krakow_fotograf_Anna_Pimenta_Photography-8.jpg 1050w\" sizes=\"auto, (max-width: 1024px) 100vw, 1024px\" \/><\/figure>","protected":false},"excerpt":{"rendered":"<p>Bardzo si\u0119 ciesz\u0119, \u017ce rozwa\u017casz tak wspania\u0142y, ponadczasowy prezent, jednak jestem pewna, \u017ce to osoba obdarowana b\u0119dzie si\u0119 cieszy\u0107 jeszcze bardziej z tej bezcennej pami\u0105tki, jak\u0105 s\u0105 profesjonalne fotografie! :)&nbsp; Warto\u015b\u0107 bonu to: \u2665 800 z\u0142 (w przypadku sesji par i brzuszkowych &#8211; zawiera 15 zdj\u0119\u0107),\u2665 900 z\u0142 (w przypadku sesji \u015blubnych oraz domowych sesji [&hellip;]<\/p>","protected":false},"author":1,"featured_media":0,"parent":0,"menu_order":0,"comment_status":"closed","ping_status":"closed","template":"","meta":{"_monsterinsights_skip_tracking":false,"_monsterinsights_sitenote_active":false,"_monsterinsights_sitenote_note":"","_monsterinsights_sitenote_category":0,"footnotes":""},"class_list":["post-885","page","type-page","status-publish","hentry"],"yoast_head":"<!-- This site is optimized with the Yoast SEO plugin v20.4 - https:\/\/yoast.com\/wordpress\/plugins\/seo\/ -->\n<title>Kup bon podarunkowy &mdash; Anna Pimenta Photography | Fotograf Krak\u00f3w<\/title>\n<meta name=\"robots\" content=\"noindex, follow\" \/>\n<meta property=\"og:locale\" content=\"en_US\" \/>\n<meta property=\"og:type\" content=\"article\" \/>\n<meta property=\"og:title\" content=\"Kup bon podarunkowy &mdash; Anna Pimenta Photography | Fotograf Krak\u00f3w\" \/>\n<meta property=\"og:description\" content=\"Bardzo si\u0119 ciesz\u0119, \u017ce rozwa\u017casz tak wspania\u0142y, ponadczasowy prezent, jednak jestem pewna, \u017ce to osoba obdarowana b\u0119dzie si\u0119 cieszy\u0107 jeszcze bardziej z tej bezcennej pami\u0105tki, jak\u0105 s\u0105 profesjonalne fotografie! :)&nbsp; Warto\u015b\u0107 bonu to: \u2665 800 z\u0142 (w przypadku sesji par i brzuszkowych &#8211; zawiera 15 zdj\u0119\u0107),\u2665 900 z\u0142 (w przypadku sesji \u015blubnych oraz domowych sesji [&hellip;]\" \/>\n<meta property=\"og:url\" content=\"https:\/\/annapimenta.pl\/en\/kup-bon-podarunkowy\/\" \/>\n<meta property=\"og:site_name\" content=\"Anna Pimenta Photography | Fotograf Krak\u00f3w\" \/>\n<meta property=\"article:publisher\" content=\"https:\/\/www.facebook.com\/AnnaPimentaPhotography\/\" \/>\n<meta property=\"article:modified_time\" content=\"2025-09-19T15:27:58+00:00\" \/>\n<meta property=\"og:image\" content=\"https:\/\/annapimenta.pl\/wp-content\/uploads\/2018\/12\/Sesja_na_prezent_Krakow_fotograf_Anna_Pimenta_Photography-8-1024x683.jpg\" \/>\n<meta name=\"twitter:card\" content=\"summary_large_image\" \/>\n<meta name=\"twitter:label1\" content=\"Est. reading time\" \/>\n\t<meta name=\"twitter:data1\" content=\"2 minutes\" \/>\n<script type=\"application\/ld+json\" class=\"yoast-schema-graph\">{\"@context\":\"https:\/\/schema.org\",\"@graph\":[{\"@type\":\"WebPage\",\"@id\":\"https:\/\/annapimenta.pl\/kup-bon-podarunkowy\/\",\"url\":\"https:\/\/annapimenta.pl\/kup-bon-podarunkowy\/\",\"name\":\"Kup bon podarunkowy &mdash; Anna Pimenta Photography | Fotograf Krak\u00f3w\",\"isPartOf\":{\"@id\":\"https:\/\/annapimenta.pl\/#website\"},\"datePublished\":\"2018-12-11T10:09:30+00:00\",\"dateModified\":\"2025-09-19T15:27:58+00:00\",\"breadcrumb\":{\"@id\":\"https:\/\/annapimenta.pl\/kup-bon-podarunkowy\/#breadcrumb\"},\"inLanguage\":\"en-US\",\"potentialAction\":[{\"@type\":\"ReadAction\",\"target\":[\"https:\/\/annapimenta.pl\/kup-bon-podarunkowy\/\"]}]},{\"@type\":\"BreadcrumbList\",\"@id\":\"https:\/\/annapimenta.pl\/kup-bon-podarunkowy\/#breadcrumb\",\"itemListElement\":[{\"@type\":\"ListItem\",\"position\":1,\"name\":\"Strona g\u0142\u00f3wna\",\"item\":\"https:\/\/annapimenta.pl\/\"},{\"@type\":\"ListItem\",\"position\":2,\"name\":\"Kup bon podarunkowy\"}]},{\"@type\":\"WebSite\",\"@id\":\"https:\/\/annapimenta.pl\/#website\",\"url\":\"https:\/\/annapimenta.pl\/\",\"name\":\"Anna Pimenta Photography | Fotograf Krak\u00f3w\",\"description\":\"Fotograf Krak\u00f3w, fotograf na o\u015bwiadczyny, \u015blub plenerowy, \u015blub w plenerze, sesja narzecze\u0144ska, sesja ci\u0105\u017cowa\",\"publisher\":{\"@id\":\"https:\/\/annapimenta.pl\/#organization\"},\"potentialAction\":[{\"@type\":\"SearchAction\",\"target\":{\"@type\":\"EntryPoint\",\"urlTemplate\":\"https:\/\/annapimenta.pl\/?s={search_term_string}\"},\"query-input\":\"required name=search_term_string\"}],\"inLanguage\":\"en-US\"},{\"@type\":\"Organization\",\"@id\":\"https:\/\/annapimenta.pl\/#organization\",\"name\":\"Anna Pimenta Photography | Fotograf Krak\u00f3w\",\"url\":\"https:\/\/annapimenta.pl\/\",\"logo\":{\"@type\":\"ImageObject\",\"inLanguage\":\"en-US\",\"@id\":\"https:\/\/annapimenta.pl\/#\/schema\/logo\/image\/\",\"url\":\"https:\/\/annapimenta.pl\/wp-content\/uploads\/2017\/05\/Anna-Pimenta-Photography-Logo-Colour-BIG-white-square.png\",\"contentUrl\":\"https:\/\/annapimenta.pl\/wp-content\/uploads\/2017\/05\/Anna-Pimenta-Photography-Logo-Colour-BIG-white-square.png\",\"width\":4115,\"height\":3215,\"caption\":\"Anna Pimenta Photography | Fotograf Krak\u00f3w\"},\"image\":{\"@id\":\"https:\/\/annapimenta.pl\/#\/schema\/logo\/image\/\"},\"sameAs\":[\"https:\/\/www.facebook.com\/AnnaPimentaPhotography\/\",\"https:\/\/www.instagram.com\/anna_pimenta_photography\/\"]}]}<\/script>\n<!-- \/ Yoast SEO plugin. -->","yoast_head_json":{"title":"Kup bon podarunkowy &mdash; Anna Pimenta Photography | Fotograf Krak\u00f3w","robots":{"index":"noindex","follow":"follow"},"og_locale":"en_US","og_type":"article","og_title":"Kup bon podarunkowy &mdash; Anna Pimenta Photography | Fotograf Krak\u00f3w","og_description":"Bardzo si\u0119 ciesz\u0119, \u017ce rozwa\u017casz tak wspania\u0142y, ponadczasowy prezent, jednak jestem pewna, \u017ce to osoba obdarowana b\u0119dzie si\u0119 cieszy\u0107 jeszcze bardziej z tej bezcennej pami\u0105tki, jak\u0105 s\u0105 profesjonalne fotografie! :)&nbsp; Warto\u015b\u0107 bonu to: \u2665 800 z\u0142 (w przypadku sesji par i brzuszkowych &#8211; zawiera 15 zdj\u0119\u0107),\u2665 900 z\u0142 (w przypadku sesji \u015blubnych oraz domowych sesji [&hellip;]","og_url":"https:\/\/annapimenta.pl\/en\/kup-bon-podarunkowy\/","og_site_name":"Anna Pimenta Photography | Fotograf Krak\u00f3w","article_publisher":"https:\/\/www.facebook.com\/AnnaPimentaPhotography\/","article_modified_time":"2025-09-19T15:27:58+00:00","og_image":[{"url":"https:\/\/annapimenta.pl\/wp-content\/uploads\/2018\/12\/Sesja_na_prezent_Krakow_fotograf_Anna_Pimenta_Photography-8-1024x683.jpg"}],"twitter_card":"summary_large_image","twitter_misc":{"Est. reading time":"2 minutes"},"schema":{"@context":"https:\/\/schema.org","@graph":[{"@type":"WebPage","@id":"https:\/\/annapimenta.pl\/kup-bon-podarunkowy\/","url":"https:\/\/annapimenta.pl\/kup-bon-podarunkowy\/","name":"Kup bon podarunkowy &mdash; Anna Pimenta Photography | Fotograf Krak\u00f3w","isPartOf":{"@id":"https:\/\/annapimenta.pl\/#website"},"datePublished":"2018-12-11T10:09:30+00:00","dateModified":"2025-09-19T15:27:58+00:00","breadcrumb":{"@id":"https:\/\/annapimenta.pl\/kup-bon-podarunkowy\/#breadcrumb"},"inLanguage":"en-US","potentialAction":[{"@type":"ReadAction","target":["https:\/\/annapimenta.pl\/kup-bon-podarunkowy\/"]}]},{"@type":"BreadcrumbList","@id":"https:\/\/annapimenta.pl\/kup-bon-podarunkowy\/#breadcrumb","itemListElement":[{"@type":"ListItem","position":1,"name":"Strona g\u0142\u00f3wna","item":"https:\/\/annapimenta.pl\/"},{"@type":"ListItem","position":2,"name":"Kup bon podarunkowy"}]},{"@type":"WebSite","@id":"https:\/\/annapimenta.pl\/#website","url":"https:\/\/annapimenta.pl\/","name":"Anna Pimenta Photography | Fotograf Krak\u00f3w","description":"Fotograf Krak\u00f3w, fotograf na o\u015bwiadczyny, \u015blub plenerowy, \u015blub w plenerze, sesja narzecze\u0144ska, sesja ci\u0105\u017cowa","publisher":{"@id":"https:\/\/annapimenta.pl\/#organization"},"potentialAction":[{"@type":"SearchAction","target":{"@type":"EntryPoint","urlTemplate":"https:\/\/annapimenta.pl\/?s={search_term_string}"},"query-input":"required name=search_term_string"}],"inLanguage":"en-US"},{"@type":"Organization","@id":"https:\/\/annapimenta.pl\/#organization","name":"Anna Pimenta Photography | Fotograf Krak\u00f3w","url":"https:\/\/annapimenta.pl\/","logo":{"@type":"ImageObject","inLanguage":"en-US","@id":"https:\/\/annapimenta.pl\/#\/schema\/logo\/image\/","url":"https:\/\/annapimenta.pl\/wp-content\/uploads\/2017\/05\/Anna-Pimenta-Photography-Logo-Colour-BIG-white-square.png","contentUrl":"https:\/\/annapimenta.pl\/wp-content\/uploads\/2017\/05\/Anna-Pimenta-Photography-Logo-Colour-BIG-white-square.png","width":4115,"height":3215,"caption":"Anna Pimenta Photography | Fotograf Krak\u00f3w"},"image":{"@id":"https:\/\/annapimenta.pl\/#\/schema\/logo\/image\/"},"sameAs":["https:\/\/www.facebook.com\/AnnaPimentaPhotography\/","https:\/\/www.instagram.com\/anna_pimenta_photography\/"]}]}},"_links":{"self":[{"href":"https:\/\/annapimenta.pl\/en\/wp-json\/wp\/v2\/pages\/885","targetHints":{"allow":["GET"]}}],"collection":[{"href":"https:\/\/annapimenta.pl\/en\/wp-json\/wp\/v2\/pages"}],"about":[{"href":"https:\/\/annapimenta.pl\/en\/wp-json\/wp\/v2\/types\/page"}],"author":[{"embeddable":true,"href":"https:\/\/annapimenta.pl\/en\/wp-json\/wp\/v2\/users\/1"}],"replies":[{"embeddable":true,"href":"https:\/\/annapimenta.pl\/en\/wp-json\/wp\/v2\/comments?post=885"}],"version-history":[{"count":45,"href":"https:\/\/annapimenta.pl\/en\/wp-json\/wp\/v2\/pages\/885\/revisions"}],"predecessor-version":[{"id":6267,"href":"https:\/\/annapimenta.pl\/en\/wp-json\/wp\/v2\/pages\/885\/revisions\/6267"}],"wp:attachment":[{"href":"https:\/\/annapimenta.pl\/en\/wp-json\/wp\/v2\/media?parent=885"}],"curies":[{"name":"wp","href":"https:\/\/api.w.org\/{rel}","templated":true}]}}