{"id":6155,"date":"2024-04-25T14:58:25","date_gmt":"2024-04-25T13:58:25","guid":{"rendered":"https:\/\/annapimenta.pl\/?page_id=6155"},"modified":"2024-04-25T14:58:31","modified_gmt":"2024-04-25T13:58:31","slug":"contact","status":"publish","type":"page","link":"https:\/\/annapimenta.pl\/en\/contact\/","title":{"rendered":"Contact"},"content":{"rendered":"<p>Send me an e-mail or fill the form below. Please let me know what kind of photo session in Krakow you&#8217;re interested in, the location you are thinking about and your availability. If you feel like it, write me a few words about you. :) Can&#8217;t wait to photograph you!<\/p>\n\n\n\n<figure class=\"wp-block-image size-large\"><img loading=\"lazy\" decoding=\"async\" width=\"168\" height=\"56\" src=\"https:\/\/annapimenta.pl\/wp-content\/uploads\/2020\/03\/fotograf_krakow_kontakt.jpg\" alt=\"\" class=\"wp-image-2641\"\/><\/figure>\n\n\n\n<p><strong>Here&#8217;s how the process looks: <\/strong><br><br>1. Send me a message and you&#8217;ll receive my pricing guide within 24 hours.<br>2. We find a suitable date and time, you send a down payment of 200 PLN and I book the date for you.<br>3. I help you choose the location and share a few useful tips.<br>4. We meet at the session and have some fun. :)<br>5. You and your loved ones enjoy a priceless memento. \u2665<\/p>\n\n\n\n<div style=\"height:7px\" aria-hidden=\"true\" class=\"wp-block-spacer\"><\/div>\n\n\n\n<p><strong>Planning a proposal?<\/strong><\/p>\n\n\n\n<p>If you&#8217;re interested in a <span style=\"text-decoration: underline;\"><a href=\"https:\/\/annapimenta.pl\/en\/surprise-proposal-photographer-cracow\/\" target=\"_blank\" rel=\"noreferrer noopener\">surprise proposal in Krakow<\/a><\/span>, please <span style=\"text-decoration: underline;\"><a href=\"https:\/\/annapimenta.pl\/en\/surprise-proposal-photo-shoot-inquiry\/\" target=\"_blank\" rel=\"noreferrer noopener\"><strong>fill out this form<\/strong><\/a><\/span>.<\/p>\n\n\n\n<div style=\"height:20px\" aria-hidden=\"true\" class=\"wp-block-spacer\"><\/div>\n\n\n\n<blockquote class=\"wp-block-quote is-layout-flow wp-block-quote-is-layout-flow\">\n<p><em>&#8222;It&#8217;s impossible to describe how amazed I am by Anna&#8217;s approach, professionalism and the quality of work! Anna made us feel great, confident and from the first couple seconds we felt relaxed and not awkward at all, which is what we were afraid of before the shoot. Saying that I recommend Anna as a photographer is not saying enough, and 5 is definitely too few stars to give.&#8221; <\/em><br>~ Kaja<\/p>\n<\/blockquote>\n\n\n\n<div style=\"height:38px\" aria-hidden=\"true\" class=\"wp-block-spacer\"><\/div>\n\n\n<div class=\"wpforms-container wpforms-container-full\" id=\"wpforms-6157\"><form id=\"wpforms-form-6157\" class=\"wpforms-validate wpforms-form\" data-formid=\"6157\" method=\"post\" enctype=\"multipart\/form-data\" action=\"\/en\/wp-json\/wp\/v2\/pages\/6155\" data-token=\"d5a6d89fe8869b98b559afba59477d8e\" data-token-time=\"1776208185\" data-trp-original-action=\"\/en\/wp-json\/wp\/v2\/pages\/6155\"><noscript class=\"wpforms-error-noscript\">Please enable JavaScript in your browser to complete this form.<\/noscript><div class=\"wpforms-field-container\"><div id=\"wpforms-6157-field_0-container\" class=\"wpforms-field wpforms-field-name\" data-field-id=\"0\"><label class=\"wpforms-field-label\" for=\"wpforms-6157-field_0\">Your first names: <span class=\"wpforms-required-label\">*<\/span><\/label><input type=\"text\" id=\"wpforms-6157-field_0\" class=\"wpforms-field-large wpforms-field-required\" name=\"wpforms[fields][0]\" required><\/div><div id=\"wpforms-6157-field_1-container\" class=\"wpforms-field wpforms-field-email\" data-field-id=\"1\"><label class=\"wpforms-field-label\" for=\"wpforms-6157-field_1\">E-mail (please double-check it!): <span class=\"wpforms-required-label\">*<\/span><\/label><input type=\"email\" id=\"wpforms-6157-field_1\" class=\"wpforms-field-large wpforms-field-required\" name=\"wpforms[fields][1]\" spellcheck=\"false\" required><\/div><div id=\"wpforms-6157-field_3-container\" class=\"wpforms-field wpforms-field-select wpforms-field-select-style-classic\" data-field-id=\"3\"><label class=\"wpforms-field-label\" for=\"wpforms-6157-field_3\">Session type:<\/label><select id=\"wpforms-6157-field_3\" class=\"wpforms-field-large\" name=\"wpforms[fields][3]\"><option value=\"Couple photo session\"  selected='selected' class=\"choice-1 depth-1\"  >Couple photo session<\/option><option value=\"Pregnancy session\"  class=\"choice-3 depth-1\"  >Pregnancy session<\/option><option value=\"Post-wedding session\"  class=\"choice-11 depth-1\"  >Post-wedding session<\/option><option value=\"In-home newborn session (parents + a newborn)\"  class=\"choice-10 depth-1\"  >In-home newborn session (parents + a newborn)<\/option><option value=\"Surprise proposal\"  class=\"choice-8 depth-1\"  >Surprise proposal<\/option><option value=\"Photo session gift voucher\"  class=\"choice-9 depth-1\"  >Photo session gift voucher<\/option><\/select><\/div><div id=\"wpforms-6157-field_2-container\" class=\"wpforms-field wpforms-field-textarea\" data-field-id=\"2\"><label class=\"wpforms-field-label\" for=\"wpforms-6157-field_2\">Tell me something about you! :) What month, week or day are you interested in? Have you thought about the location yet? Where are you from? I&#039;m so curious! <span class=\"wpforms-required-label\">*<\/span><\/label><textarea id=\"wpforms-6157-field_2\" class=\"wpforms-field-large wpforms-field-required\" name=\"wpforms[fields][2]\" required><\/textarea><\/div><div id=\"wpforms-6157-field_6-container\" class=\"wpforms-field wpforms-field-text\" data-field-id=\"6\"><label class=\"wpforms-field-label\" for=\"wpforms-6157-field_6\">How did you find me? :)<\/label><input type=\"text\" id=\"wpforms-6157-field_6\" class=\"wpforms-field-large\" name=\"wpforms[fields][6]\" ><\/div><div id=\"wpforms-6157-field_7-container\" class=\"wpforms-field wpforms-field-checkbox\" data-field-id=\"7\"><label class=\"wpforms-field-label\"> Consent to the processing of personal data <span class=\"wpforms-required-label\">*<\/span><\/label><ul id=\"wpforms-6157-field_7\" class=\"wpforms-field-required\"><li class=\"choice-1 depth-1\"><input type=\"checkbox\" id=\"wpforms-6157-field_7_1\" name=\"wpforms[fields][7][]\" value=\"I consent to the processing of my personal data by APP Anna Pimenta (NIP 676 253 84 74) in order to receive information regarding the services provided.\" required><label class=\"wpforms-field-label-inline\" for=\"wpforms-6157-field_7_1\">I consent to the processing of my personal data by APP Anna Pimenta (NIP 676 253 84 74) in order to receive information regarding the services provided.<\/label><\/li><\/ul><\/div><\/div><!-- .wpforms-field-container --><div class=\"wpforms-submit-container\" ><input type=\"hidden\" name=\"wpforms[id]\" value=\"6157\"><input type=\"hidden\" name=\"page_title\" value=\"\"><input type=\"hidden\" name=\"page_url\" value=\"https:\/\/annapimenta.pl\/en\/wp-json\/wp\/v2\/pages\/6155\"><input type=\"hidden\" name=\"url_referer\" value=\"\"><button type=\"submit\" name=\"wpforms[submit]\" id=\"wpforms-submit-6157\" class=\"wpforms-submit\" data-alt-text=\"Sending...\" data-submit-text=\"Send\" aria-live=\"assertive\" value=\"wpforms-submit\">Send<\/button><\/div><input type=\"hidden\" name=\"trp-form-language\" value=\"en\"\/><\/form><\/div>  <!-- .wpforms-container -->\n\n\n\n<p class=\"has-text-align-center has-text-color\" style=\"color:#c0b7b7\"><span style=\"text-decoration: underline;\"><a aria-label=\"Polityka prywatno\u015bci (otwiera si\u0119 na nowej zak\u0142adce)\" href=\"https:\/\/annapimenta.pl\/en\/polityka-prywatnosci-kontakt-indywidualny\/\" target=\"_blank\" rel=\"noreferrer noopener\">Privacy policy<\/a><\/span><\/p>","protected":false},"excerpt":{"rendered":"<p>Send me an e-mail or fill the form below. Please let me know what kind of photo session in Krakow you&#8217;re interested in, the location you are thinking about and your availability. If you feel like it, write me a few words about you. :) Can&#8217;t wait to photograph you! Here&#8217;s how the process looks: [&hellip;]<\/p>","protected":false},"author":1,"featured_media":0,"parent":0,"menu_order":0,"comment_status":"closed","ping_status":"closed","template":"","meta":{"_monsterinsights_skip_tracking":false,"_monsterinsights_sitenote_active":false,"_monsterinsights_sitenote_note":"","_monsterinsights_sitenote_category":0,"footnotes":""},"class_list":["post-6155","page","type-page","status-publish","hentry"],"yoast_head":"<!-- This site is optimized with the Yoast SEO plugin v20.4 - https:\/\/yoast.com\/wordpress\/plugins\/seo\/ -->\n<title>Contact &mdash; Anna Pimenta Photography<\/title>\n<meta name=\"robots\" content=\"index, follow, max-snippet:-1, max-image-preview:large, max-video-preview:-1\" \/>\n<link rel=\"canonical\" href=\"https:\/\/annapimenta.pl\/en\/contact\/\" \/>\n<meta property=\"og:locale\" content=\"en_US\" \/>\n<meta property=\"og:type\" content=\"article\" \/>\n<meta property=\"og:title\" content=\"Contact &mdash; Anna Pimenta Photography\" \/>\n<meta property=\"og:description\" content=\"Send me an e-mail or fill the form below. Please let me know what kind of photo session in Krakow you&#8217;re interested in, the location you are thinking about and your availability. If you feel like it, write me a few words about you. :) Can&#8217;t wait to photograph you! Here&#8217;s how the process looks: [&hellip;]\" \/>\n<meta property=\"og:url\" content=\"https:\/\/annapimenta.pl\/en\/contact\/\" \/>\n<meta property=\"og:site_name\" content=\"Anna Pimenta Photography | Fotograf Krak\u00f3w\" \/>\n<meta property=\"article:publisher\" content=\"https:\/\/www.facebook.com\/AnnaPimentaPhotography\/\" \/>\n<meta property=\"article:modified_time\" content=\"2024-04-25T13:58:31+00:00\" \/>\n<meta property=\"og:image\" content=\"https:\/\/annapimenta.pl\/wp-content\/uploads\/2020\/03\/fotograf_krakow_kontakt.jpg\" \/>\n<meta name=\"twitter:card\" content=\"summary_large_image\" \/>\n<meta name=\"twitter:label1\" content=\"Est. reading time\" \/>\n\t<meta name=\"twitter:data1\" content=\"2 minutes\" \/>\n<script type=\"application\/ld+json\" class=\"yoast-schema-graph\">{\"@context\":\"https:\/\/schema.org\",\"@graph\":[{\"@type\":\"WebPage\",\"@id\":\"https:\/\/annapimenta.pl\/contact\/\",\"url\":\"https:\/\/annapimenta.pl\/contact\/\",\"name\":\"Contact &mdash; Anna Pimenta Photography\",\"isPartOf\":{\"@id\":\"https:\/\/annapimenta.pl\/#website\"},\"datePublished\":\"2024-04-25T13:58:25+00:00\",\"dateModified\":\"2024-04-25T13:58:31+00:00\",\"breadcrumb\":{\"@id\":\"https:\/\/annapimenta.pl\/contact\/#breadcrumb\"},\"inLanguage\":\"en-US\",\"potentialAction\":[{\"@type\":\"ReadAction\",\"target\":[\"https:\/\/annapimenta.pl\/contact\/\"]}]},{\"@type\":\"BreadcrumbList\",\"@id\":\"https:\/\/annapimenta.pl\/contact\/#breadcrumb\",\"itemListElement\":[{\"@type\":\"ListItem\",\"position\":1,\"name\":\"Strona g\u0142\u00f3wna\",\"item\":\"https:\/\/annapimenta.pl\/\"},{\"@type\":\"ListItem\",\"position\":2,\"name\":\"Contact\"}]},{\"@type\":\"WebSite\",\"@id\":\"https:\/\/annapimenta.pl\/#website\",\"url\":\"https:\/\/annapimenta.pl\/\",\"name\":\"Anna Pimenta Photography | Fotograf Krak\u00f3w\",\"description\":\"Fotograf Krak\u00f3w, fotograf na o\u015bwiadczyny, \u015blub plenerowy, \u015blub w plenerze, sesja narzecze\u0144ska, sesja ci\u0105\u017cowa\",\"publisher\":{\"@id\":\"https:\/\/annapimenta.pl\/#organization\"},\"potentialAction\":[{\"@type\":\"SearchAction\",\"target\":{\"@type\":\"EntryPoint\",\"urlTemplate\":\"https:\/\/annapimenta.pl\/?s={search_term_string}\"},\"query-input\":\"required name=search_term_string\"}],\"inLanguage\":\"en-US\"},{\"@type\":\"Organization\",\"@id\":\"https:\/\/annapimenta.pl\/#organization\",\"name\":\"Anna Pimenta Photography | Fotograf Krak\u00f3w\",\"url\":\"https:\/\/annapimenta.pl\/\",\"logo\":{\"@type\":\"ImageObject\",\"inLanguage\":\"en-US\",\"@id\":\"https:\/\/annapimenta.pl\/#\/schema\/logo\/image\/\",\"url\":\"https:\/\/annapimenta.pl\/wp-content\/uploads\/2017\/05\/Anna-Pimenta-Photography-Logo-Colour-BIG-white-square.png\",\"contentUrl\":\"https:\/\/annapimenta.pl\/wp-content\/uploads\/2017\/05\/Anna-Pimenta-Photography-Logo-Colour-BIG-white-square.png\",\"width\":4115,\"height\":3215,\"caption\":\"Anna Pimenta Photography | Fotograf Krak\u00f3w\"},\"image\":{\"@id\":\"https:\/\/annapimenta.pl\/#\/schema\/logo\/image\/\"},\"sameAs\":[\"https:\/\/www.facebook.com\/AnnaPimentaPhotography\/\",\"https:\/\/www.instagram.com\/anna_pimenta_photography\/\"]}]}<\/script>\n<!-- \/ Yoast SEO plugin. -->","yoast_head_json":{"title":"Contact &mdash; Anna Pimenta Photography","robots":{"index":"index","follow":"follow","max-snippet":"max-snippet:-1","max-image-preview":"max-image-preview:large","max-video-preview":"max-video-preview:-1"},"canonical":"https:\/\/annapimenta.pl\/en\/contact\/","og_locale":"en_US","og_type":"article","og_title":"Contact &mdash; Anna Pimenta Photography","og_description":"Send me an e-mail or fill the form below. Please let me know what kind of photo session in Krakow you&#8217;re interested in, the location you are thinking about and your availability. If you feel like it, write me a few words about you. :) Can&#8217;t wait to photograph you! Here&#8217;s how the process looks: [&hellip;]","og_url":"https:\/\/annapimenta.pl\/en\/contact\/","og_site_name":"Anna Pimenta Photography | Fotograf Krak\u00f3w","article_publisher":"https:\/\/www.facebook.com\/AnnaPimentaPhotography\/","article_modified_time":"2024-04-25T13:58:31+00:00","og_image":[{"url":"https:\/\/annapimenta.pl\/wp-content\/uploads\/2020\/03\/fotograf_krakow_kontakt.jpg"}],"twitter_card":"summary_large_image","twitter_misc":{"Est. reading time":"2 minutes"},"schema":{"@context":"https:\/\/schema.org","@graph":[{"@type":"WebPage","@id":"https:\/\/annapimenta.pl\/contact\/","url":"https:\/\/annapimenta.pl\/contact\/","name":"Contact &mdash; Anna Pimenta Photography","isPartOf":{"@id":"https:\/\/annapimenta.pl\/#website"},"datePublished":"2024-04-25T13:58:25+00:00","dateModified":"2024-04-25T13:58:31+00:00","breadcrumb":{"@id":"https:\/\/annapimenta.pl\/contact\/#breadcrumb"},"inLanguage":"en-US","potentialAction":[{"@type":"ReadAction","target":["https:\/\/annapimenta.pl\/contact\/"]}]},{"@type":"BreadcrumbList","@id":"https:\/\/annapimenta.pl\/contact\/#breadcrumb","itemListElement":[{"@type":"ListItem","position":1,"name":"Strona g\u0142\u00f3wna","item":"https:\/\/annapimenta.pl\/"},{"@type":"ListItem","position":2,"name":"Contact"}]},{"@type":"WebSite","@id":"https:\/\/annapimenta.pl\/#website","url":"https:\/\/annapimenta.pl\/","name":"Anna Pimenta Photography | Fotograf Krak\u00f3w","description":"Fotograf Krak\u00f3w, fotograf na o\u015bwiadczyny, \u015blub plenerowy, \u015blub w plenerze, sesja narzecze\u0144ska, sesja ci\u0105\u017cowa","publisher":{"@id":"https:\/\/annapimenta.pl\/#organization"},"potentialAction":[{"@type":"SearchAction","target":{"@type":"EntryPoint","urlTemplate":"https:\/\/annapimenta.pl\/?s={search_term_string}"},"query-input":"required name=search_term_string"}],"inLanguage":"en-US"},{"@type":"Organization","@id":"https:\/\/annapimenta.pl\/#organization","name":"Anna Pimenta Photography | Fotograf Krak\u00f3w","url":"https:\/\/annapimenta.pl\/","logo":{"@type":"ImageObject","inLanguage":"en-US","@id":"https:\/\/annapimenta.pl\/#\/schema\/logo\/image\/","url":"https:\/\/annapimenta.pl\/wp-content\/uploads\/2017\/05\/Anna-Pimenta-Photography-Logo-Colour-BIG-white-square.png","contentUrl":"https:\/\/annapimenta.pl\/wp-content\/uploads\/2017\/05\/Anna-Pimenta-Photography-Logo-Colour-BIG-white-square.png","width":4115,"height":3215,"caption":"Anna Pimenta Photography | Fotograf Krak\u00f3w"},"image":{"@id":"https:\/\/annapimenta.pl\/#\/schema\/logo\/image\/"},"sameAs":["https:\/\/www.facebook.com\/AnnaPimentaPhotography\/","https:\/\/www.instagram.com\/anna_pimenta_photography\/"]}]}},"_links":{"self":[{"href":"https:\/\/annapimenta.pl\/en\/wp-json\/wp\/v2\/pages\/6155","targetHints":{"allow":["GET"]}}],"collection":[{"href":"https:\/\/annapimenta.pl\/en\/wp-json\/wp\/v2\/pages"}],"about":[{"href":"https:\/\/annapimenta.pl\/en\/wp-json\/wp\/v2\/types\/page"}],"author":[{"embeddable":true,"href":"https:\/\/annapimenta.pl\/en\/wp-json\/wp\/v2\/users\/1"}],"replies":[{"embeddable":true,"href":"https:\/\/annapimenta.pl\/en\/wp-json\/wp\/v2\/comments?post=6155"}],"version-history":[{"count":2,"href":"https:\/\/annapimenta.pl\/en\/wp-json\/wp\/v2\/pages\/6155\/revisions"}],"predecessor-version":[{"id":6163,"href":"https:\/\/annapimenta.pl\/en\/wp-json\/wp\/v2\/pages\/6155\/revisions\/6163"}],"wp:attachment":[{"href":"https:\/\/annapimenta.pl\/en\/wp-json\/wp\/v2\/media?parent=6155"}],"curies":[{"name":"wp","href":"https:\/\/api.w.org\/{rel}","templated":true}]}}