{"id":5180,"date":"2023-03-03T10:56:00","date_gmt":"2023-03-03T09:56:00","guid":{"rendered":"https:\/\/annapimenta.pl\/?page_id=5180"},"modified":"2023-03-21T09:48:36","modified_gmt":"2023-03-21T08:48:36","slug":"thank-you-2","status":"publish","type":"page","link":"https:\/\/annapimenta.pl\/en\/thank-you-2\/","title":{"rendered":"Thank you for your message!"},"content":{"rendered":"<p>Thanks for your message! I&#8217;m so happy you&#8217;re considering giving your loved one such a timeless gift! \u2661<\/p>\n\n\n\n<p>I always reply. <strong>If you don&#8217;t receive my reply within 24 hours, please fill out the form again<\/strong> (and make sure to double check if your e-mail address is correct!). :) <\/p>\n\n\n\n<p class=\"has-text-align-center\">*<\/p>\n\n\n\n<p>If you want to celebrate your engagement in a nice restaurant with delicious food, check out <span style=\"text-decoration: underline;\"><a href=\"https:\/\/annapimenta.pl\/en\/product\/romantic-dinner-krakow\/\" target=\"_blank\" rel=\"noreferrer noopener\"><strong>my guide: &#8222;15 Best Restaurants to Celebrate Your Engagement in Cracow&#8221;<\/strong><\/a><\/span> for the best tips and recommendations from a local foodie! :) I&#8217;m sure it&#8217;ll be very helpful to someone who doesn&#8217;t know Krakow that well!<\/p>\n\n\n\n<figure class=\"wp-block-image size-full is-resized\"><a href=\"https:\/\/annapimenta.pl\/en\/product\/romantic-dinner-krakow\/\" target=\"_blank\" rel=\"noreferrer noopener\"><img loading=\"lazy\" decoding=\"async\" src=\"https:\/\/annapimenta.pl\/wp-content\/uploads\/2023\/02\/Best_romantic_restaurants_Cracow_engagement_dinner_Krakow-9.jpg\" alt=\"\" class=\"wp-image-5134\" width=\"840\" height=\"1436\" srcset=\"https:\/\/annapimenta.pl\/wp-content\/uploads\/2023\/02\/Best_romantic_restaurants_Cracow_engagement_dinner_Krakow-9.jpg 1000w, https:\/\/annapimenta.pl\/wp-content\/uploads\/2023\/02\/Best_romantic_restaurants_Cracow_engagement_dinner_Krakow-9-175x300.jpg 175w, https:\/\/annapimenta.pl\/wp-content\/uploads\/2023\/02\/Best_romantic_restaurants_Cracow_engagement_dinner_Krakow-9-599x1024.jpg 599w, https:\/\/annapimenta.pl\/wp-content\/uploads\/2023\/02\/Best_romantic_restaurants_Cracow_engagement_dinner_Krakow-9-768x1313.jpg 768w, https:\/\/annapimenta.pl\/wp-content\/uploads\/2023\/02\/Best_romantic_restaurants_Cracow_engagement_dinner_Krakow-9-898x1536.jpg 898w, https:\/\/annapimenta.pl\/wp-content\/uploads\/2023\/02\/Best_romantic_restaurants_Cracow_engagement_dinner_Krakow-9-300x513.jpg 300w, https:\/\/annapimenta.pl\/wp-content\/uploads\/2023\/02\/Best_romantic_restaurants_Cracow_engagement_dinner_Krakow-9-600x1026.jpg 600w\" sizes=\"auto, (max-width: 840px) 100vw, 840px\" \/><\/a><\/figure>\n\n\n\n<p class=\"has-text-align-center\">*<\/p>\n\n\n\n<p class=\"has-text-align-center\">Also, check out my <span style=\"text-decoration: underline;\"><a href=\"https:\/\/www.instagram.com\/anna_pimenta_photography\" target=\"_blank\" rel=\"noreferrer noopener\">Instagram<\/a><\/span> and <span style=\"text-decoration: underline;\"><a href=\"https:\/\/www.facebook.com\/AnnaPimentaPhotography\" target=\"_blank\" rel=\"noreferrer noopener\">Facebook<\/a><\/span> if you&#8217;d like. :)<\/p>","protected":false},"excerpt":{"rendered":"<p>Thanks for your message! I&#8217;m so happy you&#8217;re considering giving your loved one such a timeless gift! \u2661 I always reply. If you don&#8217;t receive my reply within 24 hours, please fill out the form again (and make sure to double check if your e-mail address is correct!). :) * If you want to celebrate [&hellip;]<\/p>","protected":false},"author":1,"featured_media":0,"parent":0,"menu_order":0,"comment_status":"closed","ping_status":"closed","template":"","meta":{"_monsterinsights_skip_tracking":false,"_monsterinsights_sitenote_active":false,"_monsterinsights_sitenote_note":"","_monsterinsights_sitenote_category":0,"footnotes":""},"class_list":["post-5180","page","type-page","status-publish","hentry"],"yoast_head":"<!-- This site is optimized with the Yoast SEO plugin v20.4 - https:\/\/yoast.com\/wordpress\/plugins\/seo\/ -->\n<title>Thank you for your message! &mdash; Anna Pimenta Photography | Fotograf Krak\u00f3w<\/title>\n<meta name=\"robots\" content=\"noindex, follow\" \/>\n<meta property=\"og:locale\" content=\"en_US\" \/>\n<meta property=\"og:type\" content=\"article\" \/>\n<meta property=\"og:title\" content=\"Thank you for your message! &mdash; Anna Pimenta Photography | Fotograf Krak\u00f3w\" \/>\n<meta property=\"og:description\" content=\"Thanks for your message! I&#8217;m so happy you&#8217;re considering giving your loved one such a timeless gift! \u2661 I always reply. If you don&#8217;t receive my reply within 24 hours, please fill out the form again (and make sure to double check if your e-mail address is correct!). :) * If you want to celebrate [&hellip;]\" \/>\n<meta property=\"og:url\" content=\"https:\/\/annapimenta.pl\/en\/thank-you-2\/\" \/>\n<meta property=\"og:site_name\" content=\"Anna Pimenta Photography | Fotograf Krak\u00f3w\" \/>\n<meta property=\"article:publisher\" content=\"https:\/\/www.facebook.com\/AnnaPimentaPhotography\/\" \/>\n<meta property=\"article:modified_time\" content=\"2023-03-21T08:48:36+00:00\" \/>\n<meta property=\"og:image\" content=\"https:\/\/annapimenta.pl\/wp-content\/uploads\/2023\/02\/Best_romantic_restaurants_Cracow_engagement_dinner_Krakow-9.jpg\" \/>\n<meta name=\"twitter:card\" content=\"summary_large_image\" \/>\n<meta name=\"twitter:label1\" content=\"Est. reading time\" \/>\n\t<meta name=\"twitter:data1\" content=\"1 minute\" \/>\n<script type=\"application\/ld+json\" class=\"yoast-schema-graph\">{\"@context\":\"https:\/\/schema.org\",\"@graph\":[{\"@type\":\"WebPage\",\"@id\":\"https:\/\/annapimenta.pl\/thank-you-2\/\",\"url\":\"https:\/\/annapimenta.pl\/thank-you-2\/\",\"name\":\"Thank you for your message! &mdash; Anna Pimenta Photography | Fotograf Krak\u00f3w\",\"isPartOf\":{\"@id\":\"https:\/\/annapimenta.pl\/#website\"},\"datePublished\":\"2023-03-03T09:56:00+00:00\",\"dateModified\":\"2023-03-21T08:48:36+00:00\",\"breadcrumb\":{\"@id\":\"https:\/\/annapimenta.pl\/thank-you-2\/#breadcrumb\"},\"inLanguage\":\"en-US\",\"potentialAction\":[{\"@type\":\"ReadAction\",\"target\":[\"https:\/\/annapimenta.pl\/thank-you-2\/\"]}]},{\"@type\":\"BreadcrumbList\",\"@id\":\"https:\/\/annapimenta.pl\/thank-you-2\/#breadcrumb\",\"itemListElement\":[{\"@type\":\"ListItem\",\"position\":1,\"name\":\"Strona g\u0142\u00f3wna\",\"item\":\"https:\/\/annapimenta.pl\/\"},{\"@type\":\"ListItem\",\"position\":2,\"name\":\"Thank you for your message!\"}]},{\"@type\":\"WebSite\",\"@id\":\"https:\/\/annapimenta.pl\/#website\",\"url\":\"https:\/\/annapimenta.pl\/\",\"name\":\"Anna Pimenta Photography | Fotograf Krak\u00f3w\",\"description\":\"Fotograf Krak\u00f3w, fotograf na o\u015bwiadczyny, \u015blub plenerowy, \u015blub w plenerze, sesja narzecze\u0144ska, sesja ci\u0105\u017cowa\",\"publisher\":{\"@id\":\"https:\/\/annapimenta.pl\/#organization\"},\"potentialAction\":[{\"@type\":\"SearchAction\",\"target\":{\"@type\":\"EntryPoint\",\"urlTemplate\":\"https:\/\/annapimenta.pl\/?s={search_term_string}\"},\"query-input\":\"required name=search_term_string\"}],\"inLanguage\":\"en-US\"},{\"@type\":\"Organization\",\"@id\":\"https:\/\/annapimenta.pl\/#organization\",\"name\":\"Anna Pimenta Photography | Fotograf Krak\u00f3w\",\"url\":\"https:\/\/annapimenta.pl\/\",\"logo\":{\"@type\":\"ImageObject\",\"inLanguage\":\"en-US\",\"@id\":\"https:\/\/annapimenta.pl\/#\/schema\/logo\/image\/\",\"url\":\"https:\/\/annapimenta.pl\/wp-content\/uploads\/2017\/05\/Anna-Pimenta-Photography-Logo-Colour-BIG-white-square.png\",\"contentUrl\":\"https:\/\/annapimenta.pl\/wp-content\/uploads\/2017\/05\/Anna-Pimenta-Photography-Logo-Colour-BIG-white-square.png\",\"width\":4115,\"height\":3215,\"caption\":\"Anna Pimenta Photography | Fotograf Krak\u00f3w\"},\"image\":{\"@id\":\"https:\/\/annapimenta.pl\/#\/schema\/logo\/image\/\"},\"sameAs\":[\"https:\/\/www.facebook.com\/AnnaPimentaPhotography\/\",\"https:\/\/www.instagram.com\/anna_pimenta_photography\/\"]}]}<\/script>\n<!-- \/ Yoast SEO plugin. -->","yoast_head_json":{"title":"Thank you for your message! &mdash; Anna Pimenta Photography | Fotograf Krak\u00f3w","robots":{"index":"noindex","follow":"follow"},"og_locale":"en_US","og_type":"article","og_title":"Thank you for your message! &mdash; Anna Pimenta Photography | Fotograf Krak\u00f3w","og_description":"Thanks for your message! I&#8217;m so happy you&#8217;re considering giving your loved one such a timeless gift! \u2661 I always reply. If you don&#8217;t receive my reply within 24 hours, please fill out the form again (and make sure to double check if your e-mail address is correct!). :) * If you want to celebrate [&hellip;]","og_url":"https:\/\/annapimenta.pl\/en\/thank-you-2\/","og_site_name":"Anna Pimenta Photography | Fotograf Krak\u00f3w","article_publisher":"https:\/\/www.facebook.com\/AnnaPimentaPhotography\/","article_modified_time":"2023-03-21T08:48:36+00:00","og_image":[{"url":"https:\/\/annapimenta.pl\/wp-content\/uploads\/2023\/02\/Best_romantic_restaurants_Cracow_engagement_dinner_Krakow-9.jpg"}],"twitter_card":"summary_large_image","twitter_misc":{"Est. reading time":"1 minute"},"schema":{"@context":"https:\/\/schema.org","@graph":[{"@type":"WebPage","@id":"https:\/\/annapimenta.pl\/thank-you-2\/","url":"https:\/\/annapimenta.pl\/thank-you-2\/","name":"Thank you for your message! &mdash; Anna Pimenta Photography | Fotograf Krak\u00f3w","isPartOf":{"@id":"https:\/\/annapimenta.pl\/#website"},"datePublished":"2023-03-03T09:56:00+00:00","dateModified":"2023-03-21T08:48:36+00:00","breadcrumb":{"@id":"https:\/\/annapimenta.pl\/thank-you-2\/#breadcrumb"},"inLanguage":"en-US","potentialAction":[{"@type":"ReadAction","target":["https:\/\/annapimenta.pl\/thank-you-2\/"]}]},{"@type":"BreadcrumbList","@id":"https:\/\/annapimenta.pl\/thank-you-2\/#breadcrumb","itemListElement":[{"@type":"ListItem","position":1,"name":"Strona g\u0142\u00f3wna","item":"https:\/\/annapimenta.pl\/"},{"@type":"ListItem","position":2,"name":"Thank you for your message!"}]},{"@type":"WebSite","@id":"https:\/\/annapimenta.pl\/#website","url":"https:\/\/annapimenta.pl\/","name":"Anna Pimenta Photography | Fotograf Krak\u00f3w","description":"Fotograf Krak\u00f3w, fotograf na o\u015bwiadczyny, \u015blub plenerowy, \u015blub w plenerze, sesja narzecze\u0144ska, sesja ci\u0105\u017cowa","publisher":{"@id":"https:\/\/annapimenta.pl\/#organization"},"potentialAction":[{"@type":"SearchAction","target":{"@type":"EntryPoint","urlTemplate":"https:\/\/annapimenta.pl\/?s={search_term_string}"},"query-input":"required name=search_term_string"}],"inLanguage":"en-US"},{"@type":"Organization","@id":"https:\/\/annapimenta.pl\/#organization","name":"Anna Pimenta Photography | Fotograf Krak\u00f3w","url":"https:\/\/annapimenta.pl\/","logo":{"@type":"ImageObject","inLanguage":"en-US","@id":"https:\/\/annapimenta.pl\/#\/schema\/logo\/image\/","url":"https:\/\/annapimenta.pl\/wp-content\/uploads\/2017\/05\/Anna-Pimenta-Photography-Logo-Colour-BIG-white-square.png","contentUrl":"https:\/\/annapimenta.pl\/wp-content\/uploads\/2017\/05\/Anna-Pimenta-Photography-Logo-Colour-BIG-white-square.png","width":4115,"height":3215,"caption":"Anna Pimenta Photography | Fotograf Krak\u00f3w"},"image":{"@id":"https:\/\/annapimenta.pl\/#\/schema\/logo\/image\/"},"sameAs":["https:\/\/www.facebook.com\/AnnaPimentaPhotography\/","https:\/\/www.instagram.com\/anna_pimenta_photography\/"]}]}},"_links":{"self":[{"href":"https:\/\/annapimenta.pl\/en\/wp-json\/wp\/v2\/pages\/5180","targetHints":{"allow":["GET"]}}],"collection":[{"href":"https:\/\/annapimenta.pl\/en\/wp-json\/wp\/v2\/pages"}],"about":[{"href":"https:\/\/annapimenta.pl\/en\/wp-json\/wp\/v2\/types\/page"}],"author":[{"embeddable":true,"href":"https:\/\/annapimenta.pl\/en\/wp-json\/wp\/v2\/users\/1"}],"replies":[{"embeddable":true,"href":"https:\/\/annapimenta.pl\/en\/wp-json\/wp\/v2\/comments?post=5180"}],"version-history":[{"count":4,"href":"https:\/\/annapimenta.pl\/en\/wp-json\/wp\/v2\/pages\/5180\/revisions"}],"predecessor-version":[{"id":5258,"href":"https:\/\/annapimenta.pl\/en\/wp-json\/wp\/v2\/pages\/5180\/revisions\/5258"}],"wp:attachment":[{"href":"https:\/\/annapimenta.pl\/en\/wp-json\/wp\/v2\/media?parent=5180"}],"curies":[{"name":"wp","href":"https:\/\/api.w.org\/{rel}","templated":true}]}}