{"id":4635,"date":"2022-12-08T17:41:22","date_gmt":"2022-12-08T16:41:22","guid":{"rendered":"https:\/\/annapimenta.pl\/?page_id=4635"},"modified":"2025-09-19T16:27:28","modified_gmt":"2025-09-19T15:27:28","slug":"buy-a-gift-voucher","status":"publish","type":"page","link":"https:\/\/annapimenta.pl\/en\/buy-a-gift-voucher\/","title":{"rendered":"Buy a gift voucher &#8211; Krakow photo session"},"content":{"rendered":"<p>I am very happy that you are considering purchasing such a <strong>wonderful and timeless gift<\/strong> but I am absolutely sure that the recipients of this session will be even more happy than I am! :)<\/p>\n\n\n\n<p><strong>The value of the gift voucher is: <br><em><strong>\u2665<\/strong><\/em> 800 PLN <\/strong>(couple sessions and pregnancy sessions, includes 15 photographs),<br><em><strong>\u2665<\/strong><\/em><strong> 900 PLN<\/strong> (post-wedding sessions and in-home newborn sessions, includes 15 photographs),<br><em><strong><em><strong>\u2665<\/strong><\/em><\/strong><\/em><strong> 1500 PLN<\/strong> (outdoor family sessions with max. 1 child, includes 25 photographs + a 15&#215;15 cm album).<\/p>\n\n\n\n<p><strong>Here&#8217;s what&#8217;s included in the price:<\/strong><\/p>\n\n\n\n<ul class=\"wp-block-list\">\n<li>personalised voucher in an elegant envelope in the colour of your choice,<\/li>\n\n\n\n<li>an in-home or an outdoor session anywhere in Krakow,<\/li>\n\n\n\n<li>photos edited in a professional, natural and timeless style,<\/li>\n\n\n\n<li>the ability to choose favourite photos from 70-140 (!) best shots,<\/li>\n\n\n\n<li>the possibility of purchasing extra photos with discounts,<\/li>\n\n\n\n<li>up to 6 months to set the session date,<\/li>\n\n\n\n<li>a session with an experienced, English-speaking photographer (<strong>100% 5-star reviews!<\/strong>),<\/li>\n\n\n\n<li>an online gallery to share the end results with family and friends,<\/li>\n\n\n\n<li>advice on styling, location and preparation for the session,<\/li>\n\n\n\n<li>a fun experience without awkward posing! :)<\/li>\n<\/ul>\n\n\n\n<p>Remember that <strong>90% of my clients have never had a photo session before<\/strong>\u2014I have a lot of experience photographing people who &#8222;don&#8217;t know what they should be doing during a session&#8221; and I assure you that the results <em>will <\/em>surprise them. :)<\/p>\n\n\n\n<p>It is also possible to buy a gift voucher for the highest quality photo album (photobook) or a beautiful, personalised photo box with prints in various sizes. Let me know if you&#8217;re interested!<\/p>\n\n\n\n<p><strong>Please fill out the fields below and I will contact you shortly to complete all the formalities:<\/strong><\/p>\n\n\n<div class=\"wpforms-container wpforms-container-full wpforms-block wpforms-block-592d7b35-b314-4bb3-9bef-f34afec5406b\" id=\"wpforms-4641\"><form id=\"wpforms-form-4641\" class=\"wpforms-validate wpforms-form\" data-formid=\"4641\" method=\"post\" enctype=\"multipart\/form-data\" action=\"\/en\/wp-json\/wp\/v2\/pages\/4635\" data-token=\"8f3c9393d1902a43f787a337d9b7c4db\" data-token-time=\"1776287216\" data-trp-original-action=\"\/en\/wp-json\/wp\/v2\/pages\/4635\"><noscript class=\"wpforms-error-noscript\">Please enable JavaScript in your browser to complete this form.<\/noscript><div class=\"wpforms-field-container\"><div id=\"wpforms-4641-field_0-container\" class=\"wpforms-field wpforms-field-name\" data-field-id=\"0\"><label class=\"wpforms-field-label\" for=\"wpforms-4641-field_0\">Your name and surname <span class=\"wpforms-required-label\">*<\/span><\/label><input type=\"text\" id=\"wpforms-4641-field_0\" class=\"wpforms-field-large wpforms-field-required\" name=\"wpforms[fields][0]\" required><\/div><div id=\"wpforms-4641-field_1-container\" class=\"wpforms-field wpforms-field-email\" data-field-id=\"1\"><label class=\"wpforms-field-label\" for=\"wpforms-4641-field_1\">Your e-mail address <span class=\"wpforms-required-label\">*<\/span><\/label><input type=\"email\" id=\"wpforms-4641-field_1\" class=\"wpforms-field-large wpforms-field-required\" name=\"wpforms[fields][1]\" spellcheck=\"false\" required><\/div><div id=\"wpforms-4641-field_6-container\" class=\"wpforms-field wpforms-field-text\" data-field-id=\"6\"><label class=\"wpforms-field-label\" for=\"wpforms-4641-field_6\">Name(s) of the recipient(s) of the voucher <span class=\"wpforms-required-label\">*<\/span><\/label><input type=\"text\" id=\"wpforms-4641-field_6\" class=\"wpforms-field-large wpforms-field-required\" name=\"wpforms[fields][6]\" required><\/div><div id=\"wpforms-4641-field_7-container\" class=\"wpforms-field wpforms-field-select wpforms-field-select-style-classic\" data-field-id=\"7\"><label class=\"wpforms-field-label\" for=\"wpforms-4641-field_7\">What kind of session would you like to gift them? <span class=\"wpforms-required-label\">*<\/span><\/label><select id=\"wpforms-4641-field_7\" class=\"wpforms-field-large wpforms-field-required\" name=\"wpforms[fields][7]\" required=\"required\"><option value=\"Couple session (800 PLN)\"  class=\"choice-1 depth-1\"  >Couple session (800 PLN)<\/option><option value=\"Pregnancy session (800 PLN)\"  class=\"choice-5 depth-1\"  >Pregnancy session (800 PLN)<\/option><option value=\"Post-wedding session (900 PLN)\"  class=\"choice-9 depth-1\"  >Post-wedding session (900 PLN)<\/option><option value=\"In-home newborn session (parents + newborn) (900 PLN)\"  class=\"choice-10 depth-1\"  >In-home newborn session (parents + newborn) (900 PLN)<\/option><option value=\"Outdoor family session (parents + max. 1 child) (1500 PLN)\"  class=\"choice-8 depth-1\"  >Outdoor family session (parents + max. 1 child) (1500 PLN)<\/option><\/select><\/div><div id=\"wpforms-4641-field_5-container\" class=\"wpforms-field wpforms-field-select wpforms-field-select-style-classic\" data-field-id=\"5\"><label class=\"wpforms-field-label\" for=\"wpforms-4641-field_5\">Voucher shipping <span class=\"wpforms-required-label\">*<\/span><\/label><select id=\"wpforms-4641-field_5\" class=\"wpforms-field-large wpforms-field-required\" name=\"wpforms[fields][5]\" required=\"required\"><option value=\"Kurier DPD (+16 PLN)\"  class=\"choice-2 depth-1\"  >Kurier DPD (+16 PLN)<\/option><option value=\"Automat Paczkowy DPD (+13 PLN)\"  class=\"choice-5 depth-1\"  >Automat Paczkowy DPD (+13 PLN)<\/option><option value=\"Paczkomat InPost (+17 PLN)\"  class=\"choice-3 depth-1\"  >Paczkomat InPost (+17 PLN)<\/option><option value=\"Self-pickup in Krakow (ul. Rostworowskiego)\"  class=\"choice-1 depth-1\"  >Self-pickup in Krakow (ul. Rostworowskiego)<\/option><option value=\"E-mail (simple PDF file ready to print)\"  class=\"choice-4 depth-1\"  >E-mail (simple PDF file ready to print)<\/option><\/select><\/div><div id=\"wpforms-4641-field_10-container\" class=\"wpforms-field wpforms-field-select wpforms-field-select-style-classic\" data-field-id=\"10\"><label class=\"wpforms-field-label\" for=\"wpforms-4641-field_10\">Envelope colour<\/label><select id=\"wpforms-4641-field_10\" class=\"wpforms-field-large\" name=\"wpforms[fields][10]\"><option value=\"Golden\"  class=\"choice-1 depth-1\"  >Golden<\/option><option value=\"Dark green\"  class=\"choice-3 depth-1\"  >Dark green<\/option><option value=\"Powder pink\"  class=\"choice-4 depth-1\"  >Powder pink<\/option><option value=\"White\"  class=\"choice-5 depth-1\"  >White<\/option><\/select><\/div><div id=\"wpforms-4641-field_9-container\" class=\"wpforms-field wpforms-field-textarea\" data-field-id=\"9\"><label class=\"wpforms-field-label\" for=\"wpforms-4641-field_9\">If you want to, tell me something more about the recipient(s) of the voucher or what the occasion is. :)<\/label><textarea id=\"wpforms-4641-field_9\" class=\"wpforms-field-medium\" name=\"wpforms[fields][9]\" ><\/textarea><\/div><div id=\"wpforms-4641-field_4-container\" class=\"wpforms-field wpforms-field-checkbox\" data-field-id=\"4\"><label class=\"wpforms-field-label\">Have you read the Terms and Conditions of Purchasing Photo Session Gift Vouchers and do you accept them?  <span class=\"wpforms-required-label\">*<\/span><\/label><ul id=\"wpforms-4641-field_4\" class=\"wpforms-field-required\"><li class=\"choice-1 depth-1\"><input type=\"checkbox\" id=\"wpforms-4641-field_4_1\" name=\"wpforms[fields][4][]\" value=\"Yes, I have read and accept the Terms.\" required><label class=\"wpforms-field-label-inline\" for=\"wpforms-4641-field_4_1\">Yes, I have read and accept the Terms.<\/label><\/li><\/ul><div class=\"wpforms-field-description\">1. The willingness to purchase a gift voucher can be reported via the contact form.\r\n2. The gift voucher entitles to one photo session (duration approx. 1-1,5 hour), from which the Recipient will receive 15 edited photos in digital format (or 25 photos + a 15&#215;15 cm album in case of family sessions).\r\n3. The price of the gift voucher is 800 PLN (couple sessions and pregnancy sessions), 900 PLN (in-home newborn sessions and post-wedding couple sessions), or 1500 PLN (outdoor family sessions with max. 1 child).\r\n4. The date of the session is to be agreed with the Recipient.\r\n5. The payment for the gift voucher can be made via a traditional bank transfer (PL 42 1140 2004 0000 3102 7638 0494), Revolut, or PayPal.\r\n6. A gift voucher can be obtained in three ways:\r\na. via self-pickup (ul. Rostworowskiego 16, Ruczaj) at an agreed time;\r\nb. via Paczkomat InPost (+17 PLN) or Kurier DPD (+16 PLN) or Automat Paczkowy DPD (+13 PLN);\r\nc. via e-mail. In this case, the voucher is sent in the form of a PDF file (without an envelope). The voucher is prepared as soon as the payment is registered on the photographer\u2019s bank account.\r\n7. As proof of purchase, the Buyer receives an invoice (without VAT).\r\n8. Photo sessions take place in Krakow or its vicinity, in one location, to be agreed with the Recipient.\r\n9. The validity date of the voucher is printed on the voucher and is 6 months from the date of purchase.\r\n10. If the Recipient does not use the voucher within the validity period, the Buyer is not entitled to a refund and the session is forfeited. There is a possibility of an optional, paid (150 PLN) extension of the validity of the voucher after the expiry date. The Recipient can extend the validity of the voucher by a maximum of 2 months.\r\n11. The gift voucher can be transferred to another person.\r\n12. The gift voucher cannot be exchanged for cash.\r\n13. After receiving the voucher, the Recipient should arrange the date of the photo session with the Photographer by e-mail. The Photographer\u2019s e-mail address is placed on the voucher.\r\n14. In order for the session to take place, it is necessary for the Recipient to sign a standard photography services contract with the Photographer. Upon request, the Photographer shall provide a template of such contract to the Buyer prior to purchase.\r\n15. Gift voucher photo sessions are: couple sessions (anniversary, engagement sessions, etc.), post-wedding sessions, pregnancy sessions, in-home newborn sessions, outdoor family sessions (parents + max. 1 child).\r\n16. Sessions take place outdoors or at the Recipient\u2019s home address.\r\n17. The Buyer of a gift voucher, when purchasing a voucher, declares that s\/he has seen the Photographer\u2019s portfolio, and agrees, in particular, with the Photographer\u2019s editing style and artistic vision (the Photographer does not use any props such as balloons, cakes, confetti, toys, blackboards, or other decorations).\r\n18. The purchase of a gift voucher means the Buyer accepts these Terms and Conditions.<\/div><\/div><div id=\"wpforms-4641-field_8-container\" class=\"wpforms-field wpforms-field-checkbox\" data-field-id=\"8\"><label class=\"wpforms-field-label\">Consent to the processing of personal data <span class=\"wpforms-required-label\">*<\/span><\/label><ul id=\"wpforms-4641-field_8\" class=\"wpforms-field-required\"><li class=\"choice-1 depth-1\"><input type=\"checkbox\" id=\"wpforms-4641-field_8_1\" name=\"wpforms[fields][8][]\" value=\"I consent to the processing of my personal data by APP Anna Pimenta (NIP 676 253 84 74) in order to receive information regarding the services provided.\" required><label class=\"wpforms-field-label-inline\" for=\"wpforms-4641-field_8_1\">I consent to the processing of my personal data by APP Anna Pimenta (NIP 676 253 84 74) in order to receive information regarding the services provided.<\/label><\/li><\/ul><\/div><\/div><!-- .wpforms-field-container --><div class=\"wpforms-submit-container\" ><input type=\"hidden\" name=\"wpforms[id]\" value=\"4641\"><input type=\"hidden\" name=\"page_title\" value=\"\"><input type=\"hidden\" name=\"page_url\" value=\"https:\/\/annapimenta.pl\/en\/wp-json\/wp\/v2\/pages\/4635\"><input type=\"hidden\" name=\"url_referer\" value=\"https:\/\/annapimenta.pl\/en\/buy-a-gift-voucher\/\"><button type=\"submit\" name=\"wpforms[submit]\" id=\"wpforms-submit-4641\" class=\"wpforms-submit\" data-alt-text=\"Sending...\" data-submit-text=\"Send\" aria-live=\"assertive\" value=\"wpforms-submit\">Send<\/button><\/div><input type=\"hidden\" name=\"trp-form-language\" value=\"en\"\/><\/form><\/div>  <!-- .wpforms-container -->\n\n\n<p class=\"has-text-align-center has-text-color\" style=\"color:#c0b7b7\"><span style=\"text-decoration: underline;\"><a href=\"https:\/\/annapimenta.pl\/en\/polityka-prywatnosci-kontakt-indywidualny\/\" target=\"_blank\" rel=\"noreferrer noopener nofollow\">Privacy policy<\/a><\/span><\/p>\n\n\n\n<figure class=\"wp-block-image\"><img loading=\"lazy\" decoding=\"async\" width=\"1024\" height=\"683\" src=\"https:\/\/annapimenta.pl\/wp-content\/uploads\/2018\/12\/Sesja_na_prezent_Krakow_fotograf_Anna_Pimenta_Photography-8-1024x683.jpg\" alt=\"\" class=\"wp-image-888\" srcset=\"https:\/\/annapimenta.pl\/wp-content\/uploads\/2018\/12\/Sesja_na_prezent_Krakow_fotograf_Anna_Pimenta_Photography-8-1024x683.jpg 1024w, https:\/\/annapimenta.pl\/wp-content\/uploads\/2018\/12\/Sesja_na_prezent_Krakow_fotograf_Anna_Pimenta_Photography-8-300x200.jpg 300w, https:\/\/annapimenta.pl\/wp-content\/uploads\/2018\/12\/Sesja_na_prezent_Krakow_fotograf_Anna_Pimenta_Photography-8-600x400.jpg 600w, https:\/\/annapimenta.pl\/wp-content\/uploads\/2018\/12\/Sesja_na_prezent_Krakow_fotograf_Anna_Pimenta_Photography-8-768x512.jpg 768w, https:\/\/annapimenta.pl\/wp-content\/uploads\/2018\/12\/Sesja_na_prezent_Krakow_fotograf_Anna_Pimenta_Photography-8-330x220.jpg 330w, https:\/\/annapimenta.pl\/wp-content\/uploads\/2018\/12\/Sesja_na_prezent_Krakow_fotograf_Anna_Pimenta_Photography-8.jpg 1050w\" sizes=\"auto, (max-width: 1024px) 100vw, 1024px\" \/><\/figure>","protected":false},"excerpt":{"rendered":"<p>I am very happy that you are considering purchasing such a wonderful and timeless gift but I am absolutely sure that the recipients of this session will be even more happy than I am! :) The value of the gift voucher is: \u2665 800 PLN (couple sessions and pregnancy sessions, includes 15 photographs),\u2665 900 PLN [&hellip;]<\/p>","protected":false},"author":1,"featured_media":0,"parent":0,"menu_order":0,"comment_status":"closed","ping_status":"closed","template":"","meta":{"_monsterinsights_skip_tracking":false,"_monsterinsights_sitenote_active":false,"_monsterinsights_sitenote_note":"","_monsterinsights_sitenote_category":0,"footnotes":""},"class_list":["post-4635","page","type-page","status-publish","hentry"],"yoast_head":"<!-- This site is optimized with the Yoast SEO plugin v20.4 - https:\/\/yoast.com\/wordpress\/plugins\/seo\/ -->\n<title>Buy a gift voucher - Krakow photo session &mdash; Anna Pimenta Photography | Fotograf Krak\u00f3w<\/title>\n<meta name=\"robots\" content=\"noindex, follow\" \/>\n<meta property=\"og:locale\" content=\"en_US\" \/>\n<meta property=\"og:type\" content=\"article\" \/>\n<meta property=\"og:title\" content=\"Buy a gift voucher - Krakow photo session &mdash; Anna Pimenta Photography | Fotograf Krak\u00f3w\" \/>\n<meta property=\"og:description\" content=\"I am very happy that you are considering purchasing such a wonderful and timeless gift but I am absolutely sure that the recipients of this session will be even more happy than I am! :) The value of the gift voucher is: \u2665 800 PLN (couple sessions and pregnancy sessions, includes 15 photographs),\u2665 900 PLN [&hellip;]\" \/>\n<meta property=\"og:url\" content=\"https:\/\/annapimenta.pl\/en\/buy-a-gift-voucher\/\" \/>\n<meta property=\"og:site_name\" content=\"Anna Pimenta Photography | Fotograf Krak\u00f3w\" \/>\n<meta property=\"article:publisher\" content=\"https:\/\/www.facebook.com\/AnnaPimentaPhotography\/\" \/>\n<meta property=\"article:modified_time\" content=\"2025-09-19T15:27:28+00:00\" \/>\n<meta property=\"og:image\" content=\"https:\/\/annapimenta.pl\/wp-content\/uploads\/2018\/12\/Sesja_na_prezent_Krakow_fotograf_Anna_Pimenta_Photography-8-1024x683.jpg\" \/>\n<meta name=\"twitter:card\" content=\"summary_large_image\" \/>\n<meta name=\"twitter:label1\" content=\"Est. reading time\" \/>\n\t<meta name=\"twitter:data1\" content=\"2 minutes\" \/>\n<script type=\"application\/ld+json\" class=\"yoast-schema-graph\">{\"@context\":\"https:\/\/schema.org\",\"@graph\":[{\"@type\":\"WebPage\",\"@id\":\"https:\/\/annapimenta.pl\/buy-a-gift-voucher\/\",\"url\":\"https:\/\/annapimenta.pl\/buy-a-gift-voucher\/\",\"name\":\"Buy a gift voucher - Krakow photo session &mdash; Anna Pimenta Photography | Fotograf Krak\u00f3w\",\"isPartOf\":{\"@id\":\"https:\/\/annapimenta.pl\/#website\"},\"datePublished\":\"2022-12-08T16:41:22+00:00\",\"dateModified\":\"2025-09-19T15:27:28+00:00\",\"breadcrumb\":{\"@id\":\"https:\/\/annapimenta.pl\/buy-a-gift-voucher\/#breadcrumb\"},\"inLanguage\":\"en-US\",\"potentialAction\":[{\"@type\":\"ReadAction\",\"target\":[\"https:\/\/annapimenta.pl\/buy-a-gift-voucher\/\"]}]},{\"@type\":\"BreadcrumbList\",\"@id\":\"https:\/\/annapimenta.pl\/buy-a-gift-voucher\/#breadcrumb\",\"itemListElement\":[{\"@type\":\"ListItem\",\"position\":1,\"name\":\"Strona g\u0142\u00f3wna\",\"item\":\"https:\/\/annapimenta.pl\/\"},{\"@type\":\"ListItem\",\"position\":2,\"name\":\"Buy a gift voucher &#8211; Krakow photo session\"}]},{\"@type\":\"WebSite\",\"@id\":\"https:\/\/annapimenta.pl\/#website\",\"url\":\"https:\/\/annapimenta.pl\/\",\"name\":\"Anna Pimenta Photography | Fotograf Krak\u00f3w\",\"description\":\"Fotograf Krak\u00f3w, fotograf na o\u015bwiadczyny, \u015blub plenerowy, \u015blub w plenerze, sesja narzecze\u0144ska, sesja ci\u0105\u017cowa\",\"publisher\":{\"@id\":\"https:\/\/annapimenta.pl\/#organization\"},\"potentialAction\":[{\"@type\":\"SearchAction\",\"target\":{\"@type\":\"EntryPoint\",\"urlTemplate\":\"https:\/\/annapimenta.pl\/?s={search_term_string}\"},\"query-input\":\"required name=search_term_string\"}],\"inLanguage\":\"en-US\"},{\"@type\":\"Organization\",\"@id\":\"https:\/\/annapimenta.pl\/#organization\",\"name\":\"Anna Pimenta Photography | Fotograf Krak\u00f3w\",\"url\":\"https:\/\/annapimenta.pl\/\",\"logo\":{\"@type\":\"ImageObject\",\"inLanguage\":\"en-US\",\"@id\":\"https:\/\/annapimenta.pl\/#\/schema\/logo\/image\/\",\"url\":\"https:\/\/annapimenta.pl\/wp-content\/uploads\/2017\/05\/Anna-Pimenta-Photography-Logo-Colour-BIG-white-square.png\",\"contentUrl\":\"https:\/\/annapimenta.pl\/wp-content\/uploads\/2017\/05\/Anna-Pimenta-Photography-Logo-Colour-BIG-white-square.png\",\"width\":4115,\"height\":3215,\"caption\":\"Anna Pimenta Photography | Fotograf Krak\u00f3w\"},\"image\":{\"@id\":\"https:\/\/annapimenta.pl\/#\/schema\/logo\/image\/\"},\"sameAs\":[\"https:\/\/www.facebook.com\/AnnaPimentaPhotography\/\",\"https:\/\/www.instagram.com\/anna_pimenta_photography\/\"]}]}<\/script>\n<!-- \/ Yoast SEO plugin. -->","yoast_head_json":{"title":"Buy a gift voucher - Krakow photo session &mdash; Anna Pimenta Photography | Fotograf Krak\u00f3w","robots":{"index":"noindex","follow":"follow"},"og_locale":"en_US","og_type":"article","og_title":"Buy a gift voucher - Krakow photo session &mdash; Anna Pimenta Photography | Fotograf Krak\u00f3w","og_description":"I am very happy that you are considering purchasing such a wonderful and timeless gift but I am absolutely sure that the recipients of this session will be even more happy than I am! :) The value of the gift voucher is: \u2665 800 PLN (couple sessions and pregnancy sessions, includes 15 photographs),\u2665 900 PLN [&hellip;]","og_url":"https:\/\/annapimenta.pl\/en\/buy-a-gift-voucher\/","og_site_name":"Anna Pimenta Photography | Fotograf Krak\u00f3w","article_publisher":"https:\/\/www.facebook.com\/AnnaPimentaPhotography\/","article_modified_time":"2025-09-19T15:27:28+00:00","og_image":[{"url":"https:\/\/annapimenta.pl\/wp-content\/uploads\/2018\/12\/Sesja_na_prezent_Krakow_fotograf_Anna_Pimenta_Photography-8-1024x683.jpg"}],"twitter_card":"summary_large_image","twitter_misc":{"Est. reading time":"2 minutes"},"schema":{"@context":"https:\/\/schema.org","@graph":[{"@type":"WebPage","@id":"https:\/\/annapimenta.pl\/buy-a-gift-voucher\/","url":"https:\/\/annapimenta.pl\/buy-a-gift-voucher\/","name":"Buy a gift voucher - Krakow photo session &mdash; Anna Pimenta Photography | Fotograf Krak\u00f3w","isPartOf":{"@id":"https:\/\/annapimenta.pl\/#website"},"datePublished":"2022-12-08T16:41:22+00:00","dateModified":"2025-09-19T15:27:28+00:00","breadcrumb":{"@id":"https:\/\/annapimenta.pl\/buy-a-gift-voucher\/#breadcrumb"},"inLanguage":"en-US","potentialAction":[{"@type":"ReadAction","target":["https:\/\/annapimenta.pl\/buy-a-gift-voucher\/"]}]},{"@type":"BreadcrumbList","@id":"https:\/\/annapimenta.pl\/buy-a-gift-voucher\/#breadcrumb","itemListElement":[{"@type":"ListItem","position":1,"name":"Strona g\u0142\u00f3wna","item":"https:\/\/annapimenta.pl\/"},{"@type":"ListItem","position":2,"name":"Buy a gift voucher &#8211; Krakow photo session"}]},{"@type":"WebSite","@id":"https:\/\/annapimenta.pl\/#website","url":"https:\/\/annapimenta.pl\/","name":"Anna Pimenta Photography | Fotograf Krak\u00f3w","description":"Fotograf Krak\u00f3w, fotograf na o\u015bwiadczyny, \u015blub plenerowy, \u015blub w plenerze, sesja narzecze\u0144ska, sesja ci\u0105\u017cowa","publisher":{"@id":"https:\/\/annapimenta.pl\/#organization"},"potentialAction":[{"@type":"SearchAction","target":{"@type":"EntryPoint","urlTemplate":"https:\/\/annapimenta.pl\/?s={search_term_string}"},"query-input":"required name=search_term_string"}],"inLanguage":"en-US"},{"@type":"Organization","@id":"https:\/\/annapimenta.pl\/#organization","name":"Anna Pimenta Photography | Fotograf Krak\u00f3w","url":"https:\/\/annapimenta.pl\/","logo":{"@type":"ImageObject","inLanguage":"en-US","@id":"https:\/\/annapimenta.pl\/#\/schema\/logo\/image\/","url":"https:\/\/annapimenta.pl\/wp-content\/uploads\/2017\/05\/Anna-Pimenta-Photography-Logo-Colour-BIG-white-square.png","contentUrl":"https:\/\/annapimenta.pl\/wp-content\/uploads\/2017\/05\/Anna-Pimenta-Photography-Logo-Colour-BIG-white-square.png","width":4115,"height":3215,"caption":"Anna Pimenta Photography | Fotograf Krak\u00f3w"},"image":{"@id":"https:\/\/annapimenta.pl\/#\/schema\/logo\/image\/"},"sameAs":["https:\/\/www.facebook.com\/AnnaPimentaPhotography\/","https:\/\/www.instagram.com\/anna_pimenta_photography\/"]}]}},"_links":{"self":[{"href":"https:\/\/annapimenta.pl\/en\/wp-json\/wp\/v2\/pages\/4635","targetHints":{"allow":["GET"]}}],"collection":[{"href":"https:\/\/annapimenta.pl\/en\/wp-json\/wp\/v2\/pages"}],"about":[{"href":"https:\/\/annapimenta.pl\/en\/wp-json\/wp\/v2\/types\/page"}],"author":[{"embeddable":true,"href":"https:\/\/annapimenta.pl\/en\/wp-json\/wp\/v2\/users\/1"}],"replies":[{"embeddable":true,"href":"https:\/\/annapimenta.pl\/en\/wp-json\/wp\/v2\/comments?post=4635"}],"version-history":[{"count":26,"href":"https:\/\/annapimenta.pl\/en\/wp-json\/wp\/v2\/pages\/4635\/revisions"}],"predecessor-version":[{"id":6266,"href":"https:\/\/annapimenta.pl\/en\/wp-json\/wp\/v2\/pages\/4635\/revisions\/6266"}],"wp:attachment":[{"href":"https:\/\/annapimenta.pl\/en\/wp-json\/wp\/v2\/media?parent=4635"}],"curies":[{"name":"wp","href":"https:\/\/api.w.org\/{rel}","templated":true}]}}