{"id":3205,"date":"2020-12-11T17:17:43","date_gmt":"2020-12-11T16:17:43","guid":{"rendered":"https:\/\/annapimenta.pl\/?page_id=3205"},"modified":"2023-03-21T09:45:35","modified_gmt":"2023-03-21T08:45:35","slug":"polityka-prywatnosci","status":"publish","type":"page","link":"https:\/\/annapimenta.pl\/en\/polityka-prywatnosci\/","title":{"rendered":"Polityka prywatno\u015bci i plik\u00f3w cookies"},"content":{"rendered":"<p>Nawi\u0105zuj\u0105c wsp\u00f3\u0142prac\u0119 ze mn\u0105 w jakiejkolwiek formie (podpisuj\u0105c umow\u0119, wysy\u0142aj\u0105c zapytanie mailem lub za pomoc\u0105 zamieszczonego na mojej stronie formularza), przekazujesz mi swoje dane osobowe, kt\u00f3re jestem zobowi\u0105zana przetwarza\u0107 zgodnie z obowi\u0105zuj\u0105cym prawem.<\/p>\n\n\n\n<p>25 maja 2018 roku wesz\u0142o w \u017cycie Rozporz\u0105dzenie Parlamentu Europejskiego i Rady (UE) 2016\/679 z dnia 27 kwietnia 2016 r. (RODO), kt\u00f3re narzuca na wszystkich przedsi\u0119biorc\u00f3w nowe prawa i obowi\u0105zki w zwi\u0105zku z przetwarzaniem danych osobowych.<\/p>\n\n\n\n<p>Jako fotograf prowadz\u0105cy swoj\u0105 dzia\u0142alno\u015b\u0107 na terenie Unii Europejskiej wprowadzi\u0142am odpowiednie regulacje i zabezpieczenia, aby Twoje dane by\u0142y przetwarzane zgodnie z RODO. <\/p>\n\n\n\n<p><strong>Kto jest administratorem Twoich danych osobowych?<\/strong><\/p>\n\n\n\n<p>Administratorem Twoich danych osobowych jest Anna Pimenta prowadz\u0105ca dzia\u0142alno\u015b\u0107 gospodarcz\u0105 pod nazw\u0105 \u201cAPP Anna Pimenta\u201d o numerze NIP 6762538474 i adresie e-mail:<\/p>\n\n\n\n<figure class=\"wp-block-image size-large\"><img loading=\"lazy\" decoding=\"async\" width=\"168\" height=\"56\" src=\"https:\/\/annapimenta.pl\/wp-content\/uploads\/2020\/12\/fotograf_krakow_kontakt-1.jpg\" alt=\"\" class=\"wp-image-3184\"\/><\/figure>\n\n\n\n<p>Adres mojej strony internetowej to: https:\/\/annapimenta.pl.<\/p>\n\n\n\n<p><strong>Sk\u0105d mam Twoje dane?<\/strong><\/p>\n\n\n\n<p>Najcz\u0119\u015bciej sam je poda\u0142e\u015b \/ poda\u0142a\u015b w r\u00f3\u017cnych sytuacjach: dzwoni\u0105c lub wysy\u0142aj\u0105c e-mail do mnie, wype\u0142niaj\u0105c formularz na tej stronie, wysy\u0142aj\u0105c do mnie wiadomo\u015b\u0107 z portali spo\u0142eczno\u015bciowych (takich jak Facebook czy Instagram), kontaktuj\u0105c si\u0119 ze mn\u0105 za pomoc\u0105 jakiego\u015b portalu (np. Fotoszukacz.pl), czy spisuj\u0105c ze mn\u0105 umow\u0119 na wykonanie sesji fotograficznej lub reporta\u017cu \u015blubnego. <\/p>\n\n\n\n<p><strong>Jaki jest cel i podstawa prawna przetwarzania przeze mnie Twoich danych osobowych?<\/strong><\/p>\n\n\n\n<p>Przetwarzam Twoje dane osobowe w celu:<\/p>\n\n\n\n<ul class=\"wp-block-list\">\n<li>realizacji postanowie\u0144 naszej umowy,<\/li>\n\n\n\n<li>kontaktowania si\u0119 z Tob\u0105 w celach zwi\u0105zanych z zawart\u0105 umow\u0105,<\/li>\n\n\n\n<li>wydrukowania wykonanych zdj\u0119\u0107 lub stworzenia albumu fotograficznego (fotoksi\u0105\u017cki),<\/li>\n\n\n\n<li>dla cel\u00f3w wymaganych przez urz\u0119dy pa\u0144stwowe. <\/li>\n<\/ul>\n\n\n\n<p><strong>Czy musz\u0119 pobiera\u0107 Twoje dane osobowe?<\/strong><\/p>\n\n\n\n<p>Nie musz\u0119, jednak wtedy nie jestem w stanie ani odpowiedzie\u0107 na Twoje pytania, ani zrealizowa\u0107 dla Ciebie us\u0142ugi fotograficznej. W celu realizacji moich us\u0142ug, musz\u0119 przetwarza\u0107 w szczeg\u00f3lno\u015bci: <\/p>\n\n\n\n<ul class=\"wp-block-list\">\n<li>adres e-mail, numer telefonu, imi\u0119 i nazwisko &#8211; w celu odpowiedzi na Twoje zapytania,<\/li>\n\n\n\n<li>Twoje dane identyfikacyjne oraz kontaktowe (adres telefonu, adres e-mail, numer pesel lub numer dowodu, adres zamieszkania) &#8211; w celu podpisania umowy i realizacji sesji zdj\u0119ciowej. <\/li>\n<\/ul>\n\n\n\n<p><strong>Jakie masz uprawnienia wobec swoich danych przetwarzanych w mojej firmie?<\/strong><\/p>\n\n\n\n<p>W zwi\u0105zku z przetwarzaniem danych osobowych przys\u0142uguj\u0105 Ci nast\u0119puj\u0105ce uprawnienia:<\/p>\n\n\n\n<ul class=\"wp-block-list\">\n<li>prawo dost\u0119pu do swoich danych oraz otrzymania ich kopii, <\/li>\n\n\n\n<li>prawo do sprostowania swoich danych,<\/li>\n\n\n\n<li>prawo do usuni\u0119cia danych,<\/li>\n\n\n\n<li>prawo do ograniczenia przetwarzania danych,<\/li>\n\n\n\n<li>prawo do wniesienia sprzeciwu wobec przetwarzania danych,<\/li>\n\n\n\n<li>prawo do przenoszenia danych,<\/li>\n\n\n\n<li>prawo wniesienia skargi do organu nadzorczego. <\/li>\n<\/ul>\n\n\n\n<p>W celu wykonania swoich praw prosz\u0119 skieruj swoje \u017c\u0105danie pod m\u00f3j adres e-mail:<\/p>\n\n\n\n<figure class=\"wp-block-image size-large\"><img loading=\"lazy\" decoding=\"async\" width=\"168\" height=\"56\" src=\"https:\/\/annapimenta.pl\/wp-content\/uploads\/2020\/12\/fotograf_krakow_kontakt-1.jpg\" alt=\"\" class=\"wp-image-3184\"\/><\/figure>\n\n\n\n<p><strong>Komu powierzam Twoje dane osobowe?<\/strong><\/p>\n\n\n\n<p>Co do zasady nikomu nie przekazuj\u0119 Twoich danych. Nikt nie mo\u017ce podejrze\u0107 tre\u015bci moich um\u00f3w, korespondencji czy zobaczy\u0107 listy kontakt\u00f3w. Niemniej ze wzgl\u0119d\u00f3w technicznych i organizacyjnych, zgodnie z rozporz\u0105dzeniem RODO, musz\u0119 powierza\u0107 niekt\u00f3re Twoje dane osobowe innym firmom zar\u00f3wno na obszarze UE, jak i poza jej granicami. S\u0105 to:<\/p>\n\n\n\n<ul class=\"wp-block-list\">\n<li>Limegreenlab, ul. Krzeszkowicka 14, 64-551 Otorowo \u2013 w celu przechowywania danych na serwerze skrzynki pocztowej i galerii klient\u00f3w,<\/li>\n\n\n\n<li>Google LLC, 1600 Amphitheatre Parkway, Mountain View, CA 94043, USA \u2013 w celu korzystania z us\u0142ug Google, w szczeg\u00f3lno\u015bci Gmail, Google Drive, Google Photos, Google Docs oraz Google Analytics,<\/li>\n\n\n\n<li>Facebook Inc., 1601 S. California Ave. Palo Alto, CA 94304, USA \u2013 w celu korzystania z narz\u0119dzi marketingowych, takich jak Facebook Pixel,<\/li>\n\n\n\n<li>SnapAlbums Marcin Bittner, Przemys\u0142owa 8, 33-100 Tarn\u00f3w, Polska \u2013 w celu przygotowania produkt\u00f3w fotograficznych takich, jak odbitki czy albumy (fotoksi\u0105\u017cki), w przypadku gdy wykupisz u mnie tak\u0105 us\u0142ug\u0119. <\/li>\n<\/ul>\n\n\n\n<p>W niektorych przypadkach Twoje dane osobowe b\u0119d\u0105 przekazywane poza Europejski Obszar Gospodarczy. Wy\u017cej wymienione firmy wsp\u00f3\u0142pracuj\u0105 jednak w oparciu o odpowiednie zabezpieczenia prawne, kt\u00f3rymi s\u0105 standardowe klauzule umowne ochrony danych osobowych zatwierdzone przez Komisj\u0119 Europejsk\u0105.<\/p>\n\n\n\n<p><strong>Okres przechowywania danych<\/strong><\/p>\n\n\n\n<p>Twoje dane b\u0119d\u0105 przetwarzane do ko\u0144ca okresu przedawnienia potencjalnych roszcze\u0144 z umowy. Dane zawarte na umowach i fakturach b\u0119d\u0105 przetwarzane do ko\u0144ca okresu, przez kt\u00f3ry przepisy prawa wymagaj\u0105 przechowywa\u0107 tak\u0105 dokumentacj\u0119. Ponadto, cz\u0119\u015b\u0107 danych mo\u017ce by\u0107 r\u00f3wnie\u017c przetwarzana po up\u0142ywie wskazanych wcze\u015bniej okres\u00f3w przez czas prowadzenia przeze mnie dzia\u0142alno\u015bci gospodarczej w celach archiwalnych, analitycznych i statystycznych.<\/p>\n\n\n\n<p><strong>Jak zabezpieczam Twoje dane osobowe?<\/strong><\/p>\n\n\n\n<p>Formularze na tej stronie i dane osobowe w nich umieszczane s\u0105 zabezpieczone protoko\u0142em SSL. Dost\u0119p do mojej poczty elektronicznej, kont w mediach spo\u0142eczno\u015bciowych, plik\u00f3w z danymi w systemach chmurowych itp. jest zabezpieczony logowaniem dwuetapowym i ograniczony tylko do jednego urz\u0105dzenia stacjonarnego i jednego urz\u0105dzenia mobilnego. Dyski twarde, na kt\u00f3rych przechowuj\u0119 fotografie, s\u0105 zabezpieczone zar\u00f3wno przed dost\u0119pem fizycznym, jak i cyfrowym. Dost\u0119p do mojego komputera i urz\u0105dzenia mobilnego jest ograniczony has\u0142em i\/lub systemem biometrycznym.<\/p>\n\n\n\n<p><strong>Pliki cookies<\/strong><\/p>\n\n\n\n<p>Witryna https:\/\/annapimenta.pl korzysta z plik\u00f3w cookies.<\/p>\n\n\n\n<p>Pliki cookies to dane informatyczne, w szczeg\u00f3lno\u015bci pliki tekstowe, kt\u00f3re przechowywane s\u0105 w urz\u0105dzeniu ko\u0144cowym, np. na Twoim komputerze, i u\u0142atwiaj\u0105 nawigacj\u0119 na odwiedzanych witrynach. Pliki cookies zazwyczaj zawieraj\u0105 nazw\u0119 domeny strony internetowej z kt\u00f3rej pochodz\u0105, czas przechowywania ich na urz\u0105dzeniu ko\u0144cowym oraz unikalny numer. Gromadzone informacje dotycz\u0105 np. adresu IP, typu wykorzystywanej przegl\u0105darki, j\u0119zyka, rodzaju systemu operacyjnego, czy dostawcy us\u0142ug internetowych. <\/p>\n\n\n\n<p>W ramach mojej strony internetowej mog\u0105 by\u0107 stosowane nast\u0119puj\u0105ce rodzaje plik\u00f3w cookies:<\/p>\n\n\n\n<p>a) \u201eniezb\u0119dne\u201d pliki cookies, umo\u017cliwiaj\u0105ce korzystanie z us\u0142ug dost\u0119pnych w ramach serwisu internetowego, np. uwierzytelniaj\u0105ce pliki cookies wykorzystywane do us\u0142ug wymagaj\u0105cych uwierzytelniania w ramach serwisu,<\/p>\n\n\n\n<p>b) pliki cookies s\u0142u\u017c\u0105ce do zapewnienia bezpiecze\u0144stwa, np. wykorzystywane do wykrywania nadu\u017cy\u0107 w zakresie uwierzytelniania w ramach serwisu,<\/p>\n\n\n\n<p>c) pliki cookies umo\u017cliwiaj\u0105ce zbieranie informacji o sposobie korzystania ze stron internetowych serwisu,<\/p>\n\n\n\n<p>d) \u201efunkcjonalne\u201d pliki cookies, umo\u017cliwiaj\u0105ce \u201ezapami\u0119tanie\u201d wybranych przez u\u017cytkownika ustawie\u0144 i personalizacj\u0119 interfejsu u\u017cytkownika, np. w zakresie wybranego j\u0119zyka lub regionu, z kt\u00f3rego pochodzi u\u017cytkownik, rozmiaru czcionki itp.,<\/p>\n\n\n\n<p>e) \u201ereklamowe\u201d pliki cookies, umo\u017cliwiaj\u0105ce dostarczanie u\u017cytkownikom tre\u015bci reklamowych bardziej dostosowanych do ich zainteresowa\u0144.<\/p>\n\n\n\n<p>Przegl\u0105darka internetowa zazwyczaj domy\u015blnie dopuszcza przechowywanie plik\u00f3w cookies w Twoim urz\u0105dzeniu ko\u0144cowym. W ka\u017cdej chwili masz jednak mo\u017cliwo\u015b\u0107 wy\u0142\u0105czenia opcji gromadzenia cookies zmieniaj\u0105c ustawienia w swojej przegl\u0105darce internetowej. Informacje na ten temat dost\u0119pne s\u0105 w menu przegl\u0105darki (\u201cPomoc\u201d) lub na stronie producenta.<\/p>\n\n\n\n<p>Wy\u0142\u0105czenie opcji gromadzenia plik\u00f3w cookies nie powoduje braku mo\u017cliwo\u015bci ogl\u0105dania tre\u015bci zamieszczanych na mojej stronie internetowej, cho\u0107 w niekt\u00f3rych przypadkach mo\u017ce ograniczy\u0107 dost\u0119p do niekt\u00f3rych jej funkcji.<\/p>\n\n\n\n<p>Zastrzegam sobie mo\u017cliwo\u015b\u0107 wprowadzania zmian w niniejszej Polityce Prywatno\u015bci.<\/p>\n\n\n\n<p><em>Data ostatniej aktualizacji: 11.12.2020.<\/em><\/p>","protected":false},"excerpt":{"rendered":"<p>Nawi\u0105zuj\u0105c wsp\u00f3\u0142prac\u0119 ze mn\u0105 w jakiejkolwiek formie (podpisuj\u0105c umow\u0119, wysy\u0142aj\u0105c zapytanie mailem lub za pomoc\u0105 zamieszczonego na mojej stronie formularza), przekazujesz mi swoje dane osobowe, kt\u00f3re jestem zobowi\u0105zana przetwarza\u0107 zgodnie z obowi\u0105zuj\u0105cym prawem. 25 maja 2018 roku wesz\u0142o w \u017cycie Rozporz\u0105dzenie Parlamentu Europejskiego i Rady (UE) 2016\/679 z dnia 27 kwietnia 2016 r. (RODO), kt\u00f3re [&hellip;]<\/p>","protected":false},"author":1,"featured_media":0,"parent":0,"menu_order":0,"comment_status":"closed","ping_status":"closed","template":"","meta":{"_monsterinsights_skip_tracking":false,"_monsterinsights_sitenote_active":false,"_monsterinsights_sitenote_note":"","_monsterinsights_sitenote_category":0,"footnotes":""},"class_list":["post-3205","page","type-page","status-publish","hentry"],"yoast_head":"<!-- This site is optimized with the Yoast SEO plugin v20.4 - https:\/\/yoast.com\/wordpress\/plugins\/seo\/ -->\n<title>Polityka prywatno\u015bci i plik\u00f3w cookies &mdash; Anna Pimenta Photography | Fotograf Krak\u00f3w<\/title>\n<meta name=\"robots\" content=\"noindex, nofollow\" \/>\n<meta property=\"og:locale\" content=\"en_US\" \/>\n<meta property=\"og:type\" content=\"article\" \/>\n<meta property=\"og:title\" content=\"Polityka prywatno\u015bci i plik\u00f3w cookies &mdash; Anna Pimenta Photography | Fotograf Krak\u00f3w\" \/>\n<meta property=\"og:description\" content=\"Nawi\u0105zuj\u0105c wsp\u00f3\u0142prac\u0119 ze mn\u0105 w jakiejkolwiek formie (podpisuj\u0105c umow\u0119, wysy\u0142aj\u0105c zapytanie mailem lub za pomoc\u0105 zamieszczonego na mojej stronie formularza), przekazujesz mi swoje dane osobowe, kt\u00f3re jestem zobowi\u0105zana przetwarza\u0107 zgodnie z obowi\u0105zuj\u0105cym prawem. 25 maja 2018 roku wesz\u0142o w \u017cycie Rozporz\u0105dzenie Parlamentu Europejskiego i Rady (UE) 2016\/679 z dnia 27 kwietnia 2016 r. (RODO), kt\u00f3re [&hellip;]\" \/>\n<meta property=\"og:url\" content=\"https:\/\/annapimenta.pl\/en\/polityka-prywatnosci\/\" \/>\n<meta property=\"og:site_name\" content=\"Anna Pimenta Photography | Fotograf Krak\u00f3w\" \/>\n<meta property=\"article:publisher\" content=\"https:\/\/www.facebook.com\/AnnaPimentaPhotography\/\" \/>\n<meta property=\"article:modified_time\" content=\"2023-03-21T08:45:35+00:00\" \/>\n<meta property=\"og:image\" content=\"https:\/\/annapimenta.pl\/wp-content\/uploads\/2020\/12\/fotograf_krakow_kontakt-1.jpg\" \/>\n<meta name=\"twitter:card\" content=\"summary_large_image\" \/>\n<meta name=\"twitter:label1\" content=\"Est. reading time\" \/>\n\t<meta name=\"twitter:data1\" content=\"5 minutes\" \/>\n<script type=\"application\/ld+json\" class=\"yoast-schema-graph\">{\"@context\":\"https:\/\/schema.org\",\"@graph\":[{\"@type\":\"WebPage\",\"@id\":\"https:\/\/annapimenta.pl\/polityka-prywatnosci\/\",\"url\":\"https:\/\/annapimenta.pl\/polityka-prywatnosci\/\",\"name\":\"Polityka prywatno\u015bci i plik\u00f3w cookies &mdash; Anna Pimenta Photography | Fotograf Krak\u00f3w\",\"isPartOf\":{\"@id\":\"https:\/\/annapimenta.pl\/#website\"},\"datePublished\":\"2020-12-11T16:17:43+00:00\",\"dateModified\":\"2023-03-21T08:45:35+00:00\",\"breadcrumb\":{\"@id\":\"https:\/\/annapimenta.pl\/polityka-prywatnosci\/#breadcrumb\"},\"inLanguage\":\"en-US\",\"potentialAction\":[{\"@type\":\"ReadAction\",\"target\":[\"https:\/\/annapimenta.pl\/polityka-prywatnosci\/\"]}]},{\"@type\":\"BreadcrumbList\",\"@id\":\"https:\/\/annapimenta.pl\/polityka-prywatnosci\/#breadcrumb\",\"itemListElement\":[{\"@type\":\"ListItem\",\"position\":1,\"name\":\"Strona g\u0142\u00f3wna\",\"item\":\"https:\/\/annapimenta.pl\/\"},{\"@type\":\"ListItem\",\"position\":2,\"name\":\"Polityka prywatno\u015bci i plik\u00f3w cookies\"}]},{\"@type\":\"WebSite\",\"@id\":\"https:\/\/annapimenta.pl\/#website\",\"url\":\"https:\/\/annapimenta.pl\/\",\"name\":\"Anna Pimenta Photography | Fotograf Krak\u00f3w\",\"description\":\"Fotograf Krak\u00f3w, fotograf na o\u015bwiadczyny, \u015blub plenerowy, \u015blub w plenerze, sesja narzecze\u0144ska, sesja ci\u0105\u017cowa\",\"publisher\":{\"@id\":\"https:\/\/annapimenta.pl\/#organization\"},\"potentialAction\":[{\"@type\":\"SearchAction\",\"target\":{\"@type\":\"EntryPoint\",\"urlTemplate\":\"https:\/\/annapimenta.pl\/?s={search_term_string}\"},\"query-input\":\"required name=search_term_string\"}],\"inLanguage\":\"en-US\"},{\"@type\":\"Organization\",\"@id\":\"https:\/\/annapimenta.pl\/#organization\",\"name\":\"Anna Pimenta Photography | Fotograf Krak\u00f3w\",\"url\":\"https:\/\/annapimenta.pl\/\",\"logo\":{\"@type\":\"ImageObject\",\"inLanguage\":\"en-US\",\"@id\":\"https:\/\/annapimenta.pl\/#\/schema\/logo\/image\/\",\"url\":\"https:\/\/annapimenta.pl\/wp-content\/uploads\/2017\/05\/Anna-Pimenta-Photography-Logo-Colour-BIG-white-square.png\",\"contentUrl\":\"https:\/\/annapimenta.pl\/wp-content\/uploads\/2017\/05\/Anna-Pimenta-Photography-Logo-Colour-BIG-white-square.png\",\"width\":4115,\"height\":3215,\"caption\":\"Anna Pimenta Photography | Fotograf Krak\u00f3w\"},\"image\":{\"@id\":\"https:\/\/annapimenta.pl\/#\/schema\/logo\/image\/\"},\"sameAs\":[\"https:\/\/www.facebook.com\/AnnaPimentaPhotography\/\",\"https:\/\/www.instagram.com\/anna_pimenta_photography\/\"]}]}<\/script>\n<!-- \/ Yoast SEO plugin. -->","yoast_head_json":{"title":"Polityka prywatno\u015bci i plik\u00f3w cookies &mdash; Anna Pimenta Photography | Fotograf Krak\u00f3w","robots":{"index":"noindex","follow":"nofollow"},"og_locale":"en_US","og_type":"article","og_title":"Polityka prywatno\u015bci i plik\u00f3w cookies &mdash; Anna Pimenta Photography | Fotograf Krak\u00f3w","og_description":"Nawi\u0105zuj\u0105c wsp\u00f3\u0142prac\u0119 ze mn\u0105 w jakiejkolwiek formie (podpisuj\u0105c umow\u0119, wysy\u0142aj\u0105c zapytanie mailem lub za pomoc\u0105 zamieszczonego na mojej stronie formularza), przekazujesz mi swoje dane osobowe, kt\u00f3re jestem zobowi\u0105zana przetwarza\u0107 zgodnie z obowi\u0105zuj\u0105cym prawem. 25 maja 2018 roku wesz\u0142o w \u017cycie Rozporz\u0105dzenie Parlamentu Europejskiego i Rady (UE) 2016\/679 z dnia 27 kwietnia 2016 r. (RODO), kt\u00f3re [&hellip;]","og_url":"https:\/\/annapimenta.pl\/en\/polityka-prywatnosci\/","og_site_name":"Anna Pimenta Photography | Fotograf Krak\u00f3w","article_publisher":"https:\/\/www.facebook.com\/AnnaPimentaPhotography\/","article_modified_time":"2023-03-21T08:45:35+00:00","og_image":[{"url":"https:\/\/annapimenta.pl\/wp-content\/uploads\/2020\/12\/fotograf_krakow_kontakt-1.jpg"}],"twitter_card":"summary_large_image","twitter_misc":{"Est. reading time":"5 minutes"},"schema":{"@context":"https:\/\/schema.org","@graph":[{"@type":"WebPage","@id":"https:\/\/annapimenta.pl\/polityka-prywatnosci\/","url":"https:\/\/annapimenta.pl\/polityka-prywatnosci\/","name":"Polityka prywatno\u015bci i plik\u00f3w cookies &mdash; Anna Pimenta Photography | Fotograf Krak\u00f3w","isPartOf":{"@id":"https:\/\/annapimenta.pl\/#website"},"datePublished":"2020-12-11T16:17:43+00:00","dateModified":"2023-03-21T08:45:35+00:00","breadcrumb":{"@id":"https:\/\/annapimenta.pl\/polityka-prywatnosci\/#breadcrumb"},"inLanguage":"en-US","potentialAction":[{"@type":"ReadAction","target":["https:\/\/annapimenta.pl\/polityka-prywatnosci\/"]}]},{"@type":"BreadcrumbList","@id":"https:\/\/annapimenta.pl\/polityka-prywatnosci\/#breadcrumb","itemListElement":[{"@type":"ListItem","position":1,"name":"Strona g\u0142\u00f3wna","item":"https:\/\/annapimenta.pl\/"},{"@type":"ListItem","position":2,"name":"Polityka prywatno\u015bci i plik\u00f3w cookies"}]},{"@type":"WebSite","@id":"https:\/\/annapimenta.pl\/#website","url":"https:\/\/annapimenta.pl\/","name":"Anna Pimenta Photography | Fotograf Krak\u00f3w","description":"Fotograf Krak\u00f3w, fotograf na o\u015bwiadczyny, \u015blub plenerowy, \u015blub w plenerze, sesja narzecze\u0144ska, sesja ci\u0105\u017cowa","publisher":{"@id":"https:\/\/annapimenta.pl\/#organization"},"potentialAction":[{"@type":"SearchAction","target":{"@type":"EntryPoint","urlTemplate":"https:\/\/annapimenta.pl\/?s={search_term_string}"},"query-input":"required name=search_term_string"}],"inLanguage":"en-US"},{"@type":"Organization","@id":"https:\/\/annapimenta.pl\/#organization","name":"Anna Pimenta Photography | Fotograf Krak\u00f3w","url":"https:\/\/annapimenta.pl\/","logo":{"@type":"ImageObject","inLanguage":"en-US","@id":"https:\/\/annapimenta.pl\/#\/schema\/logo\/image\/","url":"https:\/\/annapimenta.pl\/wp-content\/uploads\/2017\/05\/Anna-Pimenta-Photography-Logo-Colour-BIG-white-square.png","contentUrl":"https:\/\/annapimenta.pl\/wp-content\/uploads\/2017\/05\/Anna-Pimenta-Photography-Logo-Colour-BIG-white-square.png","width":4115,"height":3215,"caption":"Anna Pimenta Photography | Fotograf Krak\u00f3w"},"image":{"@id":"https:\/\/annapimenta.pl\/#\/schema\/logo\/image\/"},"sameAs":["https:\/\/www.facebook.com\/AnnaPimentaPhotography\/","https:\/\/www.instagram.com\/anna_pimenta_photography\/"]}]}},"_links":{"self":[{"href":"https:\/\/annapimenta.pl\/en\/wp-json\/wp\/v2\/pages\/3205","targetHints":{"allow":["GET"]}}],"collection":[{"href":"https:\/\/annapimenta.pl\/en\/wp-json\/wp\/v2\/pages"}],"about":[{"href":"https:\/\/annapimenta.pl\/en\/wp-json\/wp\/v2\/types\/page"}],"author":[{"embeddable":true,"href":"https:\/\/annapimenta.pl\/en\/wp-json\/wp\/v2\/users\/1"}],"replies":[{"embeddable":true,"href":"https:\/\/annapimenta.pl\/en\/wp-json\/wp\/v2\/comments?post=3205"}],"version-history":[{"count":8,"href":"https:\/\/annapimenta.pl\/en\/wp-json\/wp\/v2\/pages\/3205\/revisions"}],"predecessor-version":[{"id":5794,"href":"https:\/\/annapimenta.pl\/en\/wp-json\/wp\/v2\/pages\/3205\/revisions\/5794"}],"wp:attachment":[{"href":"https:\/\/annapimenta.pl\/en\/wp-json\/wp\/v2\/media?parent=3205"}],"curies":[{"name":"wp","href":"https:\/\/api.w.org\/{rel}","templated":true}]}}