{"id":3181,"date":"2020-12-10T20:44:40","date_gmt":"2020-12-10T19:44:40","guid":{"rendered":"https:\/\/annapimenta.pl\/?page_id=3181"},"modified":"2023-03-21T09:44:48","modified_gmt":"2023-03-21T08:44:48","slug":"polityka-prywatnosci-kontakt-indywidualny","status":"publish","type":"page","link":"https:\/\/annapimenta.pl\/en\/polityka-prywatnosci-kontakt-indywidualny\/","title":{"rendered":"Polityka prywatno\u015bci dotycz\u0105ca kontakt\u00f3w indywidualnych"},"content":{"rendered":"<p>Niniejszym informuj\u0119, \u017ce przetwarzam Twoje dane osobowe przekazywane mi w zwi\u0105zku z kontaktem e-mailowym lub telefonicznym.&nbsp;<\/p>\n\n\n\n<p>Dane te s\u0105 mi przekazywane poprzez wys\u0142anie do mnie wiadomo\u015bci e-mail, w tym r\u00f3wnie\u017c za po\u015brednictwem formularza kontaktowego, pozostawienia pro\u015bby o kontakt telefoniczny czy te\u017c skierowania zapytania za po\u015brednictwem jakiegokolwiek innego kana\u0142u komunikacji.<\/p>\n\n\n\n<p>Dane te s\u0105 przetwarzane w celu kontaktu zwrotnego i archiwizacji korespondencji. Szczeg\u00f3\u0142y znajduj\u0105 si\u0119 poni\u017cej.<\/p>\n\n\n\n<p><strong>Administrator danych osobowych<\/strong><\/p>\n\n\n\n<p>Administratorem Twoich danych osobowych jest Anna Pimenta prowadz\u0105ca dzia\u0142alno\u015b\u0107 gospodarcz\u0105 pod nazw\u0105 APP Anna Pimenta o numerze NIP 6762538474 i adresie e-mail:<\/p>\n\n\n\n<figure class=\"wp-block-image size-large\"><img loading=\"lazy\" decoding=\"async\" width=\"168\" height=\"56\" src=\"https:\/\/annapimenta.pl\/wp-content\/uploads\/2020\/12\/fotograf_krakow_kontakt-1.jpg\" alt=\"\" class=\"wp-image-3184\"\/><\/figure>\n\n\n\n<p><strong>Cele i podstawy przetwarzania<\/strong><\/p>\n\n\n\n<p>Dane przetwarzane s\u0105 w nast\u0119puj\u0105cych celach:<\/p>\n\n\n\n<ul class=\"wp-block-list\">\n<li>odpowied\u017a zwrotna na otrzymane zapytanie e-mailowe lub kontakt telefoniczny w zwi\u0105zku z pro\u015bb\u0105 o taki kontakt skierowan\u0105 do mnie \u2013 podstaw\u0105 prawn\u0105 przetwarzania danych jest Twoja zgoda wynikaj\u0105ca z zainicjowania ze mn\u0105 kontaktu (art. 6 ust. 1 lit. a RODO),<\/li>\n\n\n\n<li>archiwizacja korespondencji przychodz\u0105cej i wychodz\u0105cej na wypadek potrzeby wykazania jej przebiegu, co jest naszym prawnie uzasadnionym interesem (art. 6 ust. 1 lit. f RODO),<\/li>\n\n\n\n<li>je\u017celi nasz kontakt doprowadzi do nawi\u0105zania wsp\u00f3\u0142pracy, dane b\u0119d\u0105 nast\u0119pnie przetwarzane w celu zawarcia i wykonania umowy (je\u017celi do tego dojdzie, obowi\u0105zek informacyjny zostanie zrealizowany odr\u0119bnie na potrzeby dalszej wsp\u00f3\u0142pracy).<\/li>\n<\/ul>\n\n\n\n<p><strong>Odbiorcy danych<\/strong><\/p>\n\n\n\n<p>Twoje dane osobowe mog\u0119 udost\u0119pnia\u0107 naszym podwykonawcom, czyli podmiotom, z kt\u00f3rych us\u0142ug korzystam przy przetwarzaniu danych osobowych:<\/p>\n\n\n\n<ul class=\"wp-block-list\">\n<li>Limegreenlab, ul. Krzeszkowicka 14, 64-551 Otorowo \u2013 w celu przechowywania danych na serwerze skrzynki pocztowej,<\/li>\n\n\n\n<li>Google Ireland Limited, Gordon House, Barrow Street, Dublin 4, Irlandia \u2013 w celu korzystania z us\u0142ug Google, w tym poczty e-mail.<\/li>\n<\/ul>\n\n\n\n<p><strong>Okres przechowywania danych<\/strong><\/p>\n\n\n\n<p>Twoje dane b\u0119d\u0105 przetwarzane do czasu zako\u0144czenia komunikacji ze mn\u0105. Po tym okresie mog\u0105 zosta\u0107 usuni\u0119te, ale mog\u0105 r\u00f3wnie\u017c podlega\u0107 archiwizacji, je\u017celi uznam, \u017ce przebieg komunikacji uzasadnia takow\u0105 archiwizacj\u0119, np. z uwagi na wypadek potrzeby wykazania tego przebiegu w przysz\u0142o\u015bci. W tym zakresie nie jestem w stanie okre\u015bli\u0107 jednoznacznego terminu usuni\u0119cia danych (tre\u015bci wiadomo\u015bci e-mail lub sms).&nbsp; Je\u017celi nasz kontakt doprowadzi do nawi\u0105zania wsp\u00f3\u0142pracy, dane b\u0119d\u0105 nast\u0119pnie przetwarzane w celu zawarcia i wykonania umowy (je\u017celi do tego dojdzie, obowi\u0105zek informacyjny zostanie zrealizowany odr\u0119bnie na potrzeby dalszej wsp\u00f3\u0142pracy).<\/p>\n\n\n\n<p><strong>Uprawnienia zwi\u0105zane z przetwarzaniem<\/strong><\/p>\n\n\n\n<p>W zwi\u0105zku z przetwarzaniem danych osobowych przys\u0142uguj\u0105 Ci nast\u0119puj\u0105ce uprawnienia:<\/p>\n\n\n\n<ul class=\"wp-block-list\">\n<li>prawo dost\u0119pu do swoich danych oraz otrzymania ich kopii,&nbsp;<\/li>\n\n\n\n<li>prawo do sprostowania swoich danych,<\/li>\n\n\n\n<li>prawo do usuni\u0119cia danych,<\/li>\n\n\n\n<li>prawo do ograniczenia przetwarzania danych,<\/li>\n\n\n\n<li>prawo do wniesienia sprzeciwu wobec przetwarzania danych,<\/li>\n\n\n\n<li>prawo do przenoszenia danych,<\/li>\n\n\n\n<li>prawo wniesienia skargi do organu nadzorczego.<\/li>\n<\/ul>\n\n\n\n<p>W celu wykonania swoich praw prosz\u0119 skierowa\u0107 swoje \u017c\u0105danie pod adres e-mail:<\/p>\n\n\n\n<figure class=\"wp-block-image size-large\"><img loading=\"lazy\" decoding=\"async\" width=\"168\" height=\"56\" src=\"https:\/\/annapimenta.pl\/wp-content\/uploads\/2020\/12\/fotograf_krakow_kontakt.jpg\" alt=\"\" class=\"wp-image-3183\"\/><\/figure>\n\n\n\n<p>Prosz\u0119, pami\u0119taj, \u017ce przed realizacj\u0105 Twoich uprawnie\u0144 b\u0119d\u0119 musia\u0142a odpowiednio Ci\u0119 zidentyfikowa\u0107.<\/p>\n\n\n\n<p><strong>Informacja o wymogu \/ dobrowolno\u015bci podanych danych<\/strong><\/p>\n\n\n\n<p>Kontaktuj\u0105c si\u0119 ze mn\u0105, w naturalny spos\u00f3b przekazujesz mi swoje dane osobowe. Podanie Twoich danych jest warunkiem nawi\u0105zania ze mn\u0105 kontaktu.<\/p>\n\n\n\n<p>Zastrzegam sobie mo\u017cliwo\u015b\u0107 wprowadzania zmian w niniejszej Polityce Prywatno\u015bci dotycz\u0105cej kontakt\u00f3w indywidualnych. <\/p>\n\n\n\n<p>Polityk\u0119 prywatno\u015bci mojej strony internetowej oraz plik\u00f3w cookies znajdziesz <span style=\"text-decoration: underline;\"><a rel=\"noreferrer noopener\" aria-label=\"tutaj (otwiera si\u0119 na nowej zak\u0142adce)\" href=\"https:\/\/annapimenta.pl\/en\/polityka-prywatnosci\/\" target=\"_blank\">tutaj<\/a><\/span>.<\/p>\n\n\n\n<p><em>Data ostatniej aktualizacji: 11.12.2020.<\/em><\/p>\n\n\n\n<p><br><\/p>\n\n\n\n<p><\/p>\n\n\n\n<p><\/p>","protected":false},"excerpt":{"rendered":"<p>Niniejszym informuj\u0119, \u017ce przetwarzam Twoje dane osobowe przekazywane mi w zwi\u0105zku z kontaktem e-mailowym lub telefonicznym.&nbsp; Dane te s\u0105 mi przekazywane poprzez wys\u0142anie do mnie wiadomo\u015bci e-mail, w tym r\u00f3wnie\u017c za po\u015brednictwem formularza kontaktowego, pozostawienia pro\u015bby o kontakt telefoniczny czy te\u017c skierowania zapytania za po\u015brednictwem jakiegokolwiek innego kana\u0142u komunikacji. Dane te s\u0105 przetwarzane w celu [&hellip;]<\/p>","protected":false},"author":1,"featured_media":0,"parent":0,"menu_order":0,"comment_status":"closed","ping_status":"closed","template":"","meta":{"_monsterinsights_skip_tracking":false,"_monsterinsights_sitenote_active":false,"_monsterinsights_sitenote_note":"","_monsterinsights_sitenote_category":0,"footnotes":""},"class_list":["post-3181","page","type-page","status-publish","hentry"],"yoast_head":"<!-- This site is optimized with the Yoast SEO plugin v20.4 - https:\/\/yoast.com\/wordpress\/plugins\/seo\/ -->\n<title>Polityka prywatno\u015bci dotycz\u0105ca kontakt\u00f3w indywidualnych &mdash; Anna Pimenta Photography | Fotograf Krak\u00f3w<\/title>\n<meta name=\"robots\" content=\"noindex, nofollow\" \/>\n<meta property=\"og:locale\" content=\"en_US\" \/>\n<meta property=\"og:type\" content=\"article\" \/>\n<meta property=\"og:title\" content=\"Polityka prywatno\u015bci dotycz\u0105ca kontakt\u00f3w indywidualnych &mdash; Anna Pimenta Photography | Fotograf Krak\u00f3w\" \/>\n<meta property=\"og:description\" content=\"Niniejszym informuj\u0119, \u017ce przetwarzam Twoje dane osobowe przekazywane mi w zwi\u0105zku z kontaktem e-mailowym lub telefonicznym.&nbsp; Dane te s\u0105 mi przekazywane poprzez wys\u0142anie do mnie wiadomo\u015bci e-mail, w tym r\u00f3wnie\u017c za po\u015brednictwem formularza kontaktowego, pozostawienia pro\u015bby o kontakt telefoniczny czy te\u017c skierowania zapytania za po\u015brednictwem jakiegokolwiek innego kana\u0142u komunikacji. Dane te s\u0105 przetwarzane w celu [&hellip;]\" \/>\n<meta property=\"og:url\" content=\"https:\/\/annapimenta.pl\/en\/polityka-prywatnosci-kontakt-indywidualny\/\" \/>\n<meta property=\"og:site_name\" content=\"Anna Pimenta Photography | Fotograf Krak\u00f3w\" \/>\n<meta property=\"article:publisher\" content=\"https:\/\/www.facebook.com\/AnnaPimentaPhotography\/\" \/>\n<meta property=\"article:modified_time\" content=\"2023-03-21T08:44:48+00:00\" \/>\n<meta property=\"og:image\" content=\"https:\/\/annapimenta.pl\/wp-content\/uploads\/2020\/12\/fotograf_krakow_kontakt-1.jpg\" \/>\n<meta name=\"twitter:card\" content=\"summary_large_image\" \/>\n<meta name=\"twitter:label1\" content=\"Est. reading time\" \/>\n\t<meta name=\"twitter:data1\" content=\"3 minutes\" \/>\n<script type=\"application\/ld+json\" class=\"yoast-schema-graph\">{\"@context\":\"https:\/\/schema.org\",\"@graph\":[{\"@type\":\"WebPage\",\"@id\":\"https:\/\/annapimenta.pl\/polityka-prywatnosci-kontakt-indywidualny\/\",\"url\":\"https:\/\/annapimenta.pl\/polityka-prywatnosci-kontakt-indywidualny\/\",\"name\":\"Polityka prywatno\u015bci dotycz\u0105ca kontakt\u00f3w indywidualnych &mdash; Anna Pimenta Photography | Fotograf Krak\u00f3w\",\"isPartOf\":{\"@id\":\"https:\/\/annapimenta.pl\/#website\"},\"datePublished\":\"2020-12-10T19:44:40+00:00\",\"dateModified\":\"2023-03-21T08:44:48+00:00\",\"breadcrumb\":{\"@id\":\"https:\/\/annapimenta.pl\/polityka-prywatnosci-kontakt-indywidualny\/#breadcrumb\"},\"inLanguage\":\"en-US\",\"potentialAction\":[{\"@type\":\"ReadAction\",\"target\":[\"https:\/\/annapimenta.pl\/polityka-prywatnosci-kontakt-indywidualny\/\"]}]},{\"@type\":\"BreadcrumbList\",\"@id\":\"https:\/\/annapimenta.pl\/polityka-prywatnosci-kontakt-indywidualny\/#breadcrumb\",\"itemListElement\":[{\"@type\":\"ListItem\",\"position\":1,\"name\":\"Strona g\u0142\u00f3wna\",\"item\":\"https:\/\/annapimenta.pl\/\"},{\"@type\":\"ListItem\",\"position\":2,\"name\":\"Polityka prywatno\u015bci dotycz\u0105ca kontakt\u00f3w indywidualnych\"}]},{\"@type\":\"WebSite\",\"@id\":\"https:\/\/annapimenta.pl\/#website\",\"url\":\"https:\/\/annapimenta.pl\/\",\"name\":\"Anna Pimenta Photography | Fotograf Krak\u00f3w\",\"description\":\"Fotograf Krak\u00f3w, fotograf na o\u015bwiadczyny, \u015blub plenerowy, \u015blub w plenerze, sesja narzecze\u0144ska, sesja ci\u0105\u017cowa\",\"publisher\":{\"@id\":\"https:\/\/annapimenta.pl\/#organization\"},\"potentialAction\":[{\"@type\":\"SearchAction\",\"target\":{\"@type\":\"EntryPoint\",\"urlTemplate\":\"https:\/\/annapimenta.pl\/?s={search_term_string}\"},\"query-input\":\"required name=search_term_string\"}],\"inLanguage\":\"en-US\"},{\"@type\":\"Organization\",\"@id\":\"https:\/\/annapimenta.pl\/#organization\",\"name\":\"Anna Pimenta Photography | Fotograf Krak\u00f3w\",\"url\":\"https:\/\/annapimenta.pl\/\",\"logo\":{\"@type\":\"ImageObject\",\"inLanguage\":\"en-US\",\"@id\":\"https:\/\/annapimenta.pl\/#\/schema\/logo\/image\/\",\"url\":\"https:\/\/annapimenta.pl\/wp-content\/uploads\/2017\/05\/Anna-Pimenta-Photography-Logo-Colour-BIG-white-square.png\",\"contentUrl\":\"https:\/\/annapimenta.pl\/wp-content\/uploads\/2017\/05\/Anna-Pimenta-Photography-Logo-Colour-BIG-white-square.png\",\"width\":4115,\"height\":3215,\"caption\":\"Anna Pimenta Photography | Fotograf Krak\u00f3w\"},\"image\":{\"@id\":\"https:\/\/annapimenta.pl\/#\/schema\/logo\/image\/\"},\"sameAs\":[\"https:\/\/www.facebook.com\/AnnaPimentaPhotography\/\",\"https:\/\/www.instagram.com\/anna_pimenta_photography\/\"]}]}<\/script>\n<!-- \/ Yoast SEO plugin. -->","yoast_head_json":{"title":"Polityka prywatno\u015bci dotycz\u0105ca kontakt\u00f3w indywidualnych &mdash; Anna Pimenta Photography | Fotograf Krak\u00f3w","robots":{"index":"noindex","follow":"nofollow"},"og_locale":"en_US","og_type":"article","og_title":"Polityka prywatno\u015bci dotycz\u0105ca kontakt\u00f3w indywidualnych &mdash; Anna Pimenta Photography | Fotograf Krak\u00f3w","og_description":"Niniejszym informuj\u0119, \u017ce przetwarzam Twoje dane osobowe przekazywane mi w zwi\u0105zku z kontaktem e-mailowym lub telefonicznym.&nbsp; Dane te s\u0105 mi przekazywane poprzez wys\u0142anie do mnie wiadomo\u015bci e-mail, w tym r\u00f3wnie\u017c za po\u015brednictwem formularza kontaktowego, pozostawienia pro\u015bby o kontakt telefoniczny czy te\u017c skierowania zapytania za po\u015brednictwem jakiegokolwiek innego kana\u0142u komunikacji. Dane te s\u0105 przetwarzane w celu [&hellip;]","og_url":"https:\/\/annapimenta.pl\/en\/polityka-prywatnosci-kontakt-indywidualny\/","og_site_name":"Anna Pimenta Photography | Fotograf Krak\u00f3w","article_publisher":"https:\/\/www.facebook.com\/AnnaPimentaPhotography\/","article_modified_time":"2023-03-21T08:44:48+00:00","og_image":[{"url":"https:\/\/annapimenta.pl\/wp-content\/uploads\/2020\/12\/fotograf_krakow_kontakt-1.jpg"}],"twitter_card":"summary_large_image","twitter_misc":{"Est. reading time":"3 minutes"},"schema":{"@context":"https:\/\/schema.org","@graph":[{"@type":"WebPage","@id":"https:\/\/annapimenta.pl\/polityka-prywatnosci-kontakt-indywidualny\/","url":"https:\/\/annapimenta.pl\/polityka-prywatnosci-kontakt-indywidualny\/","name":"Polityka prywatno\u015bci dotycz\u0105ca kontakt\u00f3w indywidualnych &mdash; Anna Pimenta Photography | Fotograf Krak\u00f3w","isPartOf":{"@id":"https:\/\/annapimenta.pl\/#website"},"datePublished":"2020-12-10T19:44:40+00:00","dateModified":"2023-03-21T08:44:48+00:00","breadcrumb":{"@id":"https:\/\/annapimenta.pl\/polityka-prywatnosci-kontakt-indywidualny\/#breadcrumb"},"inLanguage":"en-US","potentialAction":[{"@type":"ReadAction","target":["https:\/\/annapimenta.pl\/polityka-prywatnosci-kontakt-indywidualny\/"]}]},{"@type":"BreadcrumbList","@id":"https:\/\/annapimenta.pl\/polityka-prywatnosci-kontakt-indywidualny\/#breadcrumb","itemListElement":[{"@type":"ListItem","position":1,"name":"Strona g\u0142\u00f3wna","item":"https:\/\/annapimenta.pl\/"},{"@type":"ListItem","position":2,"name":"Polityka prywatno\u015bci dotycz\u0105ca kontakt\u00f3w indywidualnych"}]},{"@type":"WebSite","@id":"https:\/\/annapimenta.pl\/#website","url":"https:\/\/annapimenta.pl\/","name":"Anna Pimenta Photography | Fotograf Krak\u00f3w","description":"Fotograf Krak\u00f3w, fotograf na o\u015bwiadczyny, \u015blub plenerowy, \u015blub w plenerze, sesja narzecze\u0144ska, sesja ci\u0105\u017cowa","publisher":{"@id":"https:\/\/annapimenta.pl\/#organization"},"potentialAction":[{"@type":"SearchAction","target":{"@type":"EntryPoint","urlTemplate":"https:\/\/annapimenta.pl\/?s={search_term_string}"},"query-input":"required name=search_term_string"}],"inLanguage":"en-US"},{"@type":"Organization","@id":"https:\/\/annapimenta.pl\/#organization","name":"Anna Pimenta Photography | Fotograf Krak\u00f3w","url":"https:\/\/annapimenta.pl\/","logo":{"@type":"ImageObject","inLanguage":"en-US","@id":"https:\/\/annapimenta.pl\/#\/schema\/logo\/image\/","url":"https:\/\/annapimenta.pl\/wp-content\/uploads\/2017\/05\/Anna-Pimenta-Photography-Logo-Colour-BIG-white-square.png","contentUrl":"https:\/\/annapimenta.pl\/wp-content\/uploads\/2017\/05\/Anna-Pimenta-Photography-Logo-Colour-BIG-white-square.png","width":4115,"height":3215,"caption":"Anna Pimenta Photography | Fotograf Krak\u00f3w"},"image":{"@id":"https:\/\/annapimenta.pl\/#\/schema\/logo\/image\/"},"sameAs":["https:\/\/www.facebook.com\/AnnaPimentaPhotography\/","https:\/\/www.instagram.com\/anna_pimenta_photography\/"]}]}},"_links":{"self":[{"href":"https:\/\/annapimenta.pl\/en\/wp-json\/wp\/v2\/pages\/3181","targetHints":{"allow":["GET"]}}],"collection":[{"href":"https:\/\/annapimenta.pl\/en\/wp-json\/wp\/v2\/pages"}],"about":[{"href":"https:\/\/annapimenta.pl\/en\/wp-json\/wp\/v2\/types\/page"}],"author":[{"embeddable":true,"href":"https:\/\/annapimenta.pl\/en\/wp-json\/wp\/v2\/users\/1"}],"replies":[{"embeddable":true,"href":"https:\/\/annapimenta.pl\/en\/wp-json\/wp\/v2\/comments?post=3181"}],"version-history":[{"count":6,"href":"https:\/\/annapimenta.pl\/en\/wp-json\/wp\/v2\/pages\/3181\/revisions"}],"predecessor-version":[{"id":5793,"href":"https:\/\/annapimenta.pl\/en\/wp-json\/wp\/v2\/pages\/3181\/revisions\/5793"}],"wp:attachment":[{"href":"https:\/\/annapimenta.pl\/en\/wp-json\/wp\/v2\/media?parent=3181"}],"curies":[{"name":"wp","href":"https:\/\/api.w.org\/{rel}","templated":true}]}}