{"id":26,"date":"2017-05-15T20:01:06","date_gmt":"2017-05-15T20:01:06","guid":{"rendered":"http:\/\/annapimenta.pl\/?page_id=26"},"modified":"2026-01-23T13:40:31","modified_gmt":"2026-01-23T12:40:31","slug":"o-mnie","status":"publish","type":"page","link":"https:\/\/annapimenta.pl\/en\/o-mnie\/","title":{"rendered":"O mnie"},"content":{"rendered":"<p>Wiem, \u017ce jestem stronnicza, ale zdj\u0119cia s\u0105 dla mnie jedn\u0105 z <strong>najcenniejszych pami\u0105tek<\/strong>, jakie mo\u017cna posiada\u0107!<\/p>\n\n\n\n<p>Najwi\u0119ksz\u0105 przyjemno\u015b\u0107 z tego, co robi\u0119, czerpi\u0119 wtedy, gdy klienci wieszaj\u0105 moje zdj\u0119cia na \u015bcianach swojego mieszkania i dziel\u0105 si\u0119 nimi z rodzin\u0105 i przyjaci\u00f3\u0142mi poprzez odbitki i <span style=\"text-decoration: underline;\"><a href=\"https:\/\/annapimenta.pl\/en\/album-fotograficzny-fotoksiazka-krakow\/\" target=\"_blank\" rel=\"noreferrer noopener\">albumy fotograficzne<\/a><\/span>.<\/p>\n\n\n\n<p>W takich momentach wiem, \u017ce da\u0142am im <strong>wyj\u0105tkowy, ponadczasowy prezent<\/strong>, pami\u0105tk\u0119, wspomnienia i emocje, kt\u00f3re przetrwaj\u0105 dziesi\u0105tki (a mo\u017ce setki?) lat. Czy istnieje na \u015bwiecie lepsza praca? No chyba nie! :)<\/p>\n\n\n\n<p>Jestem przekonana, \u017ce nie ma czego\u015b takiego jak &#8222;niefotogeniczno\u015b\u0107&#8221;. Absolutnie <strong>ka\u017cdy mo\u017ce mie\u0107 pi\u0119kne, niewymuszone, naturalne zdj\u0119cia<\/strong>. <\/p>\n\n\n\n<p>Lubi\u0119 m\u00f3wi\u0107 o moich sesjach jak o spacerach z aparatem. Zamiast ustawia\u0107 Was w sztywnych pozach, korzystam z pewnych trik\u00f3w, kt\u00f3re sprawi\u0105, \u017ce si\u0119 rozlu\u017anicie i \u017ce sesja zdj\u0119ciowa b\u0119dzie dla Was przede wszystkim <strong>fajnym do\u015bwiadczeniem<\/strong>. Bardzo prawdopodobne, \u017ce \u2013 jak wielu moich klient\u00f3w \u2013 bardzo szybko zapomnicie o tym, \u017ce w og\u00f3le jeste\u015bcie fotografowani! <\/p>\n\n\n\n<figure class=\"wp-block-image size-large\"><img loading=\"lazy\" decoding=\"async\" width=\"1000\" height=\"667\" src=\"https:\/\/annapimenta.pl\/wp-content\/uploads\/2020\/02\/sesja-zdjeciowa-na-prezent-krakow-bon-podarunkowy-fotograf-12-1.jpg\" alt=\"\" class=\"wp-image-2632\" srcset=\"https:\/\/annapimenta.pl\/wp-content\/uploads\/2020\/02\/sesja-zdjeciowa-na-prezent-krakow-bon-podarunkowy-fotograf-12-1.jpg 1000w, https:\/\/annapimenta.pl\/wp-content\/uploads\/2020\/02\/sesja-zdjeciowa-na-prezent-krakow-bon-podarunkowy-fotograf-12-1-300x200.jpg 300w, https:\/\/annapimenta.pl\/wp-content\/uploads\/2020\/02\/sesja-zdjeciowa-na-prezent-krakow-bon-podarunkowy-fotograf-12-1-600x400.jpg 600w, https:\/\/annapimenta.pl\/wp-content\/uploads\/2020\/02\/sesja-zdjeciowa-na-prezent-krakow-bon-podarunkowy-fotograf-12-1-768x512.jpg 768w, https:\/\/annapimenta.pl\/wp-content\/uploads\/2020\/02\/sesja-zdjeciowa-na-prezent-krakow-bon-podarunkowy-fotograf-12-1-330x220.jpg 330w\" sizes=\"auto, (max-width: 1000px) 100vw, 1000px\" \/><\/figure>\n\n\n\n<p>O tym, jak wygl\u0105da sesja fotograficzna ze mn\u0105, przeczytacie wi\u0119cej w sekcji <span style=\"text-decoration: underline;\"><a aria-label=\" (otwiera si\u0119 na nowej zak\u0142adce)\" href=\"https:\/\/annapimenta.pl\/en\/sesja-zdjeciowa-krakow\/\" target=\"_blank\" rel=\"noreferrer noopener\">sesje zdj\u0119ciowe<\/a><\/span>. A opinie moich klient\u00f3w mo\u017cecie przeczyta\u0107&nbsp;<span style=\"text-decoration: underline;\"><a href=\"https:\/\/annapimenta.pl\/en\/fotograf-anna-pimenta-krakow-opinie\/\">tutaj<\/a><\/span> lub w Google albo na Facebooku. :)<\/p>\n\n\n\n<p><strong>Mam na imi\u0119 Ania (prosz\u0119, m\u00f3wcie mi po imieniu!)<\/strong>, mieszkam w Krakowie i mam m\u0119\u017ca z drugiego ko\u0144ca Europy \u2013 st\u0105d moje &#8222;dziwne&#8221; nazwisko. :) Opr\u00f3cz fotografowania (kt\u00f3re jest nie tylko moj\u0105 najwi\u0119ksz\u0105 zajawk\u0105, ale te\u017c prac\u0105 na pe\u0142en etat od 2017 roku), uwielbiam podr\u00f3\u017ce we wszystkie strony \u015bwiata, je\u015b\u0107 pyszne rzeczy, sp\u0119dza\u0107 czas w otoczeniu przyrody, p\u0142ywa\u0107 na SUPie i czyta\u0107 o tym, jak do\u017cy\u0107 120 lat. :)<\/p>\n\n\n\n<p>Zapraszam Was do&nbsp;<span style=\"text-decoration: underline;\"><a href=\"https:\/\/annapimenta.pl\/en\/kontakt\/\" target=\"_blank\" rel=\"noreferrer noopener\">kontaktu<\/a><\/span>. Nie mog\u0119 si\u0119 doczeka\u0107, a\u017c Was poznam i stworz\u0119 dla Was wspania\u0142\u0105 pami\u0105tk\u0119 na lata! :)<\/p>\n\n\n\n<div style=\"height:15px\" aria-hidden=\"true\" class=\"wp-block-spacer\"><\/div>\n\n\n\n<div class=\"wp-block-button aligncenter\" style=\"text-align: center;\"><a class=\"wp-block-button__link has-text-color has-background wp-element-button\" href=\"https:\/\/annapimenta.pl\/en\/kontakt\/\" style=\"color:#ffffff;background-color:#24745f\">Zapytaj o sesj\u0119<\/a><\/div>\n\n\n\n<div style=\"height:15px\" aria-hidden=\"true\" class=\"wp-block-spacer\"><\/div>\n\n\n\n<div style=\"height:20px\" aria-hidden=\"true\" class=\"wp-block-spacer\"><\/div>\n\n\n\n<div class=\"wp-block-media-text alignwide is-stacked-on-mobile\" style=\"grid-template-columns:31% auto\"><figure class=\"wp-block-media-text__media\"><img loading=\"lazy\" decoding=\"async\" width=\"300\" height=\"300\" src=\"http:\/\/annapimenta.pl\/wp-content\/uploads\/2019\/02\/fotograf_krakow_anna_pimenta_photography_LLF.png\" alt=\"\" class=\"wp-image-1508 size-full\" srcset=\"https:\/\/annapimenta.pl\/wp-content\/uploads\/2019\/02\/fotograf_krakow_anna_pimenta_photography_LLF.png 300w, https:\/\/annapimenta.pl\/wp-content\/uploads\/2019\/02\/fotograf_krakow_anna_pimenta_photography_LLF-100x100.png 100w, https:\/\/annapimenta.pl\/wp-content\/uploads\/2019\/02\/fotograf_krakow_anna_pimenta_photography_LLF-150x150.png 150w\" sizes=\"auto, (max-width: 300px) 100vw, 300px\" \/><\/figure><div class=\"wp-block-media-text__content\">\n<p>Zdj\u0119cia mojego autorstwa zosta\u0142y docenione przez mi\u0119dzynarodow\u0105 spo\u0142eczno\u015b\u0107 najlepszych fotograf\u00f3w \u015blubnych i rodzinnych oraz wyr\u00f3\u017cnione na Looks Like Film. Jednym z nich by\u0142 portret \u015blubny Alanis, a drugim ci\u0105\u017cowe zdj\u0119cie Ani (<span style=\"text-decoration: underline;\"><a href=\"https:\/\/www.lookslikefilm.com\/2020\/11\/26\/maternity-pictures\/\" target=\"_blank\" rel=\"noreferrer noopener\" aria-label=\"tutaj (opens in a new tab)\">tutaj<\/a><\/span> and <span style=\"text-decoration: underline;\"><a href=\"https:\/\/www.lookslikefilm.com\/2018\/10\/09\/october-9th\/\" target=\"_blank\" rel=\"noreferrer noopener\" aria-label=\"tutaj (opens in a new tab)\">tutaj<\/a><\/span>).<\/p>\n<\/div><\/div>\n\n\n\n<div class=\"wp-block-media-text alignwide is-stacked-on-mobile\" style=\"grid-template-columns:31% auto\"><figure class=\"wp-block-media-text__media\"><img loading=\"lazy\" decoding=\"async\" width=\"208\" height=\"208\" src=\"http:\/\/annapimenta.pl\/wp-content\/uploads\/2019\/02\/fotograf_krakow_anna_pimenta_photography_NiezleAparaty-1.jpg\" alt=\"\" class=\"wp-image-1514 size-full\" srcset=\"https:\/\/annapimenta.pl\/wp-content\/uploads\/2019\/02\/fotograf_krakow_anna_pimenta_photography_NiezleAparaty-1.jpg 208w, https:\/\/annapimenta.pl\/wp-content\/uploads\/2019\/02\/fotograf_krakow_anna_pimenta_photography_NiezleAparaty-1-100x100.jpg 100w, https:\/\/annapimenta.pl\/wp-content\/uploads\/2019\/02\/fotograf_krakow_anna_pimenta_photography_NiezleAparaty-1-150x150.jpg 150w\" sizes=\"auto, (max-width: 208px) 100vw, 208px\" \/><\/figure><div class=\"wp-block-media-text__content\">\n<p>A\u017c trzy moje fotografie znalaz\u0142y si\u0119 w\u015br\u00f3d najlepszych zdj\u0119\u0107 w rankingach Niez\u0142e Aparaty! <span style=\"text-decoration: underline;\"><a href=\"https:\/\/niezleaparaty.pl\/pazdziernik-2018-najlepsze-zdjecia\/\" target=\"_blank\" rel=\"noreferrer noopener\" aria-label=\"Tutaj (opens in a new tab)\">Tutaj<\/a><\/span> and <span style=\"text-decoration: underline;\"><a href=\"https:\/\/niezleaparaty.pl\/bestofniezle-marzec\/\" target=\"_blank\" rel=\"noreferrer noopener\" aria-label=\"tutaj (opens in a new tab)\">tutaj<\/a><\/span>.<\/p>\n<\/div><\/div>","protected":false},"excerpt":{"rendered":"<p>Wiem, \u017ce jestem stronnicza, ale zdj\u0119cia s\u0105 dla mnie jedn\u0105 z najcenniejszych pami\u0105tek, jakie mo\u017cna posiada\u0107! Najwi\u0119ksz\u0105 przyjemno\u015b\u0107 z tego, co robi\u0119, czerpi\u0119 wtedy, gdy klienci wieszaj\u0105 moje zdj\u0119cia na \u015bcianach swojego mieszkania i dziel\u0105 si\u0119 nimi z rodzin\u0105 i przyjaci\u00f3\u0142mi poprzez odbitki i albumy fotograficzne. W takich momentach wiem, \u017ce da\u0142am im wyj\u0105tkowy, ponadczasowy [&hellip;]<\/p>","protected":false},"author":1,"featured_media":0,"parent":0,"menu_order":0,"comment_status":"closed","ping_status":"closed","template":"","meta":{"_monsterinsights_skip_tracking":false,"_monsterinsights_sitenote_active":false,"_monsterinsights_sitenote_note":"","_monsterinsights_sitenote_category":0,"footnotes":""},"class_list":["post-26","page","type-page","status-publish","hentry"],"yoast_head":"<!-- This site is optimized with the Yoast SEO plugin v20.4 - https:\/\/yoast.com\/wordpress\/plugins\/seo\/ -->\n<title>O mnie &mdash; Anna Pimenta Photography | Fotograf Krak\u00f3w<\/title>\n<meta name=\"robots\" content=\"index, follow, max-snippet:-1, max-image-preview:large, max-video-preview:-1\" \/>\n<link rel=\"canonical\" href=\"https:\/\/annapimenta.pl\/en\/o-mnie\/\" \/>\n<meta property=\"og:locale\" content=\"en_US\" \/>\n<meta property=\"og:type\" content=\"article\" \/>\n<meta property=\"og:title\" content=\"O mnie &mdash; Anna Pimenta Photography | Fotograf Krak\u00f3w\" \/>\n<meta property=\"og:description\" content=\"Wiem, \u017ce jestem stronnicza, ale zdj\u0119cia s\u0105 dla mnie jedn\u0105 z najcenniejszych pami\u0105tek, jakie mo\u017cna posiada\u0107! Najwi\u0119ksz\u0105 przyjemno\u015b\u0107 z tego, co robi\u0119, czerpi\u0119 wtedy, gdy klienci wieszaj\u0105 moje zdj\u0119cia na \u015bcianach swojego mieszkania i dziel\u0105 si\u0119 nimi z rodzin\u0105 i przyjaci\u00f3\u0142mi poprzez odbitki i albumy fotograficzne. W takich momentach wiem, \u017ce da\u0142am im wyj\u0105tkowy, ponadczasowy [&hellip;]\" \/>\n<meta property=\"og:url\" content=\"https:\/\/annapimenta.pl\/en\/o-mnie\/\" \/>\n<meta property=\"og:site_name\" content=\"Anna Pimenta Photography | Fotograf Krak\u00f3w\" \/>\n<meta property=\"article:publisher\" content=\"https:\/\/www.facebook.com\/AnnaPimentaPhotography\/\" \/>\n<meta property=\"article:modified_time\" content=\"2026-01-23T12:40:31+00:00\" \/>\n<meta property=\"og:image\" content=\"https:\/\/annapimenta.pl\/wp-content\/uploads\/2020\/02\/sesja-zdjeciowa-na-prezent-krakow-bon-podarunkowy-fotograf-12-1.jpg\" \/>\n<meta name=\"twitter:card\" content=\"summary_large_image\" \/>\n<meta name=\"twitter:label1\" content=\"Est. reading time\" \/>\n\t<meta name=\"twitter:data1\" content=\"2 minutes\" \/>\n<script type=\"application\/ld+json\" class=\"yoast-schema-graph\">{\"@context\":\"https:\/\/schema.org\",\"@graph\":[{\"@type\":\"WebPage\",\"@id\":\"https:\/\/annapimenta.pl\/o-mnie\/\",\"url\":\"https:\/\/annapimenta.pl\/o-mnie\/\",\"name\":\"O mnie &mdash; Anna Pimenta Photography | Fotograf Krak\u00f3w\",\"isPartOf\":{\"@id\":\"https:\/\/annapimenta.pl\/#website\"},\"datePublished\":\"2017-05-15T20:01:06+00:00\",\"dateModified\":\"2026-01-23T12:40:31+00:00\",\"breadcrumb\":{\"@id\":\"https:\/\/annapimenta.pl\/o-mnie\/#breadcrumb\"},\"inLanguage\":\"en-US\",\"potentialAction\":[{\"@type\":\"ReadAction\",\"target\":[\"https:\/\/annapimenta.pl\/o-mnie\/\"]}]},{\"@type\":\"BreadcrumbList\",\"@id\":\"https:\/\/annapimenta.pl\/o-mnie\/#breadcrumb\",\"itemListElement\":[{\"@type\":\"ListItem\",\"position\":1,\"name\":\"Strona g\u0142\u00f3wna\",\"item\":\"https:\/\/annapimenta.pl\/\"},{\"@type\":\"ListItem\",\"position\":2,\"name\":\"O mnie\"}]},{\"@type\":\"WebSite\",\"@id\":\"https:\/\/annapimenta.pl\/#website\",\"url\":\"https:\/\/annapimenta.pl\/\",\"name\":\"Anna Pimenta Photography | Fotograf Krak\u00f3w\",\"description\":\"Fotograf Krak\u00f3w, fotograf na o\u015bwiadczyny, \u015blub plenerowy, \u015blub w plenerze, sesja narzecze\u0144ska, sesja ci\u0105\u017cowa\",\"publisher\":{\"@id\":\"https:\/\/annapimenta.pl\/#organization\"},\"potentialAction\":[{\"@type\":\"SearchAction\",\"target\":{\"@type\":\"EntryPoint\",\"urlTemplate\":\"https:\/\/annapimenta.pl\/?s={search_term_string}\"},\"query-input\":\"required name=search_term_string\"}],\"inLanguage\":\"en-US\"},{\"@type\":\"Organization\",\"@id\":\"https:\/\/annapimenta.pl\/#organization\",\"name\":\"Anna Pimenta Photography | Fotograf Krak\u00f3w\",\"url\":\"https:\/\/annapimenta.pl\/\",\"logo\":{\"@type\":\"ImageObject\",\"inLanguage\":\"en-US\",\"@id\":\"https:\/\/annapimenta.pl\/#\/schema\/logo\/image\/\",\"url\":\"https:\/\/annapimenta.pl\/wp-content\/uploads\/2017\/05\/Anna-Pimenta-Photography-Logo-Colour-BIG-white-square.png\",\"contentUrl\":\"https:\/\/annapimenta.pl\/wp-content\/uploads\/2017\/05\/Anna-Pimenta-Photography-Logo-Colour-BIG-white-square.png\",\"width\":4115,\"height\":3215,\"caption\":\"Anna Pimenta Photography | Fotograf Krak\u00f3w\"},\"image\":{\"@id\":\"https:\/\/annapimenta.pl\/#\/schema\/logo\/image\/\"},\"sameAs\":[\"https:\/\/www.facebook.com\/AnnaPimentaPhotography\/\",\"https:\/\/www.instagram.com\/anna_pimenta_photography\/\"]}]}<\/script>\n<!-- \/ Yoast SEO plugin. -->","yoast_head_json":{"title":"O mnie &mdash; Anna Pimenta Photography | Fotograf Krak\u00f3w","robots":{"index":"index","follow":"follow","max-snippet":"max-snippet:-1","max-image-preview":"max-image-preview:large","max-video-preview":"max-video-preview:-1"},"canonical":"https:\/\/annapimenta.pl\/en\/o-mnie\/","og_locale":"en_US","og_type":"article","og_title":"O mnie &mdash; Anna Pimenta Photography | Fotograf Krak\u00f3w","og_description":"Wiem, \u017ce jestem stronnicza, ale zdj\u0119cia s\u0105 dla mnie jedn\u0105 z najcenniejszych pami\u0105tek, jakie mo\u017cna posiada\u0107! Najwi\u0119ksz\u0105 przyjemno\u015b\u0107 z tego, co robi\u0119, czerpi\u0119 wtedy, gdy klienci wieszaj\u0105 moje zdj\u0119cia na \u015bcianach swojego mieszkania i dziel\u0105 si\u0119 nimi z rodzin\u0105 i przyjaci\u00f3\u0142mi poprzez odbitki i albumy fotograficzne. W takich momentach wiem, \u017ce da\u0142am im wyj\u0105tkowy, ponadczasowy [&hellip;]","og_url":"https:\/\/annapimenta.pl\/en\/o-mnie\/","og_site_name":"Anna Pimenta Photography | Fotograf Krak\u00f3w","article_publisher":"https:\/\/www.facebook.com\/AnnaPimentaPhotography\/","article_modified_time":"2026-01-23T12:40:31+00:00","og_image":[{"url":"https:\/\/annapimenta.pl\/wp-content\/uploads\/2020\/02\/sesja-zdjeciowa-na-prezent-krakow-bon-podarunkowy-fotograf-12-1.jpg"}],"twitter_card":"summary_large_image","twitter_misc":{"Est. reading time":"2 minutes"},"schema":{"@context":"https:\/\/schema.org","@graph":[{"@type":"WebPage","@id":"https:\/\/annapimenta.pl\/o-mnie\/","url":"https:\/\/annapimenta.pl\/o-mnie\/","name":"O mnie &mdash; Anna Pimenta Photography | Fotograf Krak\u00f3w","isPartOf":{"@id":"https:\/\/annapimenta.pl\/#website"},"datePublished":"2017-05-15T20:01:06+00:00","dateModified":"2026-01-23T12:40:31+00:00","breadcrumb":{"@id":"https:\/\/annapimenta.pl\/o-mnie\/#breadcrumb"},"inLanguage":"en-US","potentialAction":[{"@type":"ReadAction","target":["https:\/\/annapimenta.pl\/o-mnie\/"]}]},{"@type":"BreadcrumbList","@id":"https:\/\/annapimenta.pl\/o-mnie\/#breadcrumb","itemListElement":[{"@type":"ListItem","position":1,"name":"Strona g\u0142\u00f3wna","item":"https:\/\/annapimenta.pl\/"},{"@type":"ListItem","position":2,"name":"O mnie"}]},{"@type":"WebSite","@id":"https:\/\/annapimenta.pl\/#website","url":"https:\/\/annapimenta.pl\/","name":"Anna Pimenta Photography | Fotograf Krak\u00f3w","description":"Fotograf Krak\u00f3w, fotograf na o\u015bwiadczyny, \u015blub plenerowy, \u015blub w plenerze, sesja narzecze\u0144ska, sesja ci\u0105\u017cowa","publisher":{"@id":"https:\/\/annapimenta.pl\/#organization"},"potentialAction":[{"@type":"SearchAction","target":{"@type":"EntryPoint","urlTemplate":"https:\/\/annapimenta.pl\/?s={search_term_string}"},"query-input":"required name=search_term_string"}],"inLanguage":"en-US"},{"@type":"Organization","@id":"https:\/\/annapimenta.pl\/#organization","name":"Anna Pimenta Photography | Fotograf Krak\u00f3w","url":"https:\/\/annapimenta.pl\/","logo":{"@type":"ImageObject","inLanguage":"en-US","@id":"https:\/\/annapimenta.pl\/#\/schema\/logo\/image\/","url":"https:\/\/annapimenta.pl\/wp-content\/uploads\/2017\/05\/Anna-Pimenta-Photography-Logo-Colour-BIG-white-square.png","contentUrl":"https:\/\/annapimenta.pl\/wp-content\/uploads\/2017\/05\/Anna-Pimenta-Photography-Logo-Colour-BIG-white-square.png","width":4115,"height":3215,"caption":"Anna Pimenta Photography | Fotograf Krak\u00f3w"},"image":{"@id":"https:\/\/annapimenta.pl\/#\/schema\/logo\/image\/"},"sameAs":["https:\/\/www.facebook.com\/AnnaPimentaPhotography\/","https:\/\/www.instagram.com\/anna_pimenta_photography\/"]}]}},"_links":{"self":[{"href":"https:\/\/annapimenta.pl\/en\/wp-json\/wp\/v2\/pages\/26","targetHints":{"allow":["GET"]}}],"collection":[{"href":"https:\/\/annapimenta.pl\/en\/wp-json\/wp\/v2\/pages"}],"about":[{"href":"https:\/\/annapimenta.pl\/en\/wp-json\/wp\/v2\/types\/page"}],"author":[{"embeddable":true,"href":"https:\/\/annapimenta.pl\/en\/wp-json\/wp\/v2\/users\/1"}],"replies":[{"embeddable":true,"href":"https:\/\/annapimenta.pl\/en\/wp-json\/wp\/v2\/comments?post=26"}],"version-history":[{"count":40,"href":"https:\/\/annapimenta.pl\/en\/wp-json\/wp\/v2\/pages\/26\/revisions"}],"predecessor-version":[{"id":6430,"href":"https:\/\/annapimenta.pl\/en\/wp-json\/wp\/v2\/pages\/26\/revisions\/6430"}],"wp:attachment":[{"href":"https:\/\/annapimenta.pl\/en\/wp-json\/wp\/v2\/media?parent=26"}],"curies":[{"name":"wp","href":"https:\/\/api.w.org\/{rel}","templated":true}]}}