{"id":2583,"date":"2020-02-11T18:08:40","date_gmt":"2020-02-11T17:08:40","guid":{"rendered":"https:\/\/annapimenta.pl\/?page_id=2583"},"modified":"2023-03-21T12:01:57","modified_gmt":"2023-03-21T11:01:57","slug":"oswiadczyny-kontakt","status":"publish","type":"page","link":"https:\/\/annapimenta.pl\/en\/oswiadczyny-kontakt\/","title":{"rendered":"Formularz kontaktowy"},"content":{"rendered":"<p>Cze\u015b\u0107!<\/p>\n\n\n\n<p>Super, \u017ce wybra\u0142e\u015b Krak\u00f3w na miejsce Twoich o\u015bwiadczyn! To naprawd\u0119 \u015bwietny wyb\u00f3r. :) Nie mog\u0119 si\u0119 doczeka\u0107, a\u017c razem zaczniemy przygotowywa\u0107 t\u0119 cudn\u0105 niespodziank\u0119 dla Twojej drugiej po\u0142\u00f3wki! Prosz\u0119 wype\u0142nij poni\u017cszy kr\u00f3tki formularz, dzi\u0119ki kt\u00f3remu dowiem si\u0119, jak mog\u0119 Ci pom\u00f3c. Odpisz\u0119 w <strong>24 godziny<\/strong>. :)<\/p>\n\n\n\n<hr class=\"wp-block-separator has-css-opacity\"\/>\n\n\n<div class=\"wpforms-container wpforms-container-full wpforms-block\" id=\"wpforms-2582\"><form id=\"wpforms-form-2582\" class=\"wpforms-validate wpforms-form\" data-formid=\"2582\" method=\"post\" enctype=\"multipart\/form-data\" action=\"\/en\/wp-json\/wp\/v2\/pages\/2583\" data-token=\"2e5a99535245a986467bb63e0df643c3\" data-token-time=\"1777037415\" data-trp-original-action=\"\/en\/wp-json\/wp\/v2\/pages\/2583\"><noscript class=\"wpforms-error-noscript\">Please enable JavaScript in your browser to complete this form.<\/noscript><div class=\"wpforms-field-container\"><div id=\"wpforms-2582-field_0-container\" class=\"wpforms-field wpforms-field-name\" data-field-id=\"0\"><label class=\"wpforms-field-label\" for=\"wpforms-2582-field_0\">Twoje imi\u0119 <span class=\"wpforms-required-label\">*<\/span><\/label><input type=\"text\" id=\"wpforms-2582-field_0\" class=\"wpforms-field-large wpforms-field-required\" name=\"wpforms[fields][0]\" required><\/div><div id=\"wpforms-2582-field_10-container\" class=\"wpforms-field wpforms-field-name\" data-field-id=\"10\"><label class=\"wpforms-field-label\" for=\"wpforms-2582-field_10\">Imi\u0119 Twojej drugiej po\u0142\u00f3wki: <span class=\"wpforms-required-label\">*<\/span><\/label><input type=\"text\" id=\"wpforms-2582-field_10\" class=\"wpforms-field-large wpforms-field-required\" name=\"wpforms[fields][10]\" required><\/div><div id=\"wpforms-2582-field_1-container\" class=\"wpforms-field wpforms-field-email\" data-field-id=\"1\"><label class=\"wpforms-field-label\" for=\"wpforms-2582-field_1\">Tw\u00f3j adres e-mail (prosz\u0119 sprawd\u017a dwa razy, czy wpisa\u0142e\u015b go poprawnie!) <span class=\"wpforms-required-label\">*<\/span><\/label><input type=\"email\" id=\"wpforms-2582-field_1\" class=\"wpforms-field-large wpforms-field-required\" name=\"wpforms[fields][1]\" spellcheck=\"false\" required><\/div><div id=\"wpforms-2582-field_3-container\" class=\"wpforms-field wpforms-field-text\" data-field-id=\"3\"><label class=\"wpforms-field-label\" for=\"wpforms-2582-field_3\">Kiedy chcia\u0142by\u015b si\u0119 o\u015bwiadczy\u0107? (prosz\u0119 wypisz wszystkie mo\u017cliwe daty): <span class=\"wpforms-required-label\">*<\/span><\/label><input type=\"text\" id=\"wpforms-2582-field_3\" class=\"wpforms-field-large wpforms-field-required\" name=\"wpforms[fields][3]\" required><\/div><div id=\"wpforms-2582-field_4-container\" class=\"wpforms-field wpforms-field-checkbox\" data-field-id=\"4\"><label class=\"wpforms-field-label\">Opr\u00f3cz sesji zdj\u0119ciowej, czy chcia\u0142by\u015b, abym pomog\u0142a Ci w czym\u015b jeszcze? <span class=\"wpforms-required-label\">*<\/span><\/label><ul id=\"wpforms-2582-field_4\" class=\"wpforms-field-required\"><li class=\"choice-12 depth-1\"><input type=\"checkbox\" id=\"wpforms-2582-field_4_12\" name=\"wpforms[fields][4][]\" value=\"Nie, chc\u0119 tylko zdj\u0119cia :)\" required><label class=\"wpforms-field-label-inline\" for=\"wpforms-2582-field_4_12\">Nie, chc\u0119 tylko zdj\u0119cia :)<\/label><\/li><li class=\"choice-1 depth-1\"><input type=\"checkbox\" id=\"wpforms-2582-field_4_1\" name=\"wpforms[fields][4][]\" value=\"Bukiet kwiat\u00f3w\" required><label class=\"wpforms-field-label-inline\" for=\"wpforms-2582-field_4_1\">Bukiet kwiat\u00f3w<\/label><\/li><li class=\"choice-6 depth-1\"><input type=\"checkbox\" id=\"wpforms-2582-field_4_6\" name=\"wpforms[fields][4][]\" value=\"Wyb\u00f3r restauracji\" required><label class=\"wpforms-field-label-inline\" for=\"wpforms-2582-field_4_6\">Wyb\u00f3r restauracji<\/label><\/li><li class=\"choice-2 depth-1\"><input type=\"checkbox\" id=\"wpforms-2582-field_4_2\" name=\"wpforms[fields][4][]\" value=\"Szampan\" required><label class=\"wpforms-field-label-inline\" for=\"wpforms-2582-field_4_2\">Szampan<\/label><\/li><li class=\"choice-3 depth-1\"><input type=\"checkbox\" id=\"wpforms-2582-field_4_3\" name=\"wpforms[fields][4][]\" value=\"Pier\u015bcionek zar\u0119czynowy\" required><label class=\"wpforms-field-label-inline\" for=\"wpforms-2582-field_4_3\">Pier\u015bcionek zar\u0119czynowy<\/label><\/li><li class=\"choice-5 depth-1\"><input type=\"checkbox\" id=\"wpforms-2582-field_4_5\" name=\"wpforms[fields][4][]\" value=\"Inne - prosz\u0119 sprecyzuj w polu ni\u017cej\" required><label class=\"wpforms-field-label-inline\" for=\"wpforms-2582-field_4_5\">Inne &#8211; prosz\u0119 sprecyzuj w polu ni\u017cej<\/label><\/li><\/ul><\/div><div id=\"wpforms-2582-field_11-container\" class=\"wpforms-field wpforms-field-name\" data-field-id=\"11\"><label class=\"wpforms-field-label\" for=\"wpforms-2582-field_11\">Sk\u0105d jeste\u015b? Jestem ciekawa :)<\/label><input type=\"text\" id=\"wpforms-2582-field_11\" class=\"wpforms-field-large\" name=\"wpforms[fields][11]\" ><\/div><div id=\"wpforms-2582-field_2-container\" class=\"wpforms-field wpforms-field-textarea\" data-field-id=\"2\"><label class=\"wpforms-field-label\" for=\"wpforms-2582-field_2\">Twoja wiadomo\u015b\u0107. Napisz mi tu co\u015b o Was &#8211; ch\u0119tnie poczytam! Czym si\u0119 zajmujecie na co dzie\u0144? Co lubicie robi\u0107 w wolnym czasie? Jak si\u0119 poznali\u015bcie? :)<\/label><textarea id=\"wpforms-2582-field_2\" class=\"wpforms-field-medium\" name=\"wpforms[fields][2]\" ><\/textarea><\/div><\/div><!-- .wpforms-field-container --><div class=\"wpforms-field wpforms-field-hp\"><label for=\"wpforms-2582-field-hp\" class=\"wpforms-field-label\">Email<\/label><input type=\"text\" name=\"wpforms[hp]\" id=\"wpforms-2582-field-hp\" class=\"wpforms-field-medium\"><\/div><div class=\"wpforms-submit-container\" ><input type=\"hidden\" name=\"wpforms[id]\" value=\"2582\"><input type=\"hidden\" name=\"page_title\" value=\"\"><input type=\"hidden\" name=\"page_url\" value=\"https:\/\/annapimenta.pl\/en\/wp-json\/wp\/v2\/pages\/2583\"><input type=\"hidden\" name=\"url_referer\" value=\"\"><button type=\"submit\" name=\"wpforms[submit]\" id=\"wpforms-submit-2582\" class=\"wpforms-submit\" data-alt-text=\"Wysy\u0142am...\" data-submit-text=\"Wy\u015blij\" aria-live=\"assertive\" value=\"wpforms-submit\">Wy\u015blij<\/button><\/div><input type=\"hidden\" name=\"trp-form-language\" value=\"en\"\/><\/form><\/div>  <!-- .wpforms-container -->\n\n\n<p class=\"has-text-align-center has-text-color\" style=\"color:#c0b7b7\"><span style=\"text-decoration: underline;\"><a rel=\"noreferrer noopener\" aria-label=\"Polityka prywatno\u015bci (otwiera si\u0119 na nowej zak\u0142adce)\" href=\"https:\/\/annapimenta.pl\/en\/polityka-prywatnosci-kontakt-indywidualny\/\" target=\"_blank\">Polityka prywatno\u015bci<\/a><\/span><\/p>","protected":false},"excerpt":{"rendered":"<p>Cze\u015b\u0107! Super, \u017ce wybra\u0142e\u015b Krak\u00f3w na miejsce Twoich o\u015bwiadczyn! To naprawd\u0119 \u015bwietny wyb\u00f3r. :) Nie mog\u0119 si\u0119 doczeka\u0107, a\u017c razem zaczniemy przygotowywa\u0107 t\u0119 cudn\u0105 niespodziank\u0119 dla Twojej drugiej po\u0142\u00f3wki! Prosz\u0119 wype\u0142nij poni\u017cszy kr\u00f3tki formularz, dzi\u0119ki kt\u00f3remu dowiem si\u0119, jak mog\u0119 Ci pom\u00f3c. Odpisz\u0119 w 24 godziny. :) Polityka prywatno\u015bci<\/p>","protected":false},"author":1,"featured_media":0,"parent":0,"menu_order":0,"comment_status":"closed","ping_status":"closed","template":"","meta":{"_monsterinsights_skip_tracking":false,"_monsterinsights_sitenote_active":false,"_monsterinsights_sitenote_note":"","_monsterinsights_sitenote_category":0,"footnotes":""},"class_list":["post-2583","page","type-page","status-publish","hentry"],"yoast_head":"<!-- This site is optimized with the Yoast SEO plugin v20.4 - https:\/\/yoast.com\/wordpress\/plugins\/seo\/ -->\n<title>Formularz kontaktowy &mdash; Anna Pimenta Photography | Fotograf Krak\u00f3w<\/title>\n<meta name=\"robots\" content=\"noindex, follow\" \/>\n<meta property=\"og:locale\" content=\"en_US\" \/>\n<meta property=\"og:type\" content=\"article\" \/>\n<meta property=\"og:title\" content=\"Formularz kontaktowy &mdash; Anna Pimenta Photography | Fotograf Krak\u00f3w\" \/>\n<meta property=\"og:description\" content=\"Cze\u015b\u0107! Super, \u017ce wybra\u0142e\u015b Krak\u00f3w na miejsce Twoich o\u015bwiadczyn! To naprawd\u0119 \u015bwietny wyb\u00f3r. :) Nie mog\u0119 si\u0119 doczeka\u0107, a\u017c razem zaczniemy przygotowywa\u0107 t\u0119 cudn\u0105 niespodziank\u0119 dla Twojej drugiej po\u0142\u00f3wki! Prosz\u0119 wype\u0142nij poni\u017cszy kr\u00f3tki formularz, dzi\u0119ki kt\u00f3remu dowiem si\u0119, jak mog\u0119 Ci pom\u00f3c. Odpisz\u0119 w 24 godziny. :) Polityka prywatno\u015bci\" \/>\n<meta property=\"og:url\" content=\"https:\/\/annapimenta.pl\/en\/oswiadczyny-kontakt\/\" \/>\n<meta property=\"og:site_name\" content=\"Anna Pimenta Photography | Fotograf Krak\u00f3w\" \/>\n<meta property=\"article:publisher\" content=\"https:\/\/www.facebook.com\/AnnaPimentaPhotography\/\" \/>\n<meta property=\"article:modified_time\" content=\"2023-03-21T11:01:57+00:00\" \/>\n<meta name=\"twitter:card\" content=\"summary_large_image\" \/>\n<meta name=\"twitter:label1\" content=\"Est. reading time\" \/>\n\t<meta name=\"twitter:data1\" content=\"1 minute\" \/>\n<script type=\"application\/ld+json\" class=\"yoast-schema-graph\">{\"@context\":\"https:\/\/schema.org\",\"@graph\":[{\"@type\":\"WebPage\",\"@id\":\"https:\/\/annapimenta.pl\/oswiadczyny-kontakt\/\",\"url\":\"https:\/\/annapimenta.pl\/oswiadczyny-kontakt\/\",\"name\":\"Formularz kontaktowy &mdash; Anna Pimenta Photography | Fotograf Krak\u00f3w\",\"isPartOf\":{\"@id\":\"https:\/\/annapimenta.pl\/#website\"},\"datePublished\":\"2020-02-11T17:08:40+00:00\",\"dateModified\":\"2023-03-21T11:01:57+00:00\",\"breadcrumb\":{\"@id\":\"https:\/\/annapimenta.pl\/oswiadczyny-kontakt\/#breadcrumb\"},\"inLanguage\":\"en-US\",\"potentialAction\":[{\"@type\":\"ReadAction\",\"target\":[\"https:\/\/annapimenta.pl\/oswiadczyny-kontakt\/\"]}]},{\"@type\":\"BreadcrumbList\",\"@id\":\"https:\/\/annapimenta.pl\/oswiadczyny-kontakt\/#breadcrumb\",\"itemListElement\":[{\"@type\":\"ListItem\",\"position\":1,\"name\":\"Strona g\u0142\u00f3wna\",\"item\":\"https:\/\/annapimenta.pl\/\"},{\"@type\":\"ListItem\",\"position\":2,\"name\":\"Formularz kontaktowy\"}]},{\"@type\":\"WebSite\",\"@id\":\"https:\/\/annapimenta.pl\/#website\",\"url\":\"https:\/\/annapimenta.pl\/\",\"name\":\"Anna Pimenta Photography | Fotograf Krak\u00f3w\",\"description\":\"Fotograf Krak\u00f3w, fotograf na o\u015bwiadczyny, \u015blub plenerowy, \u015blub w plenerze, sesja narzecze\u0144ska, sesja ci\u0105\u017cowa\",\"publisher\":{\"@id\":\"https:\/\/annapimenta.pl\/#organization\"},\"potentialAction\":[{\"@type\":\"SearchAction\",\"target\":{\"@type\":\"EntryPoint\",\"urlTemplate\":\"https:\/\/annapimenta.pl\/?s={search_term_string}\"},\"query-input\":\"required name=search_term_string\"}],\"inLanguage\":\"en-US\"},{\"@type\":\"Organization\",\"@id\":\"https:\/\/annapimenta.pl\/#organization\",\"name\":\"Anna Pimenta Photography | Fotograf Krak\u00f3w\",\"url\":\"https:\/\/annapimenta.pl\/\",\"logo\":{\"@type\":\"ImageObject\",\"inLanguage\":\"en-US\",\"@id\":\"https:\/\/annapimenta.pl\/#\/schema\/logo\/image\/\",\"url\":\"https:\/\/annapimenta.pl\/wp-content\/uploads\/2017\/05\/Anna-Pimenta-Photography-Logo-Colour-BIG-white-square.png\",\"contentUrl\":\"https:\/\/annapimenta.pl\/wp-content\/uploads\/2017\/05\/Anna-Pimenta-Photography-Logo-Colour-BIG-white-square.png\",\"width\":4115,\"height\":3215,\"caption\":\"Anna Pimenta Photography | Fotograf Krak\u00f3w\"},\"image\":{\"@id\":\"https:\/\/annapimenta.pl\/#\/schema\/logo\/image\/\"},\"sameAs\":[\"https:\/\/www.facebook.com\/AnnaPimentaPhotography\/\",\"https:\/\/www.instagram.com\/anna_pimenta_photography\/\"]}]}<\/script>\n<!-- \/ Yoast SEO plugin. -->","yoast_head_json":{"title":"Formularz kontaktowy &mdash; Anna Pimenta Photography | Fotograf Krak\u00f3w","robots":{"index":"noindex","follow":"follow"},"og_locale":"en_US","og_type":"article","og_title":"Formularz kontaktowy &mdash; Anna Pimenta Photography | Fotograf Krak\u00f3w","og_description":"Cze\u015b\u0107! Super, \u017ce wybra\u0142e\u015b Krak\u00f3w na miejsce Twoich o\u015bwiadczyn! To naprawd\u0119 \u015bwietny wyb\u00f3r. :) Nie mog\u0119 si\u0119 doczeka\u0107, a\u017c razem zaczniemy przygotowywa\u0107 t\u0119 cudn\u0105 niespodziank\u0119 dla Twojej drugiej po\u0142\u00f3wki! Prosz\u0119 wype\u0142nij poni\u017cszy kr\u00f3tki formularz, dzi\u0119ki kt\u00f3remu dowiem si\u0119, jak mog\u0119 Ci pom\u00f3c. Odpisz\u0119 w 24 godziny. :) Polityka prywatno\u015bci","og_url":"https:\/\/annapimenta.pl\/en\/oswiadczyny-kontakt\/","og_site_name":"Anna Pimenta Photography | Fotograf Krak\u00f3w","article_publisher":"https:\/\/www.facebook.com\/AnnaPimentaPhotography\/","article_modified_time":"2023-03-21T11:01:57+00:00","twitter_card":"summary_large_image","twitter_misc":{"Est. reading time":"1 minute"},"schema":{"@context":"https:\/\/schema.org","@graph":[{"@type":"WebPage","@id":"https:\/\/annapimenta.pl\/oswiadczyny-kontakt\/","url":"https:\/\/annapimenta.pl\/oswiadczyny-kontakt\/","name":"Formularz kontaktowy &mdash; Anna Pimenta Photography | Fotograf Krak\u00f3w","isPartOf":{"@id":"https:\/\/annapimenta.pl\/#website"},"datePublished":"2020-02-11T17:08:40+00:00","dateModified":"2023-03-21T11:01:57+00:00","breadcrumb":{"@id":"https:\/\/annapimenta.pl\/oswiadczyny-kontakt\/#breadcrumb"},"inLanguage":"en-US","potentialAction":[{"@type":"ReadAction","target":["https:\/\/annapimenta.pl\/oswiadczyny-kontakt\/"]}]},{"@type":"BreadcrumbList","@id":"https:\/\/annapimenta.pl\/oswiadczyny-kontakt\/#breadcrumb","itemListElement":[{"@type":"ListItem","position":1,"name":"Strona g\u0142\u00f3wna","item":"https:\/\/annapimenta.pl\/"},{"@type":"ListItem","position":2,"name":"Formularz kontaktowy"}]},{"@type":"WebSite","@id":"https:\/\/annapimenta.pl\/#website","url":"https:\/\/annapimenta.pl\/","name":"Anna Pimenta Photography | Fotograf Krak\u00f3w","description":"Fotograf Krak\u00f3w, fotograf na o\u015bwiadczyny, \u015blub plenerowy, \u015blub w plenerze, sesja narzecze\u0144ska, sesja ci\u0105\u017cowa","publisher":{"@id":"https:\/\/annapimenta.pl\/#organization"},"potentialAction":[{"@type":"SearchAction","target":{"@type":"EntryPoint","urlTemplate":"https:\/\/annapimenta.pl\/?s={search_term_string}"},"query-input":"required name=search_term_string"}],"inLanguage":"en-US"},{"@type":"Organization","@id":"https:\/\/annapimenta.pl\/#organization","name":"Anna Pimenta Photography | Fotograf Krak\u00f3w","url":"https:\/\/annapimenta.pl\/","logo":{"@type":"ImageObject","inLanguage":"en-US","@id":"https:\/\/annapimenta.pl\/#\/schema\/logo\/image\/","url":"https:\/\/annapimenta.pl\/wp-content\/uploads\/2017\/05\/Anna-Pimenta-Photography-Logo-Colour-BIG-white-square.png","contentUrl":"https:\/\/annapimenta.pl\/wp-content\/uploads\/2017\/05\/Anna-Pimenta-Photography-Logo-Colour-BIG-white-square.png","width":4115,"height":3215,"caption":"Anna Pimenta Photography | Fotograf Krak\u00f3w"},"image":{"@id":"https:\/\/annapimenta.pl\/#\/schema\/logo\/image\/"},"sameAs":["https:\/\/www.facebook.com\/AnnaPimentaPhotography\/","https:\/\/www.instagram.com\/anna_pimenta_photography\/"]}]}},"_links":{"self":[{"href":"https:\/\/annapimenta.pl\/en\/wp-json\/wp\/v2\/pages\/2583","targetHints":{"allow":["GET"]}}],"collection":[{"href":"https:\/\/annapimenta.pl\/en\/wp-json\/wp\/v2\/pages"}],"about":[{"href":"https:\/\/annapimenta.pl\/en\/wp-json\/wp\/v2\/types\/page"}],"author":[{"embeddable":true,"href":"https:\/\/annapimenta.pl\/en\/wp-json\/wp\/v2\/users\/1"}],"replies":[{"embeddable":true,"href":"https:\/\/annapimenta.pl\/en\/wp-json\/wp\/v2\/comments?post=2583"}],"version-history":[{"count":6,"href":"https:\/\/annapimenta.pl\/en\/wp-json\/wp\/v2\/pages\/2583\/revisions"}],"predecessor-version":[{"id":5801,"href":"https:\/\/annapimenta.pl\/en\/wp-json\/wp\/v2\/pages\/2583\/revisions\/5801"}],"wp:attachment":[{"href":"https:\/\/annapimenta.pl\/en\/wp-json\/wp\/v2\/media?parent=2583"}],"curies":[{"name":"wp","href":"https:\/\/api.w.org\/{rel}","templated":true}]}}