{"id":17,"date":"2017-05-15T19:56:33","date_gmt":"2017-05-15T19:56:33","guid":{"rendered":"http:\/\/annapimenta.pl\/?page_id=17"},"modified":"2024-04-25T14:40:11","modified_gmt":"2024-04-25T13:40:11","slug":"kontakt","status":"publish","type":"page","link":"https:\/\/annapimenta.pl\/en\/kontakt\/","title":{"rendered":"Kontakt"},"content":{"rendered":"<p>Wy\u015blij mi maila lub skorzystaj z formularza poni\u017cej. W wiadomo\u015bci napisz prosz\u0119, o jak\u0105 sesj\u0119 chodzi, miasto lub lokalizacj\u0119, w kt\u00f3rej ma si\u0119 odby\u0107 oraz&nbsp;propozycj\u0119 termin\u00f3w. Je\u015bli masz ochot\u0119, napisz te\u017c co\u015b o uczestnikach sesji. :) Nie mog\u0119 si\u0119 doczeka\u0107, a\u017c Was poznam!<\/p>\n\n\n\n<figure class=\"wp-block-image size-large\"><img loading=\"lazy\" decoding=\"async\" width=\"168\" height=\"56\" src=\"https:\/\/annapimenta.pl\/wp-content\/uploads\/2020\/03\/fotograf_krakow_kontakt.jpg\" alt=\"\" class=\"wp-image-2641\"\/><\/figure>\n\n\n\n<p><strong>Jeste\u015b o kilka krok\u00f3w od bezcennej pami\u0105tki na lata:<\/strong> <br><br>1. Wysy\u0142asz zapytanie i w 24 godziny otrzymujesz szczeg\u00f3\u0142ow\u0105 ofert\u0119.<br>2. Ustalamy dat\u0119, przesy\u0142asz zadatek (200 z\u0142), rezerwuj\u0119 dla Was termin.<br>3. Wsp\u00f3lnie wybieramy lokalizacj\u0119, dziel\u0119 si\u0119 poradami i wskaz\u00f3wkami.<br>4. Spotykamy si\u0119 na sesji i dobrze si\u0119 bawimy. :)<br>5. Ty i Twoi najbli\u017csi cieszycie si\u0119 zdj\u0119ciami do ko\u0144ca \u017cycia. \u2665<\/p>\n\n\n\n<div style=\"height:7px\" aria-hidden=\"true\" class=\"wp-block-spacer\"><\/div>\n\n\n\n<p><strong>Planujesz o\u015bwiadczyny?<\/strong><\/p>\n\n\n\n<p>Je\u017celi interesuje Ci\u0119 <a aria-label=\" (otwiera si\u0119 na nowej zak\u0142adce)\" href=\"https:\/\/annapimenta.pl\/en\/fotografowanie-oswiadczyn-krakow-fotograf\/\" target=\"_blank\" rel=\"noreferrer noopener\">fotografowanie o\u015bwiadczyn<\/a>, <span style=\"text-decoration: underline;\"><a aria-label=\" (otwiera si\u0119 na nowej zak\u0142adce)\" href=\"https:\/\/annapimenta.pl\/en\/oswiadczyny-kontakt\/\" target=\"_blank\" rel=\"noreferrer noopener\"><strong>prosz\u0119 t\u0119dy<\/strong><\/a><\/span>.<\/p>\n\n\n\n<div style=\"height:20px\" aria-hidden=\"true\" class=\"wp-block-spacer\"><\/div>\n\n\n\n<blockquote class=\"wp-block-quote is-layout-flow wp-block-quote-is-layout-flow\">\n<p><em>\u201ePe\u0142en profesjonalizm, a przy tym nieziemskie podej\u015bcie do ka\u017cdego, przesympatyczna osoba! Nasza sesja by\u0142a cudownym prze\u017cyciem, a dzi\u0119ki Ani pi\u0119kne wspomnienia zostan\u0105 z nami na zawsze! Dzi\u0119kujemy i serdecznie polecamy!&#8221; <\/em><br>~ Karolina<\/p>\n<\/blockquote>\n\n\n\n<div style=\"height:38px\" aria-hidden=\"true\" class=\"wp-block-spacer\"><\/div>\n\n\n<div class=\"wpforms-container wpforms-container-full wpforms-block wpforms-block-a54884b1-5de6-4910-ad63-0e38999459e7\" id=\"wpforms-57\"><form id=\"wpforms-form-57\" class=\"wpforms-validate wpforms-form\" data-formid=\"57\" method=\"post\" enctype=\"multipart\/form-data\" action=\"\/en\/wp-json\/wp\/v2\/pages\/17\" data-token=\"57db637035a19d633cf37a6c476cf409\" data-token-time=\"1776289109\" data-trp-original-action=\"\/en\/wp-json\/wp\/v2\/pages\/17\"><noscript class=\"wpforms-error-noscript\">Please enable JavaScript in your browser to complete this form.<\/noscript><div class=\"wpforms-field-container\"><div id=\"wpforms-57-field_0-container\" class=\"wpforms-field wpforms-field-name\" data-field-id=\"0\"><label class=\"wpforms-field-label\" for=\"wpforms-57-field_0\">Wasze imiona <span class=\"wpforms-required-label\">*<\/span><\/label><input type=\"text\" id=\"wpforms-57-field_0\" class=\"wpforms-field-large wpforms-field-required\" name=\"wpforms[fields][0]\" required><\/div><div id=\"wpforms-57-field_1-container\" class=\"wpforms-field wpforms-field-email\" data-field-id=\"1\"><label class=\"wpforms-field-label\" for=\"wpforms-57-field_1\">E-mail <span class=\"wpforms-required-label\">*<\/span><\/label><input type=\"email\" id=\"wpforms-57-field_1\" class=\"wpforms-field-large wpforms-field-required\" name=\"wpforms[fields][1]\" spellcheck=\"false\" required><\/div><div id=\"wpforms-57-field_3-container\" class=\"wpforms-field wpforms-field-select wpforms-field-select-style-classic\" data-field-id=\"3\"><label class=\"wpforms-field-label\" for=\"wpforms-57-field_3\">Rodzaj sesji<\/label><select id=\"wpforms-57-field_3\" class=\"wpforms-field-large\" name=\"wpforms[fields][3]\"><option value=\"Sesja pary\"  selected='selected' class=\"choice-1 depth-1\"  >Sesja pary<\/option><option value=\"Sesja brzuszkowa\"  class=\"choice-3 depth-1\"  >Sesja brzuszkowa<\/option><option value=\"Sesja \u015blubna\"  class=\"choice-11 depth-1\"  >Sesja \u015blubna<\/option><option value=\"Sesja domowa noworodkowa (rodzice + noworodek)\"  class=\"choice-10 depth-1\"  >Sesja domowa noworodkowa (rodzice + noworodek)<\/option><option value=\"Sesja o\u015bwiadczyny-niespodzianka\"  class=\"choice-8 depth-1\"  >Sesja o\u015bwiadczyny-niespodzianka<\/option><option value=\"Sesja na prezent (bon podarunkowy)\"  class=\"choice-9 depth-1\"  >Sesja na prezent (bon podarunkowy)<\/option><\/select><\/div><div id=\"wpforms-57-field_2-container\" class=\"wpforms-field wpforms-field-textarea\" data-field-id=\"2\"><label class=\"wpforms-field-label\" for=\"wpforms-57-field_2\">Napiszcie mi co\u015b o Was. Ilu b\u0119dzie uczestnik\u00f3w sesji? Sesja w mie\u015bcie, w domu czy na \u0142onie natury? Jaki miesi\u0105c Was interesuje? :) <span class=\"wpforms-required-label\">*<\/span><\/label><textarea id=\"wpforms-57-field_2\" class=\"wpforms-field-large wpforms-field-required\" name=\"wpforms[fields][2]\" required><\/textarea><\/div><div id=\"wpforms-57-field_6-container\" class=\"wpforms-field wpforms-field-text\" data-field-id=\"6\"><label class=\"wpforms-field-label\" for=\"wpforms-57-field_6\">Jak do mnie trafili\u015bcie? :)<\/label><input type=\"text\" id=\"wpforms-57-field_6\" class=\"wpforms-field-large\" name=\"wpforms[fields][6]\" ><\/div><div id=\"wpforms-57-field_7-container\" class=\"wpforms-field wpforms-field-checkbox\" data-field-id=\"7\"><label class=\"wpforms-field-label\">Zgoda na przetwarzanie danych osobowych <span class=\"wpforms-required-label\">*<\/span><\/label><ul id=\"wpforms-57-field_7\" class=\"wpforms-field-required\"><li class=\"choice-1 depth-1\"><input type=\"checkbox\" id=\"wpforms-57-field_7_1\" name=\"wpforms[fields][7][]\" value=\"Wyra\u017cam zgod\u0119 na przetwarzanie moich danych osobowych przez APP Anna Pimenta (NIP 676 253 84 74) w celu otrzymywania drog\u0105 elektroniczn\u0105 informacji dotycz\u0105cych \u015bwiadczonych us\u0142ug.\" required><label class=\"wpforms-field-label-inline\" for=\"wpforms-57-field_7_1\">Wyra\u017cam zgod\u0119 na przetwarzanie moich danych osobowych przez APP Anna Pimenta (NIP 676 253 84 74) w celu otrzymywania drog\u0105 elektroniczn\u0105 informacji dotycz\u0105cych \u015bwiadczonych us\u0142ug.<\/label><\/li><\/ul><\/div><\/div><!-- .wpforms-field-container --><div class=\"wpforms-field wpforms-field-hp\"><label for=\"wpforms-57-field-hp\" class=\"wpforms-field-label\">Message<\/label><input type=\"text\" name=\"wpforms[hp]\" id=\"wpforms-57-field-hp\" class=\"wpforms-field-medium\"><\/div><div class=\"wpforms-submit-container\" ><input type=\"hidden\" name=\"wpforms[id]\" value=\"57\"><input type=\"hidden\" name=\"page_title\" value=\"\"><input type=\"hidden\" name=\"page_url\" value=\"https:\/\/annapimenta.pl\/en\/wp-json\/wp\/v2\/pages\/17\"><input type=\"hidden\" name=\"url_referer\" value=\"https:\/\/annapimenta.pl\/en\/kontakt\/\"><button type=\"submit\" name=\"wpforms[submit]\" id=\"wpforms-submit-57\" class=\"wpforms-submit\" data-alt-text=\"Wysy\u0142am...\" data-submit-text=\"Wy\u015blij\" aria-live=\"assertive\" value=\"wpforms-submit\">Wy\u015blij<\/button><\/div><input type=\"hidden\" name=\"trp-form-language\" value=\"en\"\/><\/form><\/div>  <!-- .wpforms-container -->\n\n\n<p class=\"has-text-align-center has-text-color\" style=\"color:#c0b7b7\"><span style=\"text-decoration: underline;\"><a href=\"https:\/\/annapimenta.pl\/en\/polityka-prywatnosci-kontakt-indywidualny\/\" target=\"_blank\" rel=\"noreferrer noopener\" aria-label=\"Polityka prywatno\u015bci (otwiera si\u0119 na nowej zak\u0142adce)\">Polityka prywatno\u015bci<\/a><\/span><\/p>","protected":false},"excerpt":{"rendered":"<p>Wy\u015blij mi maila lub skorzystaj z formularza poni\u017cej. W wiadomo\u015bci napisz prosz\u0119, o jak\u0105 sesj\u0119 chodzi, miasto lub lokalizacj\u0119, w kt\u00f3rej ma si\u0119 odby\u0107 oraz&nbsp;propozycj\u0119 termin\u00f3w. Je\u015bli masz ochot\u0119, napisz te\u017c co\u015b o uczestnikach sesji. :) Nie mog\u0119 si\u0119 doczeka\u0107, a\u017c Was poznam! Jeste\u015b o kilka krok\u00f3w od bezcennej pami\u0105tki na lata: 1. Wysy\u0142asz zapytanie [&hellip;]<\/p>","protected":false},"author":1,"featured_media":0,"parent":0,"menu_order":0,"comment_status":"closed","ping_status":"closed","template":"","meta":{"_monsterinsights_skip_tracking":false,"_monsterinsights_sitenote_active":false,"_monsterinsights_sitenote_note":"","_monsterinsights_sitenote_category":0,"footnotes":""},"class_list":["post-17","page","type-page","status-publish","hentry"],"yoast_head":"<!-- This site is optimized with the Yoast SEO plugin v20.4 - https:\/\/yoast.com\/wordpress\/plugins\/seo\/ -->\n<title>Kontakt &mdash; Anna Pimenta Photography | Fotograf Krak\u00f3w<\/title>\n<meta name=\"robots\" content=\"index, follow, max-snippet:-1, max-image-preview:large, max-video-preview:-1\" \/>\n<link rel=\"canonical\" href=\"https:\/\/annapimenta.pl\/en\/kontakt\/\" \/>\n<meta property=\"og:locale\" content=\"en_US\" \/>\n<meta property=\"og:type\" content=\"article\" \/>\n<meta property=\"og:title\" content=\"Kontakt &mdash; Anna Pimenta Photography | Fotograf Krak\u00f3w\" \/>\n<meta property=\"og:description\" content=\"Wy\u015blij mi maila lub skorzystaj z formularza poni\u017cej. W wiadomo\u015bci napisz prosz\u0119, o jak\u0105 sesj\u0119 chodzi, miasto lub lokalizacj\u0119, w kt\u00f3rej ma si\u0119 odby\u0107 oraz&nbsp;propozycj\u0119 termin\u00f3w. Je\u015bli masz ochot\u0119, napisz te\u017c co\u015b o uczestnikach sesji. :) Nie mog\u0119 si\u0119 doczeka\u0107, a\u017c Was poznam! Jeste\u015b o kilka krok\u00f3w od bezcennej pami\u0105tki na lata: 1. Wysy\u0142asz zapytanie [&hellip;]\" \/>\n<meta property=\"og:url\" content=\"https:\/\/annapimenta.pl\/en\/kontakt\/\" \/>\n<meta property=\"og:site_name\" content=\"Anna Pimenta Photography | Fotograf Krak\u00f3w\" \/>\n<meta property=\"article:publisher\" content=\"https:\/\/www.facebook.com\/AnnaPimentaPhotography\/\" \/>\n<meta property=\"article:modified_time\" content=\"2024-04-25T13:40:11+00:00\" \/>\n<meta property=\"og:image\" content=\"https:\/\/annapimenta.pl\/wp-content\/uploads\/2020\/03\/fotograf_krakow_kontakt.jpg\" \/>\n<meta name=\"twitter:card\" content=\"summary_large_image\" \/>\n<meta name=\"twitter:label1\" content=\"Est. reading time\" \/>\n\t<meta name=\"twitter:data1\" content=\"1 minute\" \/>\n<script type=\"application\/ld+json\" class=\"yoast-schema-graph\">{\"@context\":\"https:\/\/schema.org\",\"@graph\":[{\"@type\":\"WebPage\",\"@id\":\"https:\/\/annapimenta.pl\/kontakt\/\",\"url\":\"https:\/\/annapimenta.pl\/kontakt\/\",\"name\":\"Kontakt &mdash; Anna Pimenta Photography | Fotograf Krak\u00f3w\",\"isPartOf\":{\"@id\":\"https:\/\/annapimenta.pl\/#website\"},\"datePublished\":\"2017-05-15T19:56:33+00:00\",\"dateModified\":\"2024-04-25T13:40:11+00:00\",\"breadcrumb\":{\"@id\":\"https:\/\/annapimenta.pl\/kontakt\/#breadcrumb\"},\"inLanguage\":\"en-US\",\"potentialAction\":[{\"@type\":\"ReadAction\",\"target\":[\"https:\/\/annapimenta.pl\/kontakt\/\"]}]},{\"@type\":\"BreadcrumbList\",\"@id\":\"https:\/\/annapimenta.pl\/kontakt\/#breadcrumb\",\"itemListElement\":[{\"@type\":\"ListItem\",\"position\":1,\"name\":\"Strona g\u0142\u00f3wna\",\"item\":\"https:\/\/annapimenta.pl\/\"},{\"@type\":\"ListItem\",\"position\":2,\"name\":\"Kontakt\"}]},{\"@type\":\"WebSite\",\"@id\":\"https:\/\/annapimenta.pl\/#website\",\"url\":\"https:\/\/annapimenta.pl\/\",\"name\":\"Anna Pimenta Photography | Fotograf Krak\u00f3w\",\"description\":\"Fotograf Krak\u00f3w, fotograf na o\u015bwiadczyny, \u015blub plenerowy, \u015blub w plenerze, sesja narzecze\u0144ska, sesja ci\u0105\u017cowa\",\"publisher\":{\"@id\":\"https:\/\/annapimenta.pl\/#organization\"},\"potentialAction\":[{\"@type\":\"SearchAction\",\"target\":{\"@type\":\"EntryPoint\",\"urlTemplate\":\"https:\/\/annapimenta.pl\/?s={search_term_string}\"},\"query-input\":\"required name=search_term_string\"}],\"inLanguage\":\"en-US\"},{\"@type\":\"Organization\",\"@id\":\"https:\/\/annapimenta.pl\/#organization\",\"name\":\"Anna Pimenta Photography | Fotograf Krak\u00f3w\",\"url\":\"https:\/\/annapimenta.pl\/\",\"logo\":{\"@type\":\"ImageObject\",\"inLanguage\":\"en-US\",\"@id\":\"https:\/\/annapimenta.pl\/#\/schema\/logo\/image\/\",\"url\":\"https:\/\/annapimenta.pl\/wp-content\/uploads\/2017\/05\/Anna-Pimenta-Photography-Logo-Colour-BIG-white-square.png\",\"contentUrl\":\"https:\/\/annapimenta.pl\/wp-content\/uploads\/2017\/05\/Anna-Pimenta-Photography-Logo-Colour-BIG-white-square.png\",\"width\":4115,\"height\":3215,\"caption\":\"Anna Pimenta Photography | Fotograf Krak\u00f3w\"},\"image\":{\"@id\":\"https:\/\/annapimenta.pl\/#\/schema\/logo\/image\/\"},\"sameAs\":[\"https:\/\/www.facebook.com\/AnnaPimentaPhotography\/\",\"https:\/\/www.instagram.com\/anna_pimenta_photography\/\"]}]}<\/script>\n<!-- \/ Yoast SEO plugin. -->","yoast_head_json":{"title":"Kontakt &mdash; Anna Pimenta Photography | Fotograf Krak\u00f3w","robots":{"index":"index","follow":"follow","max-snippet":"max-snippet:-1","max-image-preview":"max-image-preview:large","max-video-preview":"max-video-preview:-1"},"canonical":"https:\/\/annapimenta.pl\/en\/kontakt\/","og_locale":"en_US","og_type":"article","og_title":"Kontakt &mdash; Anna Pimenta Photography | Fotograf Krak\u00f3w","og_description":"Wy\u015blij mi maila lub skorzystaj z formularza poni\u017cej. W wiadomo\u015bci napisz prosz\u0119, o jak\u0105 sesj\u0119 chodzi, miasto lub lokalizacj\u0119, w kt\u00f3rej ma si\u0119 odby\u0107 oraz&nbsp;propozycj\u0119 termin\u00f3w. Je\u015bli masz ochot\u0119, napisz te\u017c co\u015b o uczestnikach sesji. :) Nie mog\u0119 si\u0119 doczeka\u0107, a\u017c Was poznam! Jeste\u015b o kilka krok\u00f3w od bezcennej pami\u0105tki na lata: 1. Wysy\u0142asz zapytanie [&hellip;]","og_url":"https:\/\/annapimenta.pl\/en\/kontakt\/","og_site_name":"Anna Pimenta Photography | Fotograf Krak\u00f3w","article_publisher":"https:\/\/www.facebook.com\/AnnaPimentaPhotography\/","article_modified_time":"2024-04-25T13:40:11+00:00","og_image":[{"url":"https:\/\/annapimenta.pl\/wp-content\/uploads\/2020\/03\/fotograf_krakow_kontakt.jpg"}],"twitter_card":"summary_large_image","twitter_misc":{"Est. reading time":"1 minute"},"schema":{"@context":"https:\/\/schema.org","@graph":[{"@type":"WebPage","@id":"https:\/\/annapimenta.pl\/kontakt\/","url":"https:\/\/annapimenta.pl\/kontakt\/","name":"Kontakt &mdash; Anna Pimenta Photography | Fotograf Krak\u00f3w","isPartOf":{"@id":"https:\/\/annapimenta.pl\/#website"},"datePublished":"2017-05-15T19:56:33+00:00","dateModified":"2024-04-25T13:40:11+00:00","breadcrumb":{"@id":"https:\/\/annapimenta.pl\/kontakt\/#breadcrumb"},"inLanguage":"en-US","potentialAction":[{"@type":"ReadAction","target":["https:\/\/annapimenta.pl\/kontakt\/"]}]},{"@type":"BreadcrumbList","@id":"https:\/\/annapimenta.pl\/kontakt\/#breadcrumb","itemListElement":[{"@type":"ListItem","position":1,"name":"Strona g\u0142\u00f3wna","item":"https:\/\/annapimenta.pl\/"},{"@type":"ListItem","position":2,"name":"Kontakt"}]},{"@type":"WebSite","@id":"https:\/\/annapimenta.pl\/#website","url":"https:\/\/annapimenta.pl\/","name":"Anna Pimenta Photography | Fotograf Krak\u00f3w","description":"Fotograf Krak\u00f3w, fotograf na o\u015bwiadczyny, \u015blub plenerowy, \u015blub w plenerze, sesja narzecze\u0144ska, sesja ci\u0105\u017cowa","publisher":{"@id":"https:\/\/annapimenta.pl\/#organization"},"potentialAction":[{"@type":"SearchAction","target":{"@type":"EntryPoint","urlTemplate":"https:\/\/annapimenta.pl\/?s={search_term_string}"},"query-input":"required name=search_term_string"}],"inLanguage":"en-US"},{"@type":"Organization","@id":"https:\/\/annapimenta.pl\/#organization","name":"Anna Pimenta Photography | Fotograf Krak\u00f3w","url":"https:\/\/annapimenta.pl\/","logo":{"@type":"ImageObject","inLanguage":"en-US","@id":"https:\/\/annapimenta.pl\/#\/schema\/logo\/image\/","url":"https:\/\/annapimenta.pl\/wp-content\/uploads\/2017\/05\/Anna-Pimenta-Photography-Logo-Colour-BIG-white-square.png","contentUrl":"https:\/\/annapimenta.pl\/wp-content\/uploads\/2017\/05\/Anna-Pimenta-Photography-Logo-Colour-BIG-white-square.png","width":4115,"height":3215,"caption":"Anna Pimenta Photography | Fotograf Krak\u00f3w"},"image":{"@id":"https:\/\/annapimenta.pl\/#\/schema\/logo\/image\/"},"sameAs":["https:\/\/www.facebook.com\/AnnaPimentaPhotography\/","https:\/\/www.instagram.com\/anna_pimenta_photography\/"]}]}},"_links":{"self":[{"href":"https:\/\/annapimenta.pl\/en\/wp-json\/wp\/v2\/pages\/17","targetHints":{"allow":["GET"]}}],"collection":[{"href":"https:\/\/annapimenta.pl\/en\/wp-json\/wp\/v2\/pages"}],"about":[{"href":"https:\/\/annapimenta.pl\/en\/wp-json\/wp\/v2\/types\/page"}],"author":[{"embeddable":true,"href":"https:\/\/annapimenta.pl\/en\/wp-json\/wp\/v2\/users\/1"}],"replies":[{"embeddable":true,"href":"https:\/\/annapimenta.pl\/en\/wp-json\/wp\/v2\/comments?post=17"}],"version-history":[{"count":37,"href":"https:\/\/annapimenta.pl\/en\/wp-json\/wp\/v2\/pages\/17\/revisions"}],"predecessor-version":[{"id":6161,"href":"https:\/\/annapimenta.pl\/en\/wp-json\/wp\/v2\/pages\/17\/revisions\/6161"}],"wp:attachment":[{"href":"https:\/\/annapimenta.pl\/en\/wp-json\/wp\/v2\/media?parent=17"}],"curies":[{"name":"wp","href":"https:\/\/api.w.org\/{rel}","templated":true}]}}