{"id":1251,"date":"2019-01-24T12:58:51","date_gmt":"2019-01-24T11:58:51","guid":{"rendered":"http:\/\/annapimenta.pl\/?page_id=1251"},"modified":"2023-07-27T10:35:39","modified_gmt":"2023-07-27T09:35:39","slug":"zapytanie-reportaz-slubny","status":"publish","type":"page","link":"https:\/\/annapimenta.pl\/en\/zapytanie-reportaz-slubny\/","title":{"rendered":"Zapytanie o reporta\u017c \u015blubny"},"content":{"rendered":"<p class=\"has-text-align-center\">Cze\u015b\u0107! :) Bardzo si\u0119 ciesz\u0119, \u017ce bierzecie mnie pod uwag\u0119 w wyborze fotografa \u015blubnego! Abym mog\u0142a przes\u0142a\u0107 Wam szczeg\u00f3\u0142ow\u0105 ofert\u0119, prosz\u0119 wype\u0142nijcie formularz poni\u017cej. <\/p>\n\n\n\n<p class=\"has-text-align-center\"><strong>Gar\u015b\u0107 wa\u017cnych informacji:<\/strong><\/p>\n\n\n\n<p class=\"has-text-align-center\">Cena reporta\u017cu rozpoczyna si\u0119 od <strong>3900 z\u0142<\/strong>.<br>Fotografuj\u0119 <strong>\u015bluby w plenerze<\/strong>: cywilne, humanistyczne oraz symboliczne.<br>Przygotowania musz\u0105 odby\u0107 si\u0119 w tym samym miejscu co ceremonia.<br>Fotografuj\u0119 maksymalnie <strong>do godz. 22:00<\/strong> (uwierzcie mi, tyle wystarczy!). :)<\/p>\n\n\n\n<ul class=\"wp-block-list\"><\/ul>\n\n\n\n<div style=\"height:20px\" aria-hidden=\"true\" class=\"wp-block-spacer\"><\/div>\n\n\n\n<blockquote class=\"wp-block-quote is-layout-flow wp-block-quote-is-layout-flow\">\n<p><em>&#8222;Jeste\u015bmy po prostu zachwyceni naszymi fotografiami \u015blubnymi. Nie do\u015b\u0107, \u017ce dostali\u015bmy pierwsze fotki ju\u017c nast\u0119pnego dnia, to pozosta\u0142e zdj\u0119cia otrzymali\u015bmy ju\u017c trzy tygodnie po \u015blubie!!! Sztuka \u201c\u0142apania idealnego momentu\u201d zosta\u0142a przez Ani\u0119 opanowana na 100%, a zdj\u0119cia s\u0105 po prostu osza\u0142amiaj\u0105ce.&#8221;<\/em><\/p>\n<cite>~ Julia<\/cite><\/blockquote>\n\n\n\n<div style=\"height:20px\" aria-hidden=\"true\" class=\"wp-block-spacer\"><\/div>\n\n\n\n<div style=\"height:10px\" aria-hidden=\"true\" class=\"wp-block-spacer\"><\/div>\n\n\n\n<p class=\"has-text-align-center\"><strong>Nie mog\u0119 si\u0119 doczeka\u0107, a\u017c poznam Wasz\u0105 wizj\u0119 tego pi\u0119knego dnia! \u2661<\/strong><\/p>\n\n\n<div class=\"wpforms-container wpforms-container-full wpforms-block wpforms-block-bac968c6-fa23-4649-b9b9-ef858a005a03\" id=\"wpforms-1240\"><form id=\"wpforms-form-1240\" class=\"wpforms-validate wpforms-form\" data-formid=\"1240\" method=\"post\" enctype=\"multipart\/form-data\" action=\"\/en\/wp-json\/wp\/v2\/pages\/1251\" data-token=\"33aa245d6917bd12bc9a791d7c0da08f\" data-token-time=\"1775224099\" data-trp-original-action=\"\/en\/wp-json\/wp\/v2\/pages\/1251\"><noscript class=\"wpforms-error-noscript\">Please enable JavaScript in your browser to complete this form.<\/noscript><div class=\"wpforms-field-container\"><div id=\"wpforms-1240-field_0-container\" class=\"wpforms-field wpforms-field-name\" data-field-id=\"0\"><label class=\"wpforms-field-label\" for=\"wpforms-1240-field_0\">Wasze imiona <span class=\"wpforms-required-label\">*<\/span><\/label><input type=\"text\" id=\"wpforms-1240-field_0\" class=\"wpforms-field-large wpforms-field-required\" name=\"wpforms[fields][0]\" required><\/div><div id=\"wpforms-1240-field_1-container\" class=\"wpforms-field wpforms-field-email\" data-field-id=\"1\"><label class=\"wpforms-field-label\" for=\"wpforms-1240-field_1\">E-mail <span class=\"wpforms-required-label\">*<\/span><\/label><input type=\"email\" id=\"wpforms-1240-field_1\" class=\"wpforms-field-large wpforms-field-required\" name=\"wpforms[fields][1]\" spellcheck=\"false\" required><\/div><div id=\"wpforms-1240-field_3-container\" class=\"wpforms-field wpforms-field-text\" data-field-id=\"3\"><label class=\"wpforms-field-label\" for=\"wpforms-1240-field_3\">Data \u015blubu <span class=\"wpforms-required-label\">*<\/span><\/label><input type=\"text\" id=\"wpforms-1240-field_3\" class=\"wpforms-field-large wpforms-field-required\" name=\"wpforms[fields][3]\" required><\/div><div id=\"wpforms-1240-field_22-container\" class=\"wpforms-field wpforms-field-select wpforms-field-select-style-classic\" data-field-id=\"22\"><label class=\"wpforms-field-label\" for=\"wpforms-1240-field_22\">Rodzaj \u015blubu <span class=\"wpforms-required-label\">*<\/span><\/label><select id=\"wpforms-1240-field_22\" class=\"wpforms-field-large wpforms-field-required\" name=\"wpforms[fields][22]\" required=\"required\"><option value=\"Humanistyczny w plenerze\"  class=\"choice-1 depth-1\"  >Humanistyczny w plenerze<\/option><option value=\"Cywilny w plenerze\"  class=\"choice-2 depth-1\"  >Cywilny w plenerze<\/option><option value=\"Symboliczny w plenerze\"  class=\"choice-7 depth-1\"  >Symboliczny w plenerze<\/option><\/select><\/div><div id=\"wpforms-1240-field_19-container\" class=\"wpforms-field wpforms-field-text\" data-field-id=\"19\"><label class=\"wpforms-field-label\" for=\"wpforms-1240-field_19\">Miejsce przygotowa\u0144 <span class=\"wpforms-required-label\">*<\/span><\/label><input type=\"text\" id=\"wpforms-1240-field_19\" class=\"wpforms-field-large wpforms-field-required\" name=\"wpforms[fields][19]\" required><\/div><div id=\"wpforms-1240-field_10-container\" class=\"wpforms-field wpforms-field-text\" data-field-id=\"10\"><label class=\"wpforms-field-label\" for=\"wpforms-1240-field_10\">Miejsce ceremonii za\u015blubin (dok\u0142adna nazwa i adres) <span class=\"wpforms-required-label\">*<\/span><\/label><input type=\"text\" id=\"wpforms-1240-field_10\" class=\"wpforms-field-large wpforms-field-required\" name=\"wpforms[fields][10]\" required><\/div><div id=\"wpforms-1240-field_11-container\" class=\"wpforms-field wpforms-field-text\" data-field-id=\"11\"><label class=\"wpforms-field-label\" for=\"wpforms-1240-field_11\">Miejsce przyj\u0119cia (dok\u0142adna nazwa i adres). Je\u015bli nie macie jeszcze potwierdzonego miejsca przyj\u0119cia, prosz\u0119 aby\u015bcie wys\u0142ali zapytanie, gdy ju\u017c b\u0119dzie potwierdzone. :) <span class=\"wpforms-required-label\">*<\/span><\/label><input type=\"text\" id=\"wpforms-1240-field_11\" class=\"wpforms-field-large wpforms-field-required\" name=\"wpforms[fields][11]\" required><\/div><div id=\"wpforms-1240-field_12-container\" class=\"wpforms-field wpforms-field-text\" data-field-id=\"12\"><label class=\"wpforms-field-label\" for=\"wpforms-1240-field_12\">Mniej wi\u0119cej ilu go\u015bci przewidujecie na przyj\u0119ciu? <span class=\"wpforms-required-label\">*<\/span><\/label><input type=\"text\" id=\"wpforms-1240-field_12\" class=\"wpforms-field-large wpforms-field-required\" name=\"wpforms[fields][12]\" required><\/div><div id=\"wpforms-1240-field_6-container\" class=\"wpforms-field wpforms-field-text\" data-field-id=\"6\"><label class=\"wpforms-field-label\" for=\"wpforms-1240-field_6\">Ile godzin swojego dnia chcieliby\u015bcie udokumentowa\u0107 na zdj\u0119ciach? (koniecznie licz\u0105c od przygotowa\u0144, kt\u00f3re zaczynam fotografowa\u0107 na minimum 2 godziny przed wyj\u015bciem na ceremoni\u0119) <span class=\"wpforms-required-label\">*<\/span><\/label><input type=\"text\" id=\"wpforms-1240-field_6\" class=\"wpforms-field-large wpforms-field-required\" name=\"wpforms[fields][6]\" required><\/div><div id=\"wpforms-1240-field_14-container\" class=\"wpforms-field wpforms-field-text\" data-field-id=\"14\"><label class=\"wpforms-field-label\" for=\"wpforms-1240-field_14\">Jak do mnie trafili\u015bcie? :)<\/label><input type=\"text\" id=\"wpforms-1240-field_14\" class=\"wpforms-field-large\" name=\"wpforms[fields][14]\" ><\/div><div id=\"wpforms-1240-field_15-container\" class=\"wpforms-field wpforms-field-text\" data-field-id=\"15\"><label class=\"wpforms-field-label\" for=\"wpforms-1240-field_15\">Co szczeg\u00f3lnie spodoba\u0142o Wam si\u0119 w moich zdj\u0119ciach?<\/label><input type=\"text\" id=\"wpforms-1240-field_15\" class=\"wpforms-field-large\" name=\"wpforms[fields][15]\" ><\/div><div id=\"wpforms-1240-field_21-container\" class=\"wpforms-field wpforms-field-textarea\" data-field-id=\"21\"><label class=\"wpforms-field-label\" for=\"wpforms-1240-field_21\">Napiszcie co\u015b o sobie i o swoim \u015blubie. :) Czym si\u0119 zajmujecie, jak si\u0119 poznali\u015bcie? Jak wyobra\u017cacie sobie sw\u00f3j dzie\u0144? Jakich us\u0142ugodawc\u00f3w ju\u017c wybrali\u015bcie? W jakim stylu b\u0119dzie Wasze przyj\u0119cie? Jak\u0105 estetyk\u0119 lubicie? Im wi\u0119cej szczeg\u00f3\u0142\u00f3w, tym lepiej!  <span class=\"wpforms-required-label\">*<\/span><\/label><textarea id=\"wpforms-1240-field_21\" class=\"wpforms-field-medium wpforms-field-required\" name=\"wpforms[fields][21]\" required><\/textarea><\/div><div id=\"wpforms-1240-field_17-container\" class=\"wpforms-field wpforms-field-checkbox\" data-field-id=\"17\"><label class=\"wpforms-field-label\">Zgoda na przetwarzanie danych osobowych <span class=\"wpforms-required-label\">*<\/span><\/label><ul id=\"wpforms-1240-field_17\" class=\"wpforms-field-required\"><li class=\"choice-1 depth-1\"><input type=\"checkbox\" id=\"wpforms-1240-field_17_1\" name=\"wpforms[fields][17][]\" value=\"Wyra\u017cam zgod\u0119 na przetwarzanie moich danych osobowych przez firm\u0119 APP Anna Pimenta (NIP 676 253 84 74) w celu otrzymywania drog\u0105 elektroniczn\u0105 informacji dotycz\u0105cych \u015bwiadczonych us\u0142ug.\" required><label class=\"wpforms-field-label-inline\" for=\"wpforms-1240-field_17_1\">Wyra\u017cam zgod\u0119 na przetwarzanie moich danych osobowych przez firm\u0119 APP Anna Pimenta (NIP 676 253 84 74) w celu otrzymywania drog\u0105 elektroniczn\u0105 informacji dotycz\u0105cych \u015bwiadczonych us\u0142ug.<\/label><\/li><\/ul><\/div><\/div><!-- .wpforms-field-container --><div class=\"wpforms-field wpforms-field-hp\"><label for=\"wpforms-1240-field-hp\" class=\"wpforms-field-label\">Phone<\/label><input type=\"text\" name=\"wpforms[hp]\" id=\"wpforms-1240-field-hp\" class=\"wpforms-field-medium\"><\/div><div class=\"wpforms-submit-container\" ><input type=\"hidden\" name=\"wpforms[id]\" value=\"1240\"><input type=\"hidden\" name=\"page_title\" value=\"\"><input type=\"hidden\" name=\"page_url\" value=\"https:\/\/annapimenta.pl\/en\/wp-json\/wp\/v2\/pages\/1251\"><input type=\"hidden\" name=\"url_referer\" value=\"\"><button type=\"submit\" name=\"wpforms[submit]\" id=\"wpforms-submit-1240\" class=\"wpforms-submit\" data-alt-text=\"Wysy\u0142anie...\" data-submit-text=\"Wy\u015blij zapytanie\" aria-live=\"assertive\" value=\"wpforms-submit\">Wy\u015blij zapytanie<\/button><\/div><input type=\"hidden\" name=\"trp-form-language\" value=\"en\"\/><\/form><\/div>  <!-- .wpforms-container -->\n\n\n<p class=\"has-text-align-center has-text-color\" style=\"color:#c0b7b7\"><span style=\"text-decoration: underline;\"><a rel=\"noreferrer noopener\" aria-label=\"Polityka prywatno\u015bci (otwiera si\u0119 na nowej zak\u0142adce)\" href=\"https:\/\/annapimenta.pl\/en\/polityka-prywatnosci-kontakt-indywidualny\/\" target=\"_blank\">Polityka prywatno\u015bci<\/a><\/span><\/p>\n\n\n\n<figure class=\"wp-block-image\"><img loading=\"lazy\" decoding=\"async\" width=\"1000\" height=\"667\" src=\"http:\/\/annapimenta.pl\/wp-content\/uploads\/2019\/01\/Wedding_cracow_fotograf_slubny_krakow_slub_Kosciol_pw_Nawrocenia_sw_Paw\u0142a_anna_pimenta_photography-50-1.jpg\" alt=\"wedding photographer cracow\" class=\"wp-image-1202\" srcset=\"https:\/\/annapimenta.pl\/wp-content\/uploads\/2019\/01\/Wedding_cracow_fotograf_slubny_krakow_slub_Kosciol_pw_Nawrocenia_sw_Paw\u0142a_anna_pimenta_photography-50-1.jpg 1000w, https:\/\/annapimenta.pl\/wp-content\/uploads\/2019\/01\/Wedding_cracow_fotograf_slubny_krakow_slub_Kosciol_pw_Nawrocenia_sw_Paw\u0142a_anna_pimenta_photography-50-1-300x200.jpg 300w, https:\/\/annapimenta.pl\/wp-content\/uploads\/2019\/01\/Wedding_cracow_fotograf_slubny_krakow_slub_Kosciol_pw_Nawrocenia_sw_Paw\u0142a_anna_pimenta_photography-50-1-600x400.jpg 600w, https:\/\/annapimenta.pl\/wp-content\/uploads\/2019\/01\/Wedding_cracow_fotograf_slubny_krakow_slub_Kosciol_pw_Nawrocenia_sw_Paw\u0142a_anna_pimenta_photography-50-1-768x512.jpg 768w, https:\/\/annapimenta.pl\/wp-content\/uploads\/2019\/01\/Wedding_cracow_fotograf_slubny_krakow_slub_Kosciol_pw_Nawrocenia_sw_Paw\u0142a_anna_pimenta_photography-50-1-330x220.jpg 330w\" sizes=\"auto, (max-width: 1000px) 100vw, 1000px\" \/><\/figure>","protected":false},"excerpt":{"rendered":"<p>Cze\u015b\u0107! :) Bardzo si\u0119 ciesz\u0119, \u017ce bierzecie mnie pod uwag\u0119 w wyborze fotografa \u015blubnego! Abym mog\u0142a przes\u0142a\u0107 Wam szczeg\u00f3\u0142ow\u0105 ofert\u0119, prosz\u0119 wype\u0142nijcie formularz poni\u017cej. Gar\u015b\u0107 wa\u017cnych informacji: Cena reporta\u017cu rozpoczyna si\u0119 od 3900 z\u0142.Fotografuj\u0119 \u015bluby w plenerze: cywilne, humanistyczne oraz symboliczne.Przygotowania musz\u0105 odby\u0107 si\u0119 w tym samym miejscu co ceremonia.Fotografuj\u0119 maksymalnie do godz. 22:00 (uwierzcie [&hellip;]<\/p>","protected":false},"author":1,"featured_media":0,"parent":0,"menu_order":0,"comment_status":"closed","ping_status":"closed","template":"","meta":{"_monsterinsights_skip_tracking":false,"_monsterinsights_sitenote_active":false,"_monsterinsights_sitenote_note":"","_monsterinsights_sitenote_category":0,"footnotes":""},"class_list":["post-1251","page","type-page","status-publish","hentry"],"yoast_head":"<!-- This site is optimized with the Yoast SEO plugin v20.4 - https:\/\/yoast.com\/wordpress\/plugins\/seo\/ -->\n<title>Zapytanie o reporta\u017c \u015blubny &mdash; Anna Pimenta Photography | Fotograf Krak\u00f3w<\/title>\n<meta name=\"robots\" content=\"noindex, follow\" \/>\n<meta property=\"og:locale\" content=\"en_US\" \/>\n<meta property=\"og:type\" content=\"article\" \/>\n<meta property=\"og:title\" content=\"Zapytanie o reporta\u017c \u015blubny &mdash; Anna Pimenta Photography | Fotograf Krak\u00f3w\" \/>\n<meta property=\"og:description\" content=\"Cze\u015b\u0107! :) Bardzo si\u0119 ciesz\u0119, \u017ce bierzecie mnie pod uwag\u0119 w wyborze fotografa \u015blubnego! Abym mog\u0142a przes\u0142a\u0107 Wam szczeg\u00f3\u0142ow\u0105 ofert\u0119, prosz\u0119 wype\u0142nijcie formularz poni\u017cej. Gar\u015b\u0107 wa\u017cnych informacji: Cena reporta\u017cu rozpoczyna si\u0119 od 3900 z\u0142.Fotografuj\u0119 \u015bluby w plenerze: cywilne, humanistyczne oraz symboliczne.Przygotowania musz\u0105 odby\u0107 si\u0119 w tym samym miejscu co ceremonia.Fotografuj\u0119 maksymalnie do godz. 22:00 (uwierzcie [&hellip;]\" \/>\n<meta property=\"og:url\" content=\"https:\/\/annapimenta.pl\/en\/zapytanie-reportaz-slubny\/\" \/>\n<meta property=\"og:site_name\" content=\"Anna Pimenta Photography | Fotograf Krak\u00f3w\" \/>\n<meta property=\"article:publisher\" content=\"https:\/\/www.facebook.com\/AnnaPimentaPhotography\/\" \/>\n<meta property=\"article:modified_time\" content=\"2023-07-27T09:35:39+00:00\" \/>\n<meta name=\"twitter:card\" content=\"summary_large_image\" \/>\n<meta name=\"twitter:label1\" content=\"Est. reading time\" \/>\n\t<meta name=\"twitter:data1\" content=\"1 minute\" \/>\n<script type=\"application\/ld+json\" class=\"yoast-schema-graph\">{\"@context\":\"https:\/\/schema.org\",\"@graph\":[{\"@type\":\"WebPage\",\"@id\":\"https:\/\/annapimenta.pl\/zapytanie-reportaz-slubny\/\",\"url\":\"https:\/\/annapimenta.pl\/zapytanie-reportaz-slubny\/\",\"name\":\"Zapytanie o reporta\u017c \u015blubny &mdash; Anna Pimenta Photography | Fotograf Krak\u00f3w\",\"isPartOf\":{\"@id\":\"https:\/\/annapimenta.pl\/#website\"},\"datePublished\":\"2019-01-24T11:58:51+00:00\",\"dateModified\":\"2023-07-27T09:35:39+00:00\",\"breadcrumb\":{\"@id\":\"https:\/\/annapimenta.pl\/zapytanie-reportaz-slubny\/#breadcrumb\"},\"inLanguage\":\"en-US\",\"potentialAction\":[{\"@type\":\"ReadAction\",\"target\":[\"https:\/\/annapimenta.pl\/zapytanie-reportaz-slubny\/\"]}]},{\"@type\":\"BreadcrumbList\",\"@id\":\"https:\/\/annapimenta.pl\/zapytanie-reportaz-slubny\/#breadcrumb\",\"itemListElement\":[{\"@type\":\"ListItem\",\"position\":1,\"name\":\"Strona g\u0142\u00f3wna\",\"item\":\"https:\/\/annapimenta.pl\/\"},{\"@type\":\"ListItem\",\"position\":2,\"name\":\"Zapytanie o reporta\u017c \u015blubny\"}]},{\"@type\":\"WebSite\",\"@id\":\"https:\/\/annapimenta.pl\/#website\",\"url\":\"https:\/\/annapimenta.pl\/\",\"name\":\"Anna Pimenta Photography | Fotograf Krak\u00f3w\",\"description\":\"Fotograf Krak\u00f3w, fotograf na o\u015bwiadczyny, \u015blub plenerowy, \u015blub w plenerze, sesja narzecze\u0144ska, sesja ci\u0105\u017cowa\",\"publisher\":{\"@id\":\"https:\/\/annapimenta.pl\/#organization\"},\"potentialAction\":[{\"@type\":\"SearchAction\",\"target\":{\"@type\":\"EntryPoint\",\"urlTemplate\":\"https:\/\/annapimenta.pl\/?s={search_term_string}\"},\"query-input\":\"required name=search_term_string\"}],\"inLanguage\":\"en-US\"},{\"@type\":\"Organization\",\"@id\":\"https:\/\/annapimenta.pl\/#organization\",\"name\":\"Anna Pimenta Photography | Fotograf Krak\u00f3w\",\"url\":\"https:\/\/annapimenta.pl\/\",\"logo\":{\"@type\":\"ImageObject\",\"inLanguage\":\"en-US\",\"@id\":\"https:\/\/annapimenta.pl\/#\/schema\/logo\/image\/\",\"url\":\"https:\/\/annapimenta.pl\/wp-content\/uploads\/2017\/05\/Anna-Pimenta-Photography-Logo-Colour-BIG-white-square.png\",\"contentUrl\":\"https:\/\/annapimenta.pl\/wp-content\/uploads\/2017\/05\/Anna-Pimenta-Photography-Logo-Colour-BIG-white-square.png\",\"width\":4115,\"height\":3215,\"caption\":\"Anna Pimenta Photography | Fotograf Krak\u00f3w\"},\"image\":{\"@id\":\"https:\/\/annapimenta.pl\/#\/schema\/logo\/image\/\"},\"sameAs\":[\"https:\/\/www.facebook.com\/AnnaPimentaPhotography\/\",\"https:\/\/www.instagram.com\/anna_pimenta_photography\/\"]}]}<\/script>\n<!-- \/ Yoast SEO plugin. -->","yoast_head_json":{"title":"Zapytanie o reporta\u017c \u015blubny &mdash; Anna Pimenta Photography | Fotograf Krak\u00f3w","robots":{"index":"noindex","follow":"follow"},"og_locale":"en_US","og_type":"article","og_title":"Zapytanie o reporta\u017c \u015blubny &mdash; Anna Pimenta Photography | Fotograf Krak\u00f3w","og_description":"Cze\u015b\u0107! :) Bardzo si\u0119 ciesz\u0119, \u017ce bierzecie mnie pod uwag\u0119 w wyborze fotografa \u015blubnego! Abym mog\u0142a przes\u0142a\u0107 Wam szczeg\u00f3\u0142ow\u0105 ofert\u0119, prosz\u0119 wype\u0142nijcie formularz poni\u017cej. Gar\u015b\u0107 wa\u017cnych informacji: Cena reporta\u017cu rozpoczyna si\u0119 od 3900 z\u0142.Fotografuj\u0119 \u015bluby w plenerze: cywilne, humanistyczne oraz symboliczne.Przygotowania musz\u0105 odby\u0107 si\u0119 w tym samym miejscu co ceremonia.Fotografuj\u0119 maksymalnie do godz. 22:00 (uwierzcie [&hellip;]","og_url":"https:\/\/annapimenta.pl\/en\/zapytanie-reportaz-slubny\/","og_site_name":"Anna Pimenta Photography | Fotograf Krak\u00f3w","article_publisher":"https:\/\/www.facebook.com\/AnnaPimentaPhotography\/","article_modified_time":"2023-07-27T09:35:39+00:00","twitter_card":"summary_large_image","twitter_misc":{"Est. reading time":"1 minute"},"schema":{"@context":"https:\/\/schema.org","@graph":[{"@type":"WebPage","@id":"https:\/\/annapimenta.pl\/zapytanie-reportaz-slubny\/","url":"https:\/\/annapimenta.pl\/zapytanie-reportaz-slubny\/","name":"Zapytanie o reporta\u017c \u015blubny &mdash; Anna Pimenta Photography | Fotograf Krak\u00f3w","isPartOf":{"@id":"https:\/\/annapimenta.pl\/#website"},"datePublished":"2019-01-24T11:58:51+00:00","dateModified":"2023-07-27T09:35:39+00:00","breadcrumb":{"@id":"https:\/\/annapimenta.pl\/zapytanie-reportaz-slubny\/#breadcrumb"},"inLanguage":"en-US","potentialAction":[{"@type":"ReadAction","target":["https:\/\/annapimenta.pl\/zapytanie-reportaz-slubny\/"]}]},{"@type":"BreadcrumbList","@id":"https:\/\/annapimenta.pl\/zapytanie-reportaz-slubny\/#breadcrumb","itemListElement":[{"@type":"ListItem","position":1,"name":"Strona g\u0142\u00f3wna","item":"https:\/\/annapimenta.pl\/"},{"@type":"ListItem","position":2,"name":"Zapytanie o reporta\u017c \u015blubny"}]},{"@type":"WebSite","@id":"https:\/\/annapimenta.pl\/#website","url":"https:\/\/annapimenta.pl\/","name":"Anna Pimenta Photography | Fotograf Krak\u00f3w","description":"Fotograf Krak\u00f3w, fotograf na o\u015bwiadczyny, \u015blub plenerowy, \u015blub w plenerze, sesja narzecze\u0144ska, sesja ci\u0105\u017cowa","publisher":{"@id":"https:\/\/annapimenta.pl\/#organization"},"potentialAction":[{"@type":"SearchAction","target":{"@type":"EntryPoint","urlTemplate":"https:\/\/annapimenta.pl\/?s={search_term_string}"},"query-input":"required name=search_term_string"}],"inLanguage":"en-US"},{"@type":"Organization","@id":"https:\/\/annapimenta.pl\/#organization","name":"Anna Pimenta Photography | Fotograf Krak\u00f3w","url":"https:\/\/annapimenta.pl\/","logo":{"@type":"ImageObject","inLanguage":"en-US","@id":"https:\/\/annapimenta.pl\/#\/schema\/logo\/image\/","url":"https:\/\/annapimenta.pl\/wp-content\/uploads\/2017\/05\/Anna-Pimenta-Photography-Logo-Colour-BIG-white-square.png","contentUrl":"https:\/\/annapimenta.pl\/wp-content\/uploads\/2017\/05\/Anna-Pimenta-Photography-Logo-Colour-BIG-white-square.png","width":4115,"height":3215,"caption":"Anna Pimenta Photography | Fotograf Krak\u00f3w"},"image":{"@id":"https:\/\/annapimenta.pl\/#\/schema\/logo\/image\/"},"sameAs":["https:\/\/www.facebook.com\/AnnaPimentaPhotography\/","https:\/\/www.instagram.com\/anna_pimenta_photography\/"]}]}},"_links":{"self":[{"href":"https:\/\/annapimenta.pl\/en\/wp-json\/wp\/v2\/pages\/1251","targetHints":{"allow":["GET"]}}],"collection":[{"href":"https:\/\/annapimenta.pl\/en\/wp-json\/wp\/v2\/pages"}],"about":[{"href":"https:\/\/annapimenta.pl\/en\/wp-json\/wp\/v2\/types\/page"}],"author":[{"embeddable":true,"href":"https:\/\/annapimenta.pl\/en\/wp-json\/wp\/v2\/users\/1"}],"replies":[{"embeddable":true,"href":"https:\/\/annapimenta.pl\/en\/wp-json\/wp\/v2\/comments?post=1251"}],"version-history":[{"count":17,"href":"https:\/\/annapimenta.pl\/en\/wp-json\/wp\/v2\/pages\/1251\/revisions"}],"predecessor-version":[{"id":6010,"href":"https:\/\/annapimenta.pl\/en\/wp-json\/wp\/v2\/pages\/1251\/revisions\/6010"}],"wp:attachment":[{"href":"https:\/\/annapimenta.pl\/en\/wp-json\/wp\/v2\/media?parent=1251"}],"curies":[{"name":"wp","href":"https:\/\/api.w.org\/{rel}","templated":true}]}}